{"id":9413,"date":"2025-10-20T10:43:00","date_gmt":"2025-10-20T10:43:00","guid":{"rendered":"https:\/\/thanglongbeauty.vn\/?post_type=product&#038;p=9413"},"modified":"2026-01-13T09:15:37","modified_gmt":"2026-01-13T09:15:37","slug":"import-placeholder-for-8936217341464","status":"publish","type":"product","link":"https:\/\/thanglongbeauty.vn\/?product=import-placeholder-for-8936217341464","title":{"rendered":"H\u1ed9p N\u01b0\u1edbc Y\u1ebfn \u0110\u00f4ng Tr\u00f9ng MON NEST"},"content":{"rendered":"<p>,<\/p>\n","protected":false},"excerpt":{"rendered":"<p>,<\/p>\n","protected":false},"featured_media":7010,"comment_status":"open","ping_status":"closed","template":"","meta":[],"product_brand":[1572],"product_cat":[15,1764,1566],"product_tag":[1763,1760,1762,1761],"class_list":{"0":"post-9413","1":"product","2":"type-product","3":"status-publish","4":"has-post-thumbnail","6":"product_brand-mon-nest","7":"product_cat-chua-phan-loai","8":"product_cat-mon-nest","9":"product_cat-yen","10":"product_tag-moon-nest","11":"product_tag-yen","12":"product_tag-yen-hu","13":"product_tag-yen-xao","15":"first","16":"onbackorder","17":"shipping-taxable","18":"purchasable","19":"product-type-simple"},"acf":[],"_links":{"self":[{"href":"https:\/\/thanglongbeauty.vn\/index.php?rest_route=\/wp\/v2\/product\/9413","targetHints":{"allow":["GET"]}}],"collection":[{"href":"https:\/\/thanglongbeauty.vn\/index.php?rest_route=\/wp\/v2\/product"}],"about":[{"href":"https:\/\/thanglongbeauty.vn\/index.php?rest_route=\/wp\/v2\/types\/product"}],"replies":[{"embeddable":true,"href":"https:\/\/thanglongbeauty.vn\/index.php?rest_route=%2Fwp%2Fv2%2Fcomments&post=9413"}],"wp:featuredmedia":[{"embeddable":true,"href":"https:\/\/thanglongbeauty.vn\/index.php?rest_route=\/wp\/v2\/media\/7010"}],"wp:attachment":[{"href":"https:\/\/thanglongbeauty.vn\/index.php?rest_route=%2Fwp%2Fv2%2Fmedia&parent=9413"}],"wp:term":[{"taxonomy":"product_brand","embeddable":true,"href":"https:\/\/thanglongbeauty.vn\/index.php?rest_route=%2Fwp%2Fv2%2Fproduct_brand&post=9413"},{"taxonomy":"product_cat","embeddable":true,"href":"https:\/\/thanglongbeauty.vn\/index.php?rest_route=%2Fwp%2Fv2%2Fproduct_cat&post=9413"},{"taxonomy":"product_tag","embeddable":true,"href":"https:\/\/thanglongbeauty.vn\/index.php?rest_route=%2Fwp%2Fv2%2Fproduct_tag&post=9413"}],"curies":[{"name":"wp","href":"https:\/\/api.w.org\/{rel}","templated":true}]}}