{"id":9418,"date":"2025-10-20T10:43:00","date_gmt":"2025-10-20T10:43:00","guid":{"rendered":"https:\/\/thanglongbeauty.vn\/san-pham\/san-pham-77\/"},"modified":"2026-01-13T10:03:09","modified_gmt":"2026-01-13T10:03:09","slug":"san-pham-77","status":"publish","type":"product","link":"https:\/\/thanglongbeauty.vn\/?product=san-pham-77","title":{"rendered":"L\u1ecd N\u01b0\u1edbc Y\u1ebfn Kids H\u01b0\u01a1ng Vani SUN"},"content":{"rendered":"<p>Y\u1ebfn s\u00e0o cho b\u00e9 Sunnest 20% y\u1ebfn h\u01b0\u01a1ng Vani &#8211; Gi\u1ea3i ph\u00e1p gi\u00fap b\u00e9 th\u00f4ng minh cao l\u1edbn.<\/p>\n<p> Th\u00e0nh ph\u1ea7n: <\/p>\n<p> *N\u01b0\u1edbc tinh khi\u1ebft, y\u1ebfn s\u00e0o 16 %, \u0111\u01b0\u1eddng ph\u00e8n<\/p>\n<p> *Calcium, sodium Alginate.<\/p>\n<p> *Taurine, vitamin D3.<\/p>\n<p> C\u00f4ng d\u1ee5ng: <\/p>\n<p> *D\u00f9ng cho tr\u1ebb t\u1eeb 1 tu\u1ed5i tr\u1edf l\u00ean, y\u1ebfn s\u00e0o k\u1ebft h\u1ee3p c\u00f9ng canxi, c\u00e1c vitamin thi\u1ebft y\u1ebfu gi\u00fap x\u01b0\u01a1ng r\u0103ng ch\u1eafc kh\u1ecfe, t\u0103ng c\u01b0\u1eddng s\u1ee9c \u0111\u1ec1 kh\u00e1ng, t\u0103ng chi\u1ec1u cao. <\/p>\n<p> *B\u1ed5 sung d\u01b0\u1ee1ng ch\u1ea5t Taurine thi\u1ebft y\u1ebfu cho n\u00e3o v\u00e0 th\u1ecb l\u1ef1c c\u1ee7a tr\u1ebb nh\u1ecf, gi\u00fap tr\u1ebb th\u00f4ng minh h\u01a1n, ti\u1ebfp thu nhanh v\u00e0 h\u1ecdc gi\u1ecfi.<\/p>\n<p> *Y\u1ebfn s\u00e0o cho b\u00e9 th\u00edch h\u1ee3p v\u1edbi nh\u1eefng tr\u1ebb suy dinh d\u01b0\u1ee1ng, bi\u1ebfng \u0103n, g\u1ea7y \u1ed1m; tr\u1ebb c\u1ea7n b\u1ed5 sung d\u01b0\u1ee1ng ch\u1ea5t, c\u1ea3i thi\u1ec7n s\u1ef1 ph\u00e1t tri\u1ec3n b\u00ecnh th\u01b0\u1eddng c\u1ee7a c\u01a1 th\u1ec3 v\u00e0 tr\u00ed n\u00e3o, gi\u00fap tr\u1ebb th\u00f4ng minh cao l\u1edbn. Gi\u1ea3i ph\u00e1p t\u1ed1i \u01b0u cho b\u00e9.<\/p>\n<p> C\u00e1ch d\u00f9ng :<\/p>\n<p> * S\u1ea3n ph\u1ea9m d\u00f9ng u\u1ed1ng tr\u1ef1c ti\u1ebfp. L\u1eafc \u0111\u1ec1u tr\u01b0\u1edbc khi d\u00f9ng, ng\u00f4n h\u01a1n khi u\u1ed1ng l\u1ea1nh. Ng\u00e0y d\u00f9ng 1 -2 h\u1ee7.<\/p>\n<p> _ Quy c\u00e1ch s\u1ea3n ph\u1ea9m : M\u1ed7i l\u1ecd 70 ml, l\u1ed1c 6 l\u1ecd.<\/p>\n<p> _ H\u1ea1n s\u1eed d\u1ee5ng : 24 th\u00e1ng in tr\u00ean n\u1eafp l\u1ecd.<\/p>\n<p> _ Xu\u1ea5t x\u1ee9: s\u1ea3n xu\u1ea5t b\u1edfi CTY TNHH &#038; SX TH\u00c1I GIA NGUY\u1ec4N.<\/p>\n<p> _\u0110\u1ecba ch\u1ec9: 15 Nguy\u1ec5n Huy O\u00e1nh, H\u00f2a Xu\u00e2n, C\u1eadm L\u1ec7, \u0110\u00e3 N\u1eb5ng.<\/p>\n","protected":false},"excerpt":{"rendered":"<p>Y\u1ebfn s\u00e0o cho b\u00e9 Sunnest 20% y\u1ebfn h\u01b0\u01a1ng Vani &#8211; Gi\u1ea3i ph\u00e1p gi\u00fap b\u00e9 th\u00f4ng minh cao l\u1edbn. Th\u00e0nh ph\u1ea7n: *N\u01b0\u1edbc tinh khi\u1ebft, y\u1ebfn s\u00e0o 16 %, \u0111\u01b0\u1eddng ph\u00e8n *Calcium, sodium Alginate. *Taurine, vitamin D3. C\u00f4ng d\u1ee5ng: *D\u00f9ng cho tr\u1ebb t\u1eeb 1 tu\u1ed5i tr\u1edf l\u00ean, y\u1ebfn s\u00e0o k\u1ebft h\u1ee3p c\u00f9ng canxi, c\u00e1c vitamin thi\u1ebft y\u1ebfu&#8230;<\/p>\n","protected":false},"featured_media":6989,"comment_status":"open","ping_status":"closed","template":"","meta":[],"product_brand":[1570],"product_cat":[15,1765,1566],"product_tag":[1767,1760,1762,1761],"class_list":{"0":"post-9418","1":"product","2":"type-product","3":"status-publish","4":"has-post-thumbnail","6":"product_brand-sun-nest","7":"product_cat-chua-phan-loai","8":"product_cat-sun-nest","9":"product_cat-yen","10":"product_tag-sun-nest","11":"product_tag-yen","12":"product_tag-yen-hu","13":"product_tag-yen-xao","15":"first","16":"onbackorder","17":"shipping-taxable","18":"purchasable","19":"product-type-simple"},"acf":[],"_links":{"self":[{"href":"https:\/\/thanglongbeauty.vn\/index.php?rest_route=\/wp\/v2\/product\/9418","targetHints":{"allow":["GET"]}}],"collection":[{"href":"https:\/\/thanglongbeauty.vn\/index.php?rest_route=\/wp\/v2\/product"}],"about":[{"href":"https:\/\/thanglongbeauty.vn\/index.php?rest_route=\/wp\/v2\/types\/product"}],"replies":[{"embeddable":true,"href":"https:\/\/thanglongbeauty.vn\/index.php?rest_route=%2Fwp%2Fv2%2Fcomments&post=9418"}],"wp:featuredmedia":[{"embeddable":true,"href":"https:\/\/thanglongbeauty.vn\/index.php?rest_route=\/wp\/v2\/media\/6989"}],"wp:attachment":[{"href":"https:\/\/thanglongbeauty.vn\/index.php?rest_route=%2Fwp%2Fv2%2Fmedia&parent=9418"}],"wp:term":[{"taxonomy":"product_brand","embeddable":true,"href":"https:\/\/thanglongbeauty.vn\/index.php?rest_route=%2Fwp%2Fv2%2Fproduct_brand&post=9418"},{"taxonomy":"product_cat","embeddable":true,"href":"https:\/\/thanglongbeauty.vn\/index.php?rest_route=%2Fwp%2Fv2%2Fproduct_cat&post=9418"},{"taxonomy":"product_tag","embeddable":true,"href":"https:\/\/thanglongbeauty.vn\/index.php?rest_route=%2Fwp%2Fv2%2Fproduct_tag&post=9418"}],"curies":[{"name":"wp","href":"https:\/\/api.w.org\/{rel}","templated":true}]}}