{"id":9422,"date":"2025-10-20T10:43:01","date_gmt":"2025-10-20T10:43:01","guid":{"rendered":"https:\/\/thanglongbeauty.vn\/san-pham\/san-pham-81\/"},"modified":"2026-01-13T09:14:51","modified_gmt":"2026-01-13T09:14:51","slug":"san-pham-81","status":"publish","type":"product","link":"https:\/\/thanglongbeauty.vn\/?product=san-pham-81","title":{"rendered":"H\u1ed9p N\u01b0\u1edbc Y\u1ebfn S\u00e0o Sunnest C\u00f3 \u0110\u01b0\u1eddng"},"content":{"rendered":"<p>L\u1ed0C 6 H\u1ee6 Y\u1ebeN S\u00c0O CAO C\u1ea4P SUNNEST 20% Y\u1ebeN S\u00c0O<\/p>\n<p> L\u01b0u \u00fd:<\/p>\n<p> * L\u1ed1c Y\u1ebfn S\u00e0o Sunnest ch\u01b0ng \u0111\u01b0\u1eddng ph\u00e8n l\u1ed1c 6 l\u1ecd (70ml\/1 l\u1ecd) c\u00f3 quai x\u00e1ch nh\u01b0 h\u00ecnh mini nh\u1ecf g\u1ecdn ti\u1ebft ki\u1ec7m chi ph\u00ed v\u1eadn chuy\u1ec3n.<\/p>\n<p> T\u00e1c d\u1ee5ng c\u1ee7a s\u1ea3n ph\u1ea9m:<\/p>\n<p> * C\u00f3 t\u00e1c d\u1ee5ng l\u00e0m s\u1ea1ch ph\u1ed5i v\u00e0 c\u01a1 quan h\u00f4 h\u1ea5p, t\u0103ng c\u01b0\u1eddng s\u1ee9c kh\u1ecfe, n\u00e2ng cao th\u1ec3 tr\u1ea1ng, gi\u00fap l\u00e0m gi\u1ea3m c\u00e1c tri\u1ec7u ch\u1ee9ng d\u1ecb \u1ee9ng kh\u00f4ng g\u00e2y t\u0103ng c\u00e2n.<\/p>\n<p> * H\u1ed7 tr\u1ee3 h\u1ed3i ph\u1ee5c s\u1ee9c kh\u1ecfe cho ng\u01b0\u1eddi b\u1ec7nh, sau ph\u1eabu thu\u1eadt v\u00e0 ng\u01b0\u1eddi cao tu\u1ed5i..<\/p>\n<p> * Y\u1ebfn s\u00e0o c\u00f3 c\u00f3 t\u00e1c d\u1ee5ng l\u00e0m s\u1ea1ch ph\u1ed5i v\u00e0 c\u01a1 quan h\u00f4 h\u1ea5p, l\u00e0m gi\u1ea3m b\u1ec7nh c\u00fam, c\u00e1c tri\u1ec7u ch\u1ee9ng d\u1ecb \u1ee9ng nh\u01b0ng l\u1ea1i kh\u00f4ng l\u00e0m t\u0103ng c\u00e2n.<\/p>\n<p> * S\u1ea3n ph\u1ea9m h\u1ed7 tr\u1ee3 t\u0103ng c\u01b0\u1eddng kh\u1ea3 n\u0103ng ho\u1ea1t \u0111\u1ed9ng th\u1ec3 l\u1ef1c v\u00e0 ph\u1ea3n x\u1ea1 th\u1ea7n kinh, t\u0103ng s\u1ed1 l\u01b0\u1ee3ng h\u1ed3ng c\u1ea7u, \u0111i\u1ec1u h\u00f2a huy\u1ebft s\u1eafc t\u1ed1 trong c\u01a1 th\u1ec3.Y\u1ebfn s\u00e0o Sunnest ch\u01b0ng \u0111\u01b0\u1eddng ph\u00e8n h\u1ed9p 6 l\u1ecd c\u00f2n t\u0103ng c\u01b0\u1eddng k\u00edch th\u00edch sinh tr\u01b0\u1edfng cho t\u1ebf b\u00e0o, ch\u1ed1ng l\u00e3o h\u00f3a.<\/p>\n<p> * Y\u1ebfn s\u00e0o Sunnest ch\u01b0ng \u0111\u01b0\u1eddng ph\u00e8n th\u00edch h\u1ee3p cho m\u1ecdi \u0111\u1ed1i t\u01b0\u1ee3ng.Y\u1ebfn s\u00e0o Sunnest ch\u01b0ng \u0111\u01b0\u1eddng ph\u00e8n m\u00f3n qu\u00e0 c\u00f3 \u00fd ngh\u0129a d\u00e0nh t\u1eb7ng cho ng\u01b0\u1eddi th\u00e2n v\u00e0 b\u1ea1n b\u00e8.<\/p>\n<p> SHOP CAM K\u1ebeT:<br \/>\n *S\u1ea3n ph\u1ea9m h\u1ea1n s\u1eed d\u1ee5ng c\u00f2n xa.<\/p>\n<p> *Kh\u00e1ch h\u00e0ng c\u00f3 quy\u1ec1n \u0111\u1ed5i tr\u1ea3 h\u00e0ng n\u1ebfu s\u1ea3n ph\u1ea9m b\u1ecb l\u1ed7i do nh\u00e0 s\u1ea3n xu\u1ea5t.<\/p>\n<p> *Y\u1ebfn s\u00e0o Sunnest ch\u01b0ng \u0111\u01b0\u1eddng ph\u00e8n \u0111\u1ea3m b\u1ea3o gi\u1eef \u0111\u01b0\u1ee3c \u0111\u1ea7y \u0111\u1ee7 th\u00e0nh ph\u1ea9n dinh d\u01b0\u1ee1ng c\u00f3 trong t\u1ed5 y\u1ebfn.<\/p>\n<p> *Y\u1ebfn s\u00e0o Sunnest ch\u01b0ng \u0111\u01b0\u1eddng l\u1ecd l\u00e0 s\u1ea3n ph\u1ea9m b\u1ed5 d\u01b0\u1ee1ng t\u1ed1t cho s\u1ee9c kh\u1ecfe. S\u1ea3n ph\u1ea9m \u0111\u01b0\u1ee3c ch\u1ebf bi\u1ebfn theo quy tr\u00ecnh nghi\u00eam ng\u1eb7t \u0111\u1ea3m b\u1ea3o v\u1ec7 sinh v\u00e0 ch\u1ea5t l\u01b0\u1ee3ng an to\u00e0n th\u1ef1c ph\u1ea9m, \u0111\u01b0\u1ee3c chi\u1ebft xu\u1ea5t t\u1eeb y\u1ebfn s\u00e0o thi\u00ean nhi\u00ean nguy\u00ean ch\u1ea5t.<\/p>\n<p> *Giao h\u00e0ng nhanh ch\u00f3ng.<\/p>\n<p> *T\u01b0 v\u1ea5n mi\u1ec5n ph\u00ed v\u1ec1 s\u1ea3n ph\u1ea9m 24h\/7ng\u00e0y trong tu\u1ea7n.<\/p>\n<p> C\u00e1ch d\u00f9ng:<\/p>\n<p> &#8211; L\u1eafc nh\u1eb9 tr\u01b0\u1edbc khi u\u1ed1ng, ngon h\u01a1n khi u\u1ed1ng l\u1ea1nh, tr\u00e1nh \u0111un n\u00f3ng s\u1ea3n ph\u1ea9m tr\u01b0\u1edbc khi s\u1eed d\u1ee5ng.<\/p>\n<p> &#8211; U\u1ed1ng tr\u1ef1c ti\u1ebfp t\u1eeb l\u1ecd.<\/p>\n<p> &#8211; U\u1ed1ng t\u1eeb 1 -2 l\u1ecd\/ng\u00e0y.<\/p>\n<p> &#8211; Th\u00edch h\u1ee3p cho m\u1ecdi \u0111\u1ed9 tu\u1ed5i.<\/p>\n<p> &#8211; Ph\u1ea3i s\u1eed d\u1ee5ng h\u1ebft khi \u0111\u00e3 m\u1edf n\u1eafp.<\/p>\n<p> B\u1ea3o qu\u1ea3n \u1edf nhi\u1ec7t \u0111\u1ed9 th\u01b0\u1eddng, t\u1ea1i n\u01a1i kh\u00f4 r\u00e1o, tho\u00e1ng m\u00e1t.<\/p>\n<p> Xu\u1ea5t x\u1ee9:<\/p>\n<p> S\u1ea3n xu\u1ea5t t\u1ea1i c\u00f4ng ty TNHH SX TM Th\u00e1i Gia Nguy\u1ec5n, 1<\/p>\n","protected":false},"excerpt":{"rendered":"<p>L\u1ed0C 6 H\u1ee6 Y\u1ebeN S\u00c0O CAO C\u1ea4P SUNNEST 20% Y\u1ebeN S\u00c0O L\u01b0u \u00fd: * L\u1ed1c Y\u1ebfn S\u00e0o Sunnest ch\u01b0ng \u0111\u01b0\u1eddng ph\u00e8n l\u1ed1c 6 l\u1ecd (70ml\/1 l\u1ecd) c\u00f3 quai x\u00e1ch nh\u01b0 h\u00ecnh mini nh\u1ecf g\u1ecdn ti\u1ebft ki\u1ec7m chi ph\u00ed v\u1eadn chuy\u1ec3n. T\u00e1c d\u1ee5ng c\u1ee7a s\u1ea3n ph\u1ea9m: * C\u00f3 t\u00e1c d\u1ee5ng l\u00e0m s\u1ea1ch ph\u1ed5i v\u00e0 c\u01a1 quan&#8230;<\/p>\n","protected":false},"featured_media":7003,"comment_status":"open","ping_status":"closed","template":"","meta":[],"product_brand":[1570],"product_cat":[15,1765,1566],"product_tag":[1767,1766,1760,1761],"class_list":{"0":"post-9422","1":"product","2":"type-product","3":"status-publish","4":"has-post-thumbnail","6":"product_brand-sun-nest","7":"product_cat-chua-phan-loai","8":"product_cat-sun-nest","9":"product_cat-yen","10":"product_tag-sun-nest","11":"product_tag-ye-hu","12":"product_tag-yen","13":"product_tag-yen-xao","15":"first","16":"onbackorder","17":"shipping-taxable","18":"purchasable","19":"product-type-simple"},"acf":[],"_links":{"self":[{"href":"https:\/\/thanglongbeauty.vn\/index.php?rest_route=\/wp\/v2\/product\/9422","targetHints":{"allow":["GET"]}}],"collection":[{"href":"https:\/\/thanglongbeauty.vn\/index.php?rest_route=\/wp\/v2\/product"}],"about":[{"href":"https:\/\/thanglongbeauty.vn\/index.php?rest_route=\/wp\/v2\/types\/product"}],"replies":[{"embeddable":true,"href":"https:\/\/thanglongbeauty.vn\/index.php?rest_route=%2Fwp%2Fv2%2Fcomments&post=9422"}],"wp:featuredmedia":[{"embeddable":true,"href":"https:\/\/thanglongbeauty.vn\/index.php?rest_route=\/wp\/v2\/media\/7003"}],"wp:attachment":[{"href":"https:\/\/thanglongbeauty.vn\/index.php?rest_route=%2Fwp%2Fv2%2Fmedia&parent=9422"}],"wp:term":[{"taxonomy":"product_brand","embeddable":true,"href":"https:\/\/thanglongbeauty.vn\/index.php?rest_route=%2Fwp%2Fv2%2Fproduct_brand&post=9422"},{"taxonomy":"product_cat","embeddable":true,"href":"https:\/\/thanglongbeauty.vn\/index.php?rest_route=%2Fwp%2Fv2%2Fproduct_cat&post=9422"},{"taxonomy":"product_tag","embeddable":true,"href":"https:\/\/thanglongbeauty.vn\/index.php?rest_route=%2Fwp%2Fv2%2Fproduct_tag&post=9422"}],"curies":[{"name":"wp","href":"https:\/\/api.w.org\/{rel}","templated":true}]}}