{"id":9434,"date":"2025-10-20T11:05:13","date_gmt":"2025-10-20T11:05:13","guid":{"rendered":"https:\/\/thanglongbeauty.vn\/?post_type=product&#038;p=9434"},"modified":"2025-10-21T09:42:36","modified_gmt":"2025-10-21T09:42:36","slug":"bong-tay-trang-skinlover-150-mieng","status":"publish","type":"product","link":"https:\/\/thanglongbeauty.vn\/?product=bong-tay-trang-skinlover-150-mieng","title":{"rendered":"B\u00f4ng t\u1ea9y trang Skinlover 150 Mi\u1ebfng Cao C\u1ea5p"},"content":{"rendered":"<p>B\u00f4ng t\u1ea9y trang Skinlovers l\u00e0 s\u1ea3n ph\u1ea9m b\u00f4ng t\u1ea9y trang \u0111\u01b0\u1ee3c s\u1ea3n xu\u1ea5t t\u1eeb 100% b\u00f4ng t\u1ef1 nhi\u00ean tr\u00ean d\u00e2y chuy\u1ec1n c\u00f4ng ngh\u1ec7 hi\u1ec7n \u0111\u1ea1i, ch\u1ea5t l\u01b0\u1ee3ng b\u00f4ng \u0111\u1ea1t chu\u1ea9n EU gi\u00fap t\u1ea9y trang v\u00e0 l\u00e0m s\u1ea1ch m\u1ecdi b\u1ee5i b\u1ea9n b\u00e1m tr\u00ean da. Nh\u1eefng mi\u1ebfng b\u00f4ng Skinlovers c\u00f3 h\u00ecnh tr\u00f2n, \u0111\u01b0\u1ee3c d\u1ec7t th\u00e0nh hai m\u1eb7t v\u00e0 \u0111\u00f3ng g\u00f3i trong t\u00fai, c\u00f3 d\u00e2y r\u00fat r\u1ea5t ti\u1ec7n l\u1ee3i v\u00e0 \u0111\u1ea3m b\u1ea3o v\u1ec7 sinh cho ng\u01b0\u1eddi s\u1eed d\u1ee5ng. \u0110\u1eb7c bi\u1ec7t, m\u1ed7i mi\u1ebfng b\u00f4ng c\u00f3 \u0111\u1ed9 d\u00e0y v\u1eeba ph\u1ea3i, \u0111\u01b0\u1ee3c ch\u1ea5m vi\u1ec1n m\u00e9p, r\u1ea5t m\u1ec1m m\u1ecbn nh\u1eb9 nh\u00e0ng ch\u0103m s\u00f3c da, kh\u00f4ng \u0111\u1ec3 l\u1ea1i x\u01a1 b\u00f4ng v\u00e0 kh\u00f4ng g\u00e2y t\u1ed1n dung d\u1ecbch.<br \/>\nV\u1edbi thi\u1ebft k\u1ebf sang tr\u1ecdng, <strong>b\u00f4ng t\u1ea9y trang Skinlovers<\/strong> ng\u00e0y c\u00e0ng \u0111\u01b0\u1ee3c \u01b0a chu\u1ed9ng v\u1edbi th\u00e0nh ph\u1ea7n an to\u00e0n, kh\u00f4ng pha nilon n\u00ean an to\u00e0n cho m\u1ecdi lo\u1ea1i da, d\u00f9 l\u00e0 l\u00e0n da m\u1ee5n hay da nh\u1ea1y c\u1ea3m.<\/p>\n<p><a href=\"https:\/\/thanglongbeauty.vn\/wp-content\/uploads\/2025\/10\/bong-tay-trang-skinlover-150-mieng-2.png\"><img loading=\"lazy\" decoding=\"async\" class=\"alignnone size-medium wp-image-9602\" src=\"https:\/\/thanglongbeauty.vn\/wp-content\/uploads\/2025\/10\/bong-tay-trang-skinlover-150-mieng-2-300x300.png\" alt=\"\" width=\"300\" height=\"300\" srcset=\"https:\/\/thanglongbeauty.vn\/wp-content\/uploads\/2025\/10\/bong-tay-trang-skinlover-150-mieng-2-300x300.png 300w, https:\/\/thanglongbeauty.vn\/wp-content\/uploads\/2025\/10\/bong-tay-trang-skinlover-150-mieng-2-150x150.png 150w, https:\/\/thanglongbeauty.vn\/wp-content\/uploads\/2025\/10\/bong-tay-trang-skinlover-150-mieng-2-768x768.png 768w, https:\/\/thanglongbeauty.vn\/wp-content\/uploads\/2025\/10\/bong-tay-trang-skinlover-150-mieng-2-600x600.png 600w, https:\/\/thanglongbeauty.vn\/wp-content\/uploads\/2025\/10\/bong-tay-trang-skinlover-150-mieng-2-100x100.png 100w, https:\/\/thanglongbeauty.vn\/wp-content\/uploads\/2025\/10\/bong-tay-trang-skinlover-150-mieng-2-64x64.png 64w, https:\/\/thanglongbeauty.vn\/wp-content\/uploads\/2025\/10\/bong-tay-trang-skinlover-150-mieng-2.png 1000w\" sizes=\"auto, (max-width: 300px) 100vw, 300px\" \/><\/a><a href=\"https:\/\/thanglongbeauty.vn\/wp-content\/uploads\/2025\/10\/bong-tay-trang-skinlover-80-mieng-5.png\"><img loading=\"lazy\" decoding=\"async\" class=\"alignnone size-medium wp-image-9600\" src=\"https:\/\/thanglongbeauty.vn\/wp-content\/uploads\/2025\/10\/bong-tay-trang-skinlover-80-mieng-5-300x300.png\" alt=\"\" width=\"300\" height=\"300\" srcset=\"https:\/\/thanglongbeauty.vn\/wp-content\/uploads\/2025\/10\/bong-tay-trang-skinlover-80-mieng-5-300x300.png 300w, https:\/\/thanglongbeauty.vn\/wp-content\/uploads\/2025\/10\/bong-tay-trang-skinlover-80-mieng-5-150x150.png 150w, https:\/\/thanglongbeauty.vn\/wp-content\/uploads\/2025\/10\/bong-tay-trang-skinlover-80-mieng-5-768x768.png 768w, https:\/\/thanglongbeauty.vn\/wp-content\/uploads\/2025\/10\/bong-tay-trang-skinlover-80-mieng-5-600x600.png 600w, https:\/\/thanglongbeauty.vn\/wp-content\/uploads\/2025\/10\/bong-tay-trang-skinlover-80-mieng-5-100x100.png 100w, https:\/\/thanglongbeauty.vn\/wp-content\/uploads\/2025\/10\/bong-tay-trang-skinlover-80-mieng-5-64x64.png 64w, https:\/\/thanglongbeauty.vn\/wp-content\/uploads\/2025\/10\/bong-tay-trang-skinlover-80-mieng-5.png 1000w\" sizes=\"auto, (max-width: 300px) 100vw, 300px\" \/><\/a><\/p>\n<h3>C\u00f4ng d\u1ee5ng B\u00f4ng t\u1ea9y trang Skinlovers:<\/h3>\n<p>&#8211; T\u1ea9y s\u1ea1ch c\u00e1c l\u1edbp b\u1ee5i b\u1ea9n, makeup v\u00e0 d\u1ea7u th\u1eeba b\u00e1m tr\u00ean b\u1ec1 m\u1eb7t da.<br \/>\n&#8211; Gi\u00fap s\u1ea1ch da v\u00e0 th\u00f4ng tho\u00e1ng l\u1ed7 ch\u00e2n l\u00f4ng.<br \/>\n&#8211; C\u00f3 th\u1ec3 d\u00f9ng thay gi\u1ea5y th\u1ea5m d\u1ea7u.<br \/>\n&#8211; K\u1ebft h\u1ee3p v\u1edbi lotion \u0111\u1ec3 l\u00e0m m\u1eb7t n\u1ea1.<br \/>\nTh\u00e0nh ph\u1ea7n: 100% cotton<\/p>\n<p><a href=\"https:\/\/thanglongbeauty.vn\/wp-content\/uploads\/2025\/10\/bong-tay-trang-mong-skinlover-150-mieng.png\"><img loading=\"lazy\" decoding=\"async\" class=\"size-medium wp-image-9608 aligncenter\" src=\"https:\/\/thanglongbeauty.vn\/wp-content\/uploads\/2025\/10\/bong-tay-trang-mong-skinlover-150-mieng-300x169.png\" alt=\"\" width=\"300\" height=\"169\" srcset=\"https:\/\/thanglongbeauty.vn\/wp-content\/uploads\/2025\/10\/bong-tay-trang-mong-skinlover-150-mieng-300x169.png 300w, https:\/\/thanglongbeauty.vn\/wp-content\/uploads\/2025\/10\/bong-tay-trang-mong-skinlover-150-mieng-1024x576.png 1024w, https:\/\/thanglongbeauty.vn\/wp-content\/uploads\/2025\/10\/bong-tay-trang-mong-skinlover-150-mieng-768x432.png 768w, https:\/\/thanglongbeauty.vn\/wp-content\/uploads\/2025\/10\/bong-tay-trang-mong-skinlover-150-mieng-600x337.png 600w, https:\/\/thanglongbeauty.vn\/wp-content\/uploads\/2025\/10\/bong-tay-trang-mong-skinlover-150-mieng-64x36.png 64w, https:\/\/thanglongbeauty.vn\/wp-content\/uploads\/2025\/10\/bong-tay-trang-mong-skinlover-150-mieng.png 1366w\" sizes=\"auto, (max-width: 300px) 100vw, 300px\" \/><\/a><\/p>\n<h3>H\u01b0\u1edbng d\u1eabn s\u1eed d\u1ee5ng B\u00f4ng t\u1ea9y trang Skinlovers:<\/h3>\n<p>S\u1eed d\u1ee5ng tr\u1ef1c ti\u1ebfp l\u00ean da. D\u00f9ng v\u1edbi c\u00e1c dung d\u1ecbch nh\u01b0 n\u01b0\u1edbc t\u1ea9y trang, toner trong c\u00e1c b\u01b0\u1edbc d\u01b0\u1ee1ng da h\u00e0ng ng\u00e0y. H\u00e3y thoa nh\u1eb9 nh\u00e0ng, ch\u00fa \u00fd kh\u00f4ng mi\u1ebft m\u1ea1nh v\u00e0 ch\u00e0 x\u00e1t mi\u1ebfng b\u00f4ng, tr\u00e1nh g\u00e2y t\u1ed5n th\u01b0\u01a1ng da v\u00e0 l\u00e0m r\u00e1ch mi\u1ebfng b\u00f4ng.<br \/>\n\u0110\u1ed1i t\u01b0\u1ee3ng s\u1eed d\u1ee5ng: S\u1ea3n ph\u1ea9m d\u00f9ng \u0111\u01b0\u1ee3c cho m\u1ecdi lo\u1ea1i da.<br \/>\nB\u1ea3o qu\u1ea3n: B\u1ea3o qu\u1ea3n n\u01a1i kh\u00f4 r\u00e1o, tho\u00e1ng m\u00e1t v\u00e0 tr\u00e1nh xa t\u1ea7m tay tr\u1ebb em.<br \/>\nXu\u1ea5t x\u1ee9: Skinlovers- Th\u1ed5 Nh\u0129 K\u1ef3<br \/>\nHSD: 5 n\u0103m k\u1ec3 t\u1eeb ng\u00e0y s\u1ea3n xu\u1ea5t, ng\u00e0y s\u1ea3n xu\u1ea5t in tr\u00ean s\u1ea3n ph\u1ea9m<\/p>\n<p><a href=\"https:\/\/thanglongbeauty.vn\/wp-content\/uploads\/2025\/10\/si-bong-tay-trang.png\"><img loading=\"lazy\" decoding=\"async\" class=\"size-medium wp-image-9595 aligncenter\" src=\"https:\/\/thanglongbeauty.vn\/wp-content\/uploads\/2025\/10\/si-bong-tay-trang-300x157.png\" alt=\"\" width=\"300\" height=\"157\" srcset=\"https:\/\/thanglongbeauty.vn\/wp-content\/uploads\/2025\/10\/si-bong-tay-trang-300x157.png 300w, https:\/\/thanglongbeauty.vn\/wp-content\/uploads\/2025\/10\/si-bong-tay-trang-1024x536.png 1024w, https:\/\/thanglongbeauty.vn\/wp-content\/uploads\/2025\/10\/si-bong-tay-trang-768x402.png 768w, https:\/\/thanglongbeauty.vn\/wp-content\/uploads\/2025\/10\/si-bong-tay-trang-600x314.png 600w, https:\/\/thanglongbeauty.vn\/wp-content\/uploads\/2025\/10\/si-bong-tay-trang-64x33.png 64w, https:\/\/thanglongbeauty.vn\/wp-content\/uploads\/2025\/10\/si-bong-tay-trang.png 1200w\" sizes=\"auto, (max-width: 300px) 100vw, 300px\" \/><\/a><br \/>\n#bongtaytrang #taytrangskinlovers #100%cotton #trangdiem #makup #buiban<\/p>\n","protected":false},"excerpt":{"rendered":"<p>B\u00f4ng t\u1ea9y trang Skinlovers l\u00e0 s\u1ea3n ph\u1ea9m b\u00f4ng t\u1ea9y trang \u0111\u01b0\u1ee3c s\u1ea3n xu\u1ea5t t\u1eeb 100% b\u00f4ng t\u1ef1 nhi\u00ean tr\u00ean d\u00e2y chuy\u1ec1n c\u00f4ng ngh\u1ec7 hi\u1ec7n \u0111\u1ea1i, ch\u1ea5t l\u01b0\u1ee3ng b\u00f4ng \u0111\u1ea1t chu\u1ea9n EU gi\u00fap t\u1ea9y trang v\u00e0 l\u00e0m s\u1ea1ch m\u1ecdi b\u1ee5i b\u1ea9n b\u00e1m tr\u00ean da. Nh\u1eefng mi\u1ebfng b\u00f4ng Skinlovers c\u00f3 h\u00ecnh tr\u00f2n, \u0111\u01b0\u1ee3c d\u1ec7t th\u00e0nh hai m\u1eb7t&#8230;<\/p>\n","protected":false},"featured_media":9609,"comment_status":"open","ping_status":"closed","template":"","meta":[],"product_brand":[1521],"product_cat":[15,1475,1486,1398,1442],"product_tag":[148,532,197,520,212,1664,214],"class_list":{"0":"post-9434","1":"product","2":"type-product","3":"status-publish","4":"has-post-thumbnail","6":"product_brand-skinlover","7":"product_cat-chua-phan-loai","8":"product_cat-bong-tay-trang","9":"product_cat-bong-tay-trang-2","10":"product_cat-cham-soc-da","11":"product_cat-skinlover","12":"product_tag-bong-tay-trang","13":"product_tag-bong-tay-trang-150-mieng","14":"product_tag-bong-tay-trang-222","15":"product_tag-bong-tay-trang-cotton","16":"product_tag-bong-tay-trang-han-quoc","17":"product_tag-bong-tay-trang-quoc-dan","18":"product_tag-cotton-pads","20":"first","21":"instock","22":"sale","23":"shipping-taxable","24":"purchasable","25":"product-type-simple"},"acf":[],"_links":{"self":[{"href":"https:\/\/thanglongbeauty.vn\/index.php?rest_route=\/wp\/v2\/product\/9434","targetHints":{"allow":["GET"]}}],"collection":[{"href":"https:\/\/thanglongbeauty.vn\/index.php?rest_route=\/wp\/v2\/product"}],"about":[{"href":"https:\/\/thanglongbeauty.vn\/index.php?rest_route=\/wp\/v2\/types\/product"}],"replies":[{"embeddable":true,"href":"https:\/\/thanglongbeauty.vn\/index.php?rest_route=%2Fwp%2Fv2%2Fcomments&post=9434"}],"wp:featuredmedia":[{"embeddable":true,"href":"https:\/\/thanglongbeauty.vn\/index.php?rest_route=\/wp\/v2\/media\/9609"}],"wp:attachment":[{"href":"https:\/\/thanglongbeauty.vn\/index.php?rest_route=%2Fwp%2Fv2%2Fmedia&parent=9434"}],"wp:term":[{"taxonomy":"product_brand","embeddable":true,"href":"https:\/\/thanglongbeauty.vn\/index.php?rest_route=%2Fwp%2Fv2%2Fproduct_brand&post=9434"},{"taxonomy":"product_cat","embeddable":true,"href":"https:\/\/thanglongbeauty.vn\/index.php?rest_route=%2Fwp%2Fv2%2Fproduct_cat&post=9434"},{"taxonomy":"product_tag","embeddable":true,"href":"https:\/\/thanglongbeauty.vn\/index.php?rest_route=%2Fwp%2Fv2%2Fproduct_tag&post=9434"}],"curies":[{"name":"wp","href":"https:\/\/api.w.org\/{rel}","templated":true}]}}