{"id":9438,"date":"2025-10-20T11:05:14","date_gmt":"2025-10-20T11:05:14","guid":{"rendered":"https:\/\/thanglongbeauty.vn\/?post_type=product&#038;p=9438"},"modified":"2026-05-14T09:32:34","modified_gmt":"2026-05-14T09:32:34","slug":"dung-dich-ve-sinh-baby-hanayuki-150g","status":"publish","type":"product","link":"https:\/\/thanglongbeauty.vn\/?product=dung-dich-ve-sinh-baby-hanayuki-150g","title":{"rendered":"Dung d\u1ecbch v\u1ec7 sinh baby hanayuki 150g"},"content":{"rendered":"<p>Nh\u00e0 Hanayuki ra m\u1eaft s\u1ea3n ph\u1ea9m m\u1edbi d\u00e0nh cho em b\u00e9 c\u1ee7a em b\u00e9 c\u1ee7a b\u1ea1n<br \/>\n\u2764\ufe0fBABY SOFT &amp; SILK HANAYUKI\u2764\ufe0f<br \/>\n\u2705Th\u00e0nh ph\u1ea7n: ho\u00e0n to\u00e0n t\u1eeb thi\u00ean nhi\u00ean an to\u00e0n cho b\u00e9.<br \/>\n-&gt;Chi\u1ebft xu\u1ea5t kh\u1ed5 qua: C\u00f3 t\u00e1c d\u1ee5ng di\u1ec7t khu\u1ea9n, s\u00e1t tr\u00f9ng nh\u1eb9, ng\u0103n ng\u1eeba c\u00e1c b\u1ec7nh ngo\u00e0i da.<br \/>\n-&gt;Mu\u1ed1i tinh khi\u1ebft: Di\u1ec7t khu\u1ea9n, s\u00e1t tr\u00f9ng nh\u1eb9.<br \/>\n-&gt;Chi\u1ebft xu\u1ea5t l\u00e1 tr\u1ea7u kh\u00f4ng: C\u00f3 t\u00e1c d\u1ee5ng \u1ee9c ch\u1ebf s\u1ef1 ph\u00e1t ti\u1ec3n c\u1ee7a vi khu\u1ea9n g\u00e2y vi\u00eam ng\u1ee9a.<br \/>\n-&gt; Chi\u1ebft xu\u1ea5t l\u00f4 h\u1ed9i: Gi\u00fap l\u00e0m gi\u1ea3m k\u00edch \u1ee9ng v\u00e0 l\u00e0m d\u1ecbu da.<br \/>\n-&gt; Peg- \u0303\u0300 Lanolin: Ch\u1ea5t ho\u1ea1t \u0111\u1ed9ng b\u1ec1 m\u1eb7t d\u1ecbu nh\u1eb9, s\u1ea1ch b\u1ee5i b\u1ea9n, ch\u1ea5t nh\u1eddn hi\u1ec7u qu\u1ea3 m\u00e0 kh\u00f4ng kh\u00f4 da.<br \/>\n\u2705C\u00f4ng d\u1ee5ng: Gi\u00fap l\u00e0m s\u1ea1ch nh\u1eb9 nh\u00e0ng v\u00f9ng k\u00edn c\u1ee7a tr\u1ebb, l\u00e0m th\u01a1m m\u00e1t v\u00e0 duy tr\u00ec \u0111\u1ed9 \u1ea9m t\u1ef1 nhi\u00ean gi\u00fap ng\u0103n ng\u1eeba t\u00ecnh tr\u1ea1ng h\u0103m \u0111\u1ecf, l\u00e0m d\u1ecbu da, gi\u1ea3m ng\u1ee9a, kh\u00e1ng khu\u1ea9n, h\u1ed7 tr\u1ee3 b\u1ea3o v\u1ec7 v\u00f9ng k\u00edn kh\u1ecfi vi\u00eam nhi\u1ec5m.<br \/>\n\u2705D\u00e0nh ri\u00eang cho tr\u1ebb nh\u01b0ng ng\u01b0\u1eddi l\u1edbn d\u00f9ng \u0111\u01b0\u1ee3c lu\u00f4n nha kh\u00e1ch \u01a1i.<\/p>\n<p><a href=\"https:\/\/thanglongbeauty.vn\/wp-content\/uploads\/2025\/10\/hanayuki-baby-soft-silk-2.png\"><img loading=\"lazy\" decoding=\"async\" class=\"alignnone size-medium wp-image-9698\" src=\"https:\/\/thanglongbeauty.vn\/wp-content\/uploads\/2025\/10\/hanayuki-baby-soft-silk-2-300x300.png\" alt=\"\" width=\"300\" height=\"300\" srcset=\"https:\/\/thanglongbeauty.vn\/wp-content\/uploads\/2025\/10\/hanayuki-baby-soft-silk-2-300x300.png 300w, https:\/\/thanglongbeauty.vn\/wp-content\/uploads\/2025\/10\/hanayuki-baby-soft-silk-2-1024x1024.png 1024w, https:\/\/thanglongbeauty.vn\/wp-content\/uploads\/2025\/10\/hanayuki-baby-soft-silk-2-150x150.png 150w, https:\/\/thanglongbeauty.vn\/wp-content\/uploads\/2025\/10\/hanayuki-baby-soft-silk-2-768x768.png 768w, https:\/\/thanglongbeauty.vn\/wp-content\/uploads\/2025\/10\/hanayuki-baby-soft-silk-2-600x600.png 600w, https:\/\/thanglongbeauty.vn\/wp-content\/uploads\/2025\/10\/hanayuki-baby-soft-silk-2-100x100.png 100w, https:\/\/thanglongbeauty.vn\/wp-content\/uploads\/2025\/10\/hanayuki-baby-soft-silk-2-64x64.png 64w, https:\/\/thanglongbeauty.vn\/wp-content\/uploads\/2025\/10\/hanayuki-baby-soft-silk-2.png 1200w\" sizes=\"auto, (max-width: 300px) 100vw, 300px\" \/><\/a><br \/>\n\u2705C\u00e1ch s\u1eed d\u1ee5ng:<br \/>\n+ B\u01b0\u1edbc 1: M\u1eb9 l\u00e0m s\u1ea1ch v\u00f9ng k\u00edn c\u1ee7a b\u00e9 v\u1edbi n\u01b0\u1edbc s\u1ea1ch.<br \/>\n+ B\u01b0\u1edbc 2: L\u1eafc \u0111\u1ec1u v\u00e0 \u0111\u1ed5 1 \u00edt d\u1ee5ng d\u1ecbch ra tay v\u00e0 v\u1ec7 sinh cho b\u00e9 . C\u00e1c m\u1eb9 c\u00f3 th\u1ec3 \u0111\u1ed5 m\u1ed9t \u00edt dung d\u1ecbch ra ch\u1eadu nh\u1ecf r\u1ed3i h\u00f2a tan sau \u0111\u00f3 r\u1eeda cho b\u00e9.<br \/>\n+ B\u01b0\u1edbc 3: R\u1eeda l\u1ea1i v\u00f9ng k\u00edn cho b\u00e9 b\u1eb1ng n\u01b0\u1edbc s\u1ea1ch. M\u1eb9 c\u00f3 th\u1ec3 v\u1ec7 sinh cho b\u00e9 t\u1eeb 1-2 l\u1ea7n m\u1ed7i ng\u00e0y nh\u00e9.<\/p>\n<p>CH\u00cdNH S\u00c1CH B\u1ea2O H\u00c0NH &#8211; \u0110\u1ed4I TR\u1ea2<br \/>\n\u2705Cam k\u1ebft 100% s\u1ea3n ph\u1ea9m l\u00e0 h\u00e0ng ch\u00ednh h\u00e3ng<br \/>\n\u2705 \u0110\u1ed9i ng\u0169 t\u01b0 v\u1ea5n vi\u00ean nhi\u1ec7t t\u00ecnh, h\u1ed7 tr\u1ee3 gi\u1ea3i \u0111\u00e1p th\u1eafc m\u1eafc trong th\u1eddi gian ng\u1eafn nh\u1ea5t<br \/>\n\u2705H\u1ed7 tr\u1ee3 \u0111\u1ed5i tr\u1ea3 theo quy \u0111\u1ecbnh v\u1edbi \u0111i\u1ec1u ki\u1ec7n:<br \/>\n+ H\u00e0ng v\u1eabn c\u00f2n m\u1edbi, ch\u01b0a qua s\u1eed d\u1ee5ng<br \/>\n+ H\u00e0ng b\u1ecb l\u1ed7i ho\u1eb7c h\u01b0 h\u1ecfng do v\u1eadn chuy\u1ec3n ho\u1eb7c do nh\u00e0 s\u1ea3n xu\u1ea5t<br \/>\n+ C\u00f3 video quay l\u1ea1i qu\u00e1 tr\u00ecnh m\u1edf h\u1ed9p v\u00e0 ki\u1ec3m tra t\u1eebng s\u1ea3n ph\u1ea9m.<br \/>\n+ Video r\u00f5 r\u00e0ng, th\u1ea5y \u0111\u01b0\u1ee3c g\u00f3i h\u00e0ng c\u00f2n nguy\u00ean v\u1eb9n, c\u00f2n ni\u00eam phong.<br \/>\n&#8212;&#8212;&#8212;&#8212;&#8212;&#8212;&#8212;&#8212;<br \/>\n\u2764\ufe0fC\u1ea2M \u01a0N B\u1ea0N \u0110\u00c3 L\u1ef0A CH\u1eccN V\u00c0 TIN D\u00d9NG S\u1ea2N PH\u1ea8M C\u1ee6A SHOP!<br \/>\n\u2764\ufe0fFOLLOW NGAY \u0110\u1ec2 KH\u00d4NG B\u1ece L\u1ee0 B\u1ea4T K\u00cc \u01afU \u0110\u00c3I N\u00c0O C\u1ee6A SHOP NH\u00c9!<br \/>\n\u2764\ufe0fCH\u00daC B\u1ea0N C\u00d3 NH\u1eeeNG GI\u00c2Y PH\u00daT MUA S\u1eaeM VUI V\u1eba<\/p>\n<p>Th\u0103ng Long_beauty &#8211; C\u00f4ng TY TNHH D\u1ecaCH V\u1ee4 PH\u00c2N PH\u1ed0I TH\u0102NG LONG l\u00e0 m\u1ed9t c\u00f4ng ty chuy\u00ean cung c\u1ea5p c\u00e1c s\u1ea3n ph\u1ea9m \u0111\u1ed3 cho m\u1eb9 v\u00e0 b\u00e9, nh\u1eefng s\u1ea3n ph\u1ea9m ch\u0103m s\u00f3c s\u1ee9c kh\u1ecfe<\/p>\n<p><a href=\"https:\/\/thanglongbeauty.vn\/wp-content\/uploads\/2025\/10\/si-dung-dich-ve-sinh-em-be-hanayuki-baby-soft-silk.png\"><img loading=\"lazy\" decoding=\"async\" class=\"alignnone size-medium wp-image-9701\" src=\"https:\/\/thanglongbeauty.vn\/wp-content\/uploads\/2025\/10\/si-dung-dich-ve-sinh-em-be-hanayuki-baby-soft-silk-300x300.png\" alt=\"\" width=\"300\" height=\"300\" srcset=\"https:\/\/thanglongbeauty.vn\/wp-content\/uploads\/2025\/10\/si-dung-dich-ve-sinh-em-be-hanayuki-baby-soft-silk-300x300.png 300w, https:\/\/thanglongbeauty.vn\/wp-content\/uploads\/2025\/10\/si-dung-dich-ve-sinh-em-be-hanayuki-baby-soft-silk-1024x1024.png 1024w, https:\/\/thanglongbeauty.vn\/wp-content\/uploads\/2025\/10\/si-dung-dich-ve-sinh-em-be-hanayuki-baby-soft-silk-150x150.png 150w, https:\/\/thanglongbeauty.vn\/wp-content\/uploads\/2025\/10\/si-dung-dich-ve-sinh-em-be-hanayuki-baby-soft-silk-768x768.png 768w, https:\/\/thanglongbeauty.vn\/wp-content\/uploads\/2025\/10\/si-dung-dich-ve-sinh-em-be-hanayuki-baby-soft-silk-600x600.png 600w, https:\/\/thanglongbeauty.vn\/wp-content\/uploads\/2025\/10\/si-dung-dich-ve-sinh-em-be-hanayuki-baby-soft-silk-100x100.png 100w, https:\/\/thanglongbeauty.vn\/wp-content\/uploads\/2025\/10\/si-dung-dich-ve-sinh-em-be-hanayuki-baby-soft-silk-64x64.png 64w, https:\/\/thanglongbeauty.vn\/wp-content\/uploads\/2025\/10\/si-dung-dich-ve-sinh-em-be-hanayuki-baby-soft-silk.png 1200w\" sizes=\"auto, (max-width: 300px) 100vw, 300px\" \/><\/a> <a href=\"https:\/\/thanglongbeauty.vn\/wp-content\/uploads\/2025\/10\/7-2.png\"><img loading=\"lazy\" decoding=\"async\" class=\"alignnone size-medium wp-image-9694\" src=\"https:\/\/thanglongbeauty.vn\/wp-content\/uploads\/2025\/10\/7-2-300x300.png\" alt=\"\" width=\"300\" height=\"300\" srcset=\"https:\/\/thanglongbeauty.vn\/wp-content\/uploads\/2025\/10\/7-2-300x300.png 300w, https:\/\/thanglongbeauty.vn\/wp-content\/uploads\/2025\/10\/7-2-1024x1024.png 1024w, https:\/\/thanglongbeauty.vn\/wp-content\/uploads\/2025\/10\/7-2-150x150.png 150w, https:\/\/thanglongbeauty.vn\/wp-content\/uploads\/2025\/10\/7-2-768x768.png 768w, https:\/\/thanglongbeauty.vn\/wp-content\/uploads\/2025\/10\/7-2-600x600.png 600w, https:\/\/thanglongbeauty.vn\/wp-content\/uploads\/2025\/10\/7-2-100x100.png 100w, https:\/\/thanglongbeauty.vn\/wp-content\/uploads\/2025\/10\/7-2-64x64.png 64w, https:\/\/thanglongbeauty.vn\/wp-content\/uploads\/2025\/10\/7-2.png 1200w\" sizes=\"auto, (max-width: 300px) 100vw, 300px\" \/><\/a><\/p>\n","protected":false},"excerpt":{"rendered":"<p>Nh\u00e0 Hanayuki ra m\u1eaft s\u1ea3n ph\u1ea9m m\u1edbi d\u00e0nh cho em b\u00e9 c\u1ee7a em b\u00e9 c\u1ee7a b\u1ea1n \u2764\ufe0fBABY SOFT &amp; SILK HANAYUKI\u2764\ufe0f \u2705Th\u00e0nh ph\u1ea7n: ho\u00e0n to\u00e0n t\u1eeb thi\u00ean nhi\u00ean an to\u00e0n cho b\u00e9. -&gt;Chi\u1ebft xu\u1ea5t kh\u1ed5 qua: C\u00f3 t\u00e1c d\u1ee5ng di\u1ec7t khu\u1ea9n, s\u00e1t tr\u00f9ng nh\u1eb9, ng\u0103n ng\u1eeba c\u00e1c b\u1ec7nh ngo\u00e0i da. -&gt;Mu\u1ed1i tinh khi\u1ebft: Di\u1ec7t khu\u1ea9n,&#8230;<\/p>\n","protected":false},"featured_media":9700,"comment_status":"open","ping_status":"closed","template":"","meta":[],"product_brand":[1556],"product_cat":[15,1480,1479,1414],"product_tag":[1641,192,1640,1634,193,1638,1637,1635,1639,1636,1675,196],"class_list":{"0":"post-9438","1":"product","2":"type-product","3":"status-publish","4":"has-post-thumbnail","6":"product_brand-hanayuki","7":"product_cat-chua-phan-loai","8":"product_cat-dung-dich-ve-sinh","9":"product_cat-hanayuki-thuong-hieu-ban-yeu-thich","10":"product_cat-suc-khoe-phu-khoa","11":"product_tag-dung-dich-ve-sinh-diana","12":"product_tag-dung-dich-ve-sinh-hanayuki","13":"product_tag-dung-dich-ve-sinh-lactacyd","14":"product_tag-dung-dich-ve-sinh-nam","15":"product_tag-dung-dich-ve-sinh-phu-nu","16":"product_tag-dung-dich-ve-sinh-phu-nu-bac-si-khuyen-dung","17":"product_tag-dung-dich-ve-sinh-phu-nu-femfresh","18":"product_tag-dung-dich-ve-sinh-phu-nu-intima","19":"product_tag-dung-dich-ve-sinh-phu-nu-lactacyd","20":"product_tag-dung-dich-ve-sinh-phu-nu-tot-nhat","21":"product_tag-hananyuki","22":"product_tag-hanayuki","24":"first","25":"outofstock","26":"sale","27":"shipping-taxable","28":"purchasable","29":"product-type-simple"},"acf":[],"_links":{"self":[{"href":"https:\/\/thanglongbeauty.vn\/index.php?rest_route=\/wp\/v2\/product\/9438","targetHints":{"allow":["GET"]}}],"collection":[{"href":"https:\/\/thanglongbeauty.vn\/index.php?rest_route=\/wp\/v2\/product"}],"about":[{"href":"https:\/\/thanglongbeauty.vn\/index.php?rest_route=\/wp\/v2\/types\/product"}],"replies":[{"embeddable":true,"href":"https:\/\/thanglongbeauty.vn\/index.php?rest_route=%2Fwp%2Fv2%2Fcomments&post=9438"}],"wp:featuredmedia":[{"embeddable":true,"href":"https:\/\/thanglongbeauty.vn\/index.php?rest_route=\/wp\/v2\/media\/9700"}],"wp:attachment":[{"href":"https:\/\/thanglongbeauty.vn\/index.php?rest_route=%2Fwp%2Fv2%2Fmedia&parent=9438"}],"wp:term":[{"taxonomy":"product_brand","embeddable":true,"href":"https:\/\/thanglongbeauty.vn\/index.php?rest_route=%2Fwp%2Fv2%2Fproduct_brand&post=9438"},{"taxonomy":"product_cat","embeddable":true,"href":"https:\/\/thanglongbeauty.vn\/index.php?rest_route=%2Fwp%2Fv2%2Fproduct_cat&post=9438"},{"taxonomy":"product_tag","embeddable":true,"href":"https:\/\/thanglongbeauty.vn\/index.php?rest_route=%2Fwp%2Fv2%2Fproduct_tag&post=9438"}],"curies":[{"name":"wp","href":"https:\/\/api.w.org\/{rel}","templated":true}]}}