{"id":9443,"date":"2025-10-20T11:05:14","date_gmt":"2025-10-20T11:05:14","guid":{"rendered":"https:\/\/thanglongbeauty.vn\/san-pham\/bong-tay-trang-bora-22030m-tim\/"},"modified":"2026-01-13T09:36:35","modified_gmt":"2026-01-13T09:36:35","slug":"bong-tay-trang-bora-22030m-tim","status":"publish","type":"product","link":"https:\/\/thanglongbeauty.vn\/?product=bong-tay-trang-bora-22030m-tim","title":{"rendered":"B\u00f4ng t\u1ea9y trang BORA 220+30 mi\u1ebfng vu\u00f4ng g\u00f3i l\u1edbn"},"content":{"rendered":"<p>B\u00f4ng t\u1ea9y trang, B\u00f4ng t\u1ea9y trang tr\u00f2n, b\u00f4ng t\u1ea9y trang BORA 250 mi\u1ebfng<br \/>\nN\u1eafm v\u1eefng nh\u1eefng th\u00f4ng tin h\u1eefu \u00edch v\u1ec1 b\u00f4ng t\u1ea9y trang Bora 250 mi\u1ebfng \u0111\u1ec3 c\u00f3 th\u1ec3 ch\u0103m s\u00f3c da t\u1ed1t h\u01a1n v\u00e0 duy tr\u00ec l\u00e0n da t\u01b0\u01a1i s\u00e1ng, b\u1ea1n kh\u00f4ng ch\u1ec9 n\u1eafm b\u1eaft \u0111\u01b0\u1ee3c \u01b0u \u0111i\u1ec3m c\u1ee7a s\u1ea3n ph\u1ea9m m\u00e0 c\u00f2n bi\u1ebft c\u00e1ch s\u1eed d\u1ee5ng sao cho hi\u1ec7u qu\u1ea3 nh\u1ea5t.<\/p>\n<p>&nbsp;<\/p>\n<h3>\u01afu \u0111i\u1ec3m s\u1ea3n ph\u1ea9m b\u00f4ng t\u1ea9y trang H\u00e0n Qu\u1ed1c Bora 250 mi\u1ebfng<\/h3>\n<p><a href=\"https:\/\/thanglongbeauty.vn\/wp-content\/uploads\/2025\/10\/bong-tay-trang-bora-150-mieng-4.png\"><img loading=\"lazy\" decoding=\"async\" class=\"alignnone size-medium wp-image-9636\" src=\"https:\/\/thanglongbeauty.vn\/wp-content\/uploads\/2025\/10\/bong-tay-trang-bora-150-mieng-4-300x300.png\" alt=\"\" width=\"300\" height=\"300\" srcset=\"https:\/\/thanglongbeauty.vn\/wp-content\/uploads\/2025\/10\/bong-tay-trang-bora-150-mieng-4-300x300.png 300w, https:\/\/thanglongbeauty.vn\/wp-content\/uploads\/2025\/10\/bong-tay-trang-bora-150-mieng-4-150x150.png 150w, https:\/\/thanglongbeauty.vn\/wp-content\/uploads\/2025\/10\/bong-tay-trang-bora-150-mieng-4-768x768.png 768w, https:\/\/thanglongbeauty.vn\/wp-content\/uploads\/2025\/10\/bong-tay-trang-bora-150-mieng-4-600x600.png 600w, https:\/\/thanglongbeauty.vn\/wp-content\/uploads\/2025\/10\/bong-tay-trang-bora-150-mieng-4-100x100.png 100w, https:\/\/thanglongbeauty.vn\/wp-content\/uploads\/2025\/10\/bong-tay-trang-bora-150-mieng-4-64x64.png 64w, https:\/\/thanglongbeauty.vn\/wp-content\/uploads\/2025\/10\/bong-tay-trang-bora-150-mieng-4.png 900w\" sizes=\"auto, (max-width: 300px) 100vw, 300px\" \/><\/a><a href=\"https:\/\/thanglongbeauty.vn\/wp-content\/uploads\/2025\/10\/bong-tay-trang-bora-250-mieng-1.png\"><img loading=\"lazy\" decoding=\"async\" class=\"alignnone size-medium wp-image-9639\" src=\"https:\/\/thanglongbeauty.vn\/wp-content\/uploads\/2025\/10\/bong-tay-trang-bora-250-mieng-1-300x300.png\" alt=\"\" width=\"300\" height=\"300\" srcset=\"https:\/\/thanglongbeauty.vn\/wp-content\/uploads\/2025\/10\/bong-tay-trang-bora-250-mieng-1-300x300.png 300w, https:\/\/thanglongbeauty.vn\/wp-content\/uploads\/2025\/10\/bong-tay-trang-bora-250-mieng-1-150x150.png 150w, https:\/\/thanglongbeauty.vn\/wp-content\/uploads\/2025\/10\/bong-tay-trang-bora-250-mieng-1-768x768.png 768w, https:\/\/thanglongbeauty.vn\/wp-content\/uploads\/2025\/10\/bong-tay-trang-bora-250-mieng-1-600x600.png 600w, https:\/\/thanglongbeauty.vn\/wp-content\/uploads\/2025\/10\/bong-tay-trang-bora-250-mieng-1-100x100.png 100w, https:\/\/thanglongbeauty.vn\/wp-content\/uploads\/2025\/10\/bong-tay-trang-bora-250-mieng-1-64x64.png 64w, https:\/\/thanglongbeauty.vn\/wp-content\/uploads\/2025\/10\/bong-tay-trang-bora-250-mieng-1.png 900w\" sizes=\"auto, (max-width: 300px) 100vw, 300px\" \/><\/a><\/p>\n<p>Ng\u00e0y nay, vi\u1ec7c l\u00e0m s\u1ea1ch da sau m\u1ed9t ng\u00e0y d\u00e0i l\u00e0 c\u1ef1c k\u1ef3 quan tr\u1ecdng \u0111\u1ec3 b\u1ea3o v\u1ec7 da kh\u1ecfi t\u00e1c \u0111\u1ed9ng c\u00f3 h\u1ea1i t\u1eeb m\u00f4i tr\u01b0\u1eddng. B\u00f4ng t\u1ea9y trang Bora v\u1edbi thi\u1ebft k\u1ebf 150 mi\u1ebfng ti\u1ec7n l\u1ee3i s\u1ebd gi\u00fap b\u1ea1n d\u1ec5 d\u00e0ng lo\u1ea1i b\u1ecf t\u1ea1p ch\u1ea5t, b\u1ee5i b\u1ea9n v\u00e0 l\u1edbp trang \u0111i\u1ec3m m\u00e0 kh\u00f4ng g\u00e2y k\u00edch \u1ee9ng hay c\u1ea3m gi\u00e1c c\u1ee9ng r\u00e1t tr\u00ean da.<br \/>\nB\u00f4ng T\u1ea9y Trang cao c\u1ea5p, Kh\u00e1m Ph\u00e1 C\u00f4ng Ngh\u1ec7 Ti\u00ean Ti\u1ebfn \u0110\u1eb1ng Sau B\u00f4ng T\u1ea9y Trang Bora<br \/>\nB\u00f4ng t\u1ea9y trang Bora kh\u00f4ng ch\u1ec9 \u0111\u01a1n thu\u1ea7n l\u00e0 m\u1ed9t s\u1ea3n ph\u1ea9m th\u00f4ng th\u01b0\u1eddng, m\u00e0 n\u00f3 ch\u1ee9a \u0111\u1ef1ng c\u00f4ng ngh\u1ec7 ti\u00ean ti\u1ebfn gi\u00fap lo\u1ea1i b\u1ecf t\u1ea5t c\u1ea3 c\u00e1c t\u1ea1p ch\u1ea5t m\u1ed9t c\u00e1ch d\u1ecbu nh\u1eb9 v\u00e0 hi\u1ec7u qu\u1ea3. B\u1edfi v\u00ec b\u00f4ng t\u1ea9y trang n\u00e0y s\u1eed d\u1ee5ng c\u00e1c s\u1ee3i m\u1ec1m m\u1ecbn, n\u00f3 c\u00f3 kh\u1ea3 n\u0103ng l\u00e0m s\u1ea1ch s\u00e2u t\u1eadn l\u1ed7 ch\u00e2n l\u00f4ng m\u00e0 kh\u00f4ng g\u00e2y t\u1ed5n th\u01b0\u01a1ng cho da.<\/p>\n<h3>Nh\u1eefng L\u1ee3i \u00cdch Tuy\u1ec7t V\u1eddi C\u1ee7a B\u00f4ng T\u1ea9y Trang\u00a0 Bora 250 Mi\u1ebfng<\/h3>\n<p><a href=\"https:\/\/thanglongbeauty.vn\/wp-content\/uploads\/2025\/10\/bong-tay-trang-tho-nhi-ky-skinlover.png\"><img loading=\"lazy\" decoding=\"async\" class=\"alignnone size-medium wp-image-9640\" src=\"https:\/\/thanglongbeauty.vn\/wp-content\/uploads\/2025\/10\/bong-tay-trang-tho-nhi-ky-skinlover-300x300.png\" alt=\"\" width=\"300\" height=\"300\" srcset=\"https:\/\/thanglongbeauty.vn\/wp-content\/uploads\/2025\/10\/bong-tay-trang-tho-nhi-ky-skinlover-300x300.png 300w, https:\/\/thanglongbeauty.vn\/wp-content\/uploads\/2025\/10\/bong-tay-trang-tho-nhi-ky-skinlover-150x150.png 150w, https:\/\/thanglongbeauty.vn\/wp-content\/uploads\/2025\/10\/bong-tay-trang-tho-nhi-ky-skinlover-768x768.png 768w, https:\/\/thanglongbeauty.vn\/wp-content\/uploads\/2025\/10\/bong-tay-trang-tho-nhi-ky-skinlover-600x600.png 600w, https:\/\/thanglongbeauty.vn\/wp-content\/uploads\/2025\/10\/bong-tay-trang-tho-nhi-ky-skinlover-100x100.png 100w, https:\/\/thanglongbeauty.vn\/wp-content\/uploads\/2025\/10\/bong-tay-trang-tho-nhi-ky-skinlover-64x64.png 64w, https:\/\/thanglongbeauty.vn\/wp-content\/uploads\/2025\/10\/bong-tay-trang-tho-nhi-ky-skinlover.png 900w\" sizes=\"auto, (max-width: 300px) 100vw, 300px\" \/><\/a><br \/>\nB\u00f4ng t\u1ea9y trang Bora kh\u00f4ng ch\u1ec9 \u0111\u01a1n thu\u1ea7n l\u00e0 m\u1ed9t s\u1ea3n ph\u1ea9m l\u00e0m s\u1ea1ch da m\u1eb7t, m\u00e0 n\u00f3 c\u00f2n mang \u0111\u1ebfn nhi\u1ec1u l\u1ee3i \u00edch kh\u00e1c cho l\u00e0n da c\u1ee7a b\u1ea1n:<br \/>\nL\u00e0m S\u1ea1ch S\u00e2u: Nh\u1edd v\u00e0o thi\u1ebft k\u1ebf s\u1ee3i m\u1ec1m m\u1ecbn, b\u00f4ng t\u1ea9y trang Bora c\u00f3 kh\u1ea3 n\u0103ng l\u00e0m s\u1ea1ch s\u00e2u t\u1eadn l\u1ed7 ch\u00e2n l\u00f4ng, gi\u00fap lo\u1ea1i b\u1ecf t\u1ea1p ch\u1ea5t m\u1ed9t c\u00e1ch hi\u1ec7u qu\u1ea3.<br \/>\nD\u1ecbu Nh\u1eb9 Cho Da: V\u1edbi ch\u1ea5t li\u1ec7u m\u1ec1m m\u1ea1i, b\u00f4ng t\u1ea9y trang n\u00e0y kh\u00f4ng g\u00e2y t\u1ed5n th\u01b0\u01a1ng hay k\u00edch \u1ee9ng cho l\u00e0n da m\u1eb7t, ph\u00f9 h\u1ee3p cho c\u1ea3 l\u00e0n da nh\u1ea1y c\u1ea3m.<br \/>\nTi\u1ec7n L\u1ee3i Cho M\u1ecdi D\u1ecbp: B\u00f4ng t\u1ea9y trang Bora v\u1edbi 250 mi\u1ebfng s\u1ebd gi\u00fap b\u1ea1n d\u1ec5<\/p>\n<p>&nbsp;<\/p>\n<h3>\u01afu \u0111i\u1ec3m s\u1ea3n ph\u1ea9m:<\/h3>\n<p>Kh\u00f4ng x\u00f9, x\u01a1 b\u00f4ng khi s\u1eed d\u1ee5ng.<\/p>\n<p>Kh\u00f4ng h\u01b0\u01a1ng li\u1ec7u.<\/p>\n<p>Kh\u00f4ng ho\u00e1 ch\u1ea5t t\u1ea9y tr\u1eafng \u0111\u1ed9c h\u1ea1i.<\/p>\n<p>Kh\u00f4ng g\u00e2y k\u00edch \u1ee9ng v\u1edbi l\u00e0n da 100%.<\/p>\n<p>Kh\u00f4ng l\u00e3ng ph\u00ed n\u01b0\u1edbc t\u1ea9y trang v\u00e0 n\u01b0\u1edbc hoa h\u1ed3ng.<\/p>\n<p>H\u01b0\u1edbng d\u1eabn s\u1eed d\u1ee5ng:<\/p>\n<p>L\u00e0m \u01b0\u1edbt b\u00f4ng b\u1eb1ng n\u01b0\u1edbc s\u1ea1ch ho\u1eb7c s\u1ea3n ph\u1ea9m t\u1ea9y trang, n\u01b0\u1edbc hoa h\u1ed3ng\u2026 r\u1ed3i nh\u1eb9 nh\u00e0ng lau s\u1ea1ch m\u1eb7t.<\/p>\n<p><a href=\"https:\/\/thanglongbeauty.vn\/wp-content\/uploads\/2025\/10\/11-1.png\"><img loading=\"lazy\" decoding=\"async\" class=\"alignnone size-medium wp-image-9626\" src=\"https:\/\/thanglongbeauty.vn\/wp-content\/uploads\/2025\/10\/11-1-300x300.png\" alt=\"\" width=\"300\" height=\"300\" srcset=\"https:\/\/thanglongbeauty.vn\/wp-content\/uploads\/2025\/10\/11-1-300x300.png 300w, https:\/\/thanglongbeauty.vn\/wp-content\/uploads\/2025\/10\/11-1-150x150.png 150w, https:\/\/thanglongbeauty.vn\/wp-content\/uploads\/2025\/10\/11-1-768x768.png 768w, https:\/\/thanglongbeauty.vn\/wp-content\/uploads\/2025\/10\/11-1-600x600.png 600w, https:\/\/thanglongbeauty.vn\/wp-content\/uploads\/2025\/10\/11-1-100x100.png 100w, https:\/\/thanglongbeauty.vn\/wp-content\/uploads\/2025\/10\/11-1-64x64.png 64w, https:\/\/thanglongbeauty.vn\/wp-content\/uploads\/2025\/10\/11-1.png 1000w\" sizes=\"auto, (max-width: 300px) 100vw, 300px\" \/><\/a><\/p>\n<h3>TH\u00d4NG TIN S\u1ea2N PH\u1ea8M B\u00d4NG T\u1ea8Y TRANG BORA 250 MI\u1ebeNG<\/h3>\n<p>Th\u01b0\u01a1ng hi\u1ec7u: Bora<br \/>\nXu\u1ea5t x\u1ee9: H\u00e0n Qu\u1ed1c<br \/>\nQuy c\u00e1ch: 250 Mi\u1ebfng\/ C\u00e2y. Th\u00f9ng 48 C\u00e2y<br \/>\nLo\u1ea1i da s\u1eed d\u1ee5ng: T\u1ea5t c\u1ea3<\/p>\n<p><a href=\"https:\/\/thanglongbeauty.vn\/wp-content\/uploads\/2025\/10\/si-bong-tay-trang-1.png\"><img loading=\"lazy\" decoding=\"async\" class=\"size-medium wp-image-9613 aligncenter\" src=\"https:\/\/thanglongbeauty.vn\/wp-content\/uploads\/2025\/10\/si-bong-tay-trang-1-300x157.png\" alt=\"\" width=\"300\" height=\"157\" srcset=\"https:\/\/thanglongbeauty.vn\/wp-content\/uploads\/2025\/10\/si-bong-tay-trang-1-300x157.png 300w, https:\/\/thanglongbeauty.vn\/wp-content\/uploads\/2025\/10\/si-bong-tay-trang-1-1024x536.png 1024w, https:\/\/thanglongbeauty.vn\/wp-content\/uploads\/2025\/10\/si-bong-tay-trang-1-768x402.png 768w, https:\/\/thanglongbeauty.vn\/wp-content\/uploads\/2025\/10\/si-bong-tay-trang-1-600x314.png 600w, https:\/\/thanglongbeauty.vn\/wp-content\/uploads\/2025\/10\/si-bong-tay-trang-1-64x33.png 64w, https:\/\/thanglongbeauty.vn\/wp-content\/uploads\/2025\/10\/si-bong-tay-trang-1.png 1200w\" sizes=\"auto, (max-width: 300px) 100vw, 300px\" \/><\/a><br \/>\n#bora #bora222 #bora250 #cotton pads<\/p>\n","protected":false},"excerpt":{"rendered":"<p>B\u00f4ng t\u1ea9y trang, B\u00f4ng t\u1ea9y trang tr\u00f2n, b\u00f4ng t\u1ea9y trang BORA 250 mi\u1ebfng N\u1eafm v\u1eefng nh\u1eefng th\u00f4ng tin h\u1eefu \u00edch v\u1ec1 b\u00f4ng t\u1ea9y trang Bora 250 mi\u1ebfng \u0111\u1ec3 c\u00f3 th\u1ec3 ch\u0103m s\u00f3c da t\u1ed1t h\u01a1n v\u00e0 duy tr\u00ec l\u00e0n da t\u01b0\u01a1i s\u00e1ng, b\u1ea1n kh\u00f4ng ch\u1ec9 n\u1eafm b\u1eaft \u0111\u01b0\u1ee3c \u01b0u \u0111i\u1ec3m c\u1ee7a s\u1ea3n ph\u1ea9m m\u00e0 c\u00f2n&#8230;<\/p>\n","protected":false},"featured_media":9633,"comment_status":"open","ping_status":"closed","template":"","meta":[],"product_brand":[1494],"product_cat":[15,1475,1486,1433,1398],"product_tag":[148,532,197,211,520,212,1664,1667,214],"class_list":{"0":"post-9443","1":"product","2":"type-product","3":"status-publish","4":"has-post-thumbnail","6":"product_brand-bora","7":"product_cat-chua-phan-loai","8":"product_cat-bong-tay-trang","9":"product_cat-bong-tay-trang-2","10":"product_cat-bora","11":"product_cat-cham-soc-da","12":"product_tag-bong-tay-trang","13":"product_tag-bong-tay-trang-150-mieng","14":"product_tag-bong-tay-trang-222","15":"product_tag-bong-tay-trang-bora","16":"product_tag-bong-tay-trang-cotton","17":"product_tag-bong-tay-trang-han-quoc","18":"product_tag-bong-tay-trang-quoc-dan","19":"product_tag-bora","20":"product_tag-cotton-pads","22":"first","23":"instock","24":"sale","25":"shipping-taxable","26":"purchasable","27":"product-type-simple"},"acf":[],"_links":{"self":[{"href":"https:\/\/thanglongbeauty.vn\/index.php?rest_route=\/wp\/v2\/product\/9443","targetHints":{"allow":["GET"]}}],"collection":[{"href":"https:\/\/thanglongbeauty.vn\/index.php?rest_route=\/wp\/v2\/product"}],"about":[{"href":"https:\/\/thanglongbeauty.vn\/index.php?rest_route=\/wp\/v2\/types\/product"}],"replies":[{"embeddable":true,"href":"https:\/\/thanglongbeauty.vn\/index.php?rest_route=%2Fwp%2Fv2%2Fcomments&post=9443"}],"wp:featuredmedia":[{"embeddable":true,"href":"https:\/\/thanglongbeauty.vn\/index.php?rest_route=\/wp\/v2\/media\/9633"}],"wp:attachment":[{"href":"https:\/\/thanglongbeauty.vn\/index.php?rest_route=%2Fwp%2Fv2%2Fmedia&parent=9443"}],"wp:term":[{"taxonomy":"product_brand","embeddable":true,"href":"https:\/\/thanglongbeauty.vn\/index.php?rest_route=%2Fwp%2Fv2%2Fproduct_brand&post=9443"},{"taxonomy":"product_cat","embeddable":true,"href":"https:\/\/thanglongbeauty.vn\/index.php?rest_route=%2Fwp%2Fv2%2Fproduct_cat&post=9443"},{"taxonomy":"product_tag","embeddable":true,"href":"https:\/\/thanglongbeauty.vn\/index.php?rest_route=%2Fwp%2Fv2%2Fproduct_tag&post=9443"}],"curies":[{"name":"wp","href":"https:\/\/api.w.org\/{rel}","templated":true}]}}