{"id":9445,"date":"2025-10-20T11:05:15","date_gmt":"2025-10-20T11:05:15","guid":{"rendered":"https:\/\/thanglongbeauty.vn\/san-pham\/bong-tay-trang-poppuf-2cd-9030m-goi-zip\/"},"modified":"2025-10-21T09:42:34","modified_gmt":"2025-10-21T09:42:34","slug":"bong-tay-trang-poppuf-2cd-9030m-goi-zip","status":"publish","type":"product","link":"https:\/\/thanglongbeauty.vn\/?product=bong-tay-trang-poppuf-2cd-9030m-goi-zip","title":{"rendered":"B\u00f4ng T\u1ea9y Trang PopPuf 2CD 90+30M g\u00f3i Zip"},"content":{"rendered":"<p>B\u00f4ng T\u1ea9y Trang, B\u00f4ng Trang \u0110i\u1ec3m POP PUF 2 c\u00f4ng d\u1ee5ng: t\u1ea9y trang v\u00e0 d\u01b0\u1ee1ng da<\/p>\n<p>B\u1ea1n n\u00ean s\u1eed d\u1ee5ng s\u1ea3n ph\u1ea9m b\u00f4ng t\u1ea9y trang POP PUF v\u00ec.<\/p>\n<p>\u2013 S\u1ea3n ph\u1ea9m \u0111\u01b0\u1ee3c l\u00e0m t\u1eeb 100% cotton t\u1ef1 nhi\u00ean, t\u1ea1o s\u1ef1 m\u1ec1m m\u1ea1i, tho\u1ea3i m\u00e1i khi s\u1eed d\u1ee5ng \u2013 S\u1ee3i b\u00f4ng d\u00e0i v\u1edbi k\u1ebft c\u1ea5u ch\u1eb7t ch\u1ebd, kh\u00f4ng \u0111\u1ec3 l\u1ea1i x\u01a1 b\u00f4ng tr\u00ean m\u1eb7t \u2013 B\u00f4ng \u0111\u01b0\u1ee3c \u00e9p bi\u00ean k\u0129 c\u00e0ng. \u2013 Thi\u1ebft k\u1ebf \u0111\u1ed9c \u0111\u00e1o 2 c\u00f4ng d\u1ee5ng, m\u1ed9t m\u1eb7t b\u1eb1ng b\u00f4ng d\u00f9ng \u0111\u1ec3 d\u01b0\u1ee1ng da v\u00e0 m\u1ed9t m\u1eb7t b\u1eb1ng v\u1ea3i kh\u00f4ng d\u1ec7t l\u1ed7 d\u00f9ng \u0111\u1ec3 t\u1ea9y trang. \u2013 T\u1ea9y s\u1ea1ch vi khu\u1ea9n v\u00e0 da ch\u1ebft, \u0111\u1ea3m b\u1ea3o v\u1ec7 sinh. B\u00f4ng tuy\u1ec7t \u0111\u1ed1i kh\u00f4ng d\u00f9ng keo h\u00f3a h\u1ecdc.<\/p>\n<p><a href=\"https:\/\/thanglongbeauty.vn\/wp-content\/uploads\/2025\/10\/si-BONG-TAY-TRANG-POP-PUP-90-MIENG.png\"><img loading=\"lazy\" decoding=\"async\" class=\"alignnone size-medium wp-image-9591\" src=\"https:\/\/thanglongbeauty.vn\/wp-content\/uploads\/2025\/10\/si-BONG-TAY-TRANG-POP-PUP-90-MIENG-300x300.png\" alt=\"\" width=\"300\" height=\"300\" srcset=\"https:\/\/thanglongbeauty.vn\/wp-content\/uploads\/2025\/10\/si-BONG-TAY-TRANG-POP-PUP-90-MIENG-300x300.png 300w, https:\/\/thanglongbeauty.vn\/wp-content\/uploads\/2025\/10\/si-BONG-TAY-TRANG-POP-PUP-90-MIENG-150x150.png 150w, https:\/\/thanglongbeauty.vn\/wp-content\/uploads\/2025\/10\/si-BONG-TAY-TRANG-POP-PUP-90-MIENG-768x768.png 768w, https:\/\/thanglongbeauty.vn\/wp-content\/uploads\/2025\/10\/si-BONG-TAY-TRANG-POP-PUP-90-MIENG-600x600.png 600w, https:\/\/thanglongbeauty.vn\/wp-content\/uploads\/2025\/10\/si-BONG-TAY-TRANG-POP-PUP-90-MIENG-100x100.png 100w, https:\/\/thanglongbeauty.vn\/wp-content\/uploads\/2025\/10\/si-BONG-TAY-TRANG-POP-PUP-90-MIENG-64x64.png 64w, https:\/\/thanglongbeauty.vn\/wp-content\/uploads\/2025\/10\/si-BONG-TAY-TRANG-POP-PUP-90-MIENG.png 900w\" sizes=\"auto, (max-width: 300px) 100vw, 300px\" \/><\/a><a href=\"https:\/\/thanglongbeauty.vn\/wp-content\/uploads\/2025\/10\/si-BONG-TAY-TRANG-POP-PUP-100-MIENG.png\"><img loading=\"lazy\" decoding=\"async\" class=\"alignnone size-medium wp-image-9592\" src=\"https:\/\/thanglongbeauty.vn\/wp-content\/uploads\/2025\/10\/si-BONG-TAY-TRANG-POP-PUP-100-MIENG-300x300.png\" alt=\"\" width=\"300\" height=\"300\" srcset=\"https:\/\/thanglongbeauty.vn\/wp-content\/uploads\/2025\/10\/si-BONG-TAY-TRANG-POP-PUP-100-MIENG-300x300.png 300w, https:\/\/thanglongbeauty.vn\/wp-content\/uploads\/2025\/10\/si-BONG-TAY-TRANG-POP-PUP-100-MIENG-150x150.png 150w, https:\/\/thanglongbeauty.vn\/wp-content\/uploads\/2025\/10\/si-BONG-TAY-TRANG-POP-PUP-100-MIENG-768x768.png 768w, https:\/\/thanglongbeauty.vn\/wp-content\/uploads\/2025\/10\/si-BONG-TAY-TRANG-POP-PUP-100-MIENG-600x600.png 600w, https:\/\/thanglongbeauty.vn\/wp-content\/uploads\/2025\/10\/si-BONG-TAY-TRANG-POP-PUP-100-MIENG-100x100.png 100w, https:\/\/thanglongbeauty.vn\/wp-content\/uploads\/2025\/10\/si-BONG-TAY-TRANG-POP-PUP-100-MIENG-64x64.png 64w, https:\/\/thanglongbeauty.vn\/wp-content\/uploads\/2025\/10\/si-BONG-TAY-TRANG-POP-PUP-100-MIENG.png 900w\" sizes=\"auto, (max-width: 300px) 100vw, 300px\" \/><\/a><\/p>\n<p>H\u01b0\u1edbng d\u1eabn s\u1eed d\u1ee5ng:<br \/>\n\u2013 Khi d\u01b0\u1ee1ng da: t\u1ea9m n\u01b0\u1edbc hoa h\u1ed3ng ho\u1eb7c dung d\u1ecbch d\u01b0\u1ee1ng da l\u00ean mi\u1ebfng b\u00f4ng r\u1ed3i th\u1ea5m nh\u1eb9 nh\u00e0ng v\u00e0o da.<br \/>\n\u2013 Khi t\u1ea9y trang: +c\u00e1ch 1: d\u00f9ng d\u1ea7u t\u1ea9y trang massage m\u1eb7t, sau \u0111\u00f3 s\u1eed d\u1ee5ng b\u00f4ng t\u1ea9y trang lau s\u1ea1ch +c\u00e1ch 2: T\u1ea9m d\u1ea7u t\u1ea9y trang l\u00ean b\u00f4ng, sau \u0111\u00f3 d\u00f9ng b\u00f4ng t\u1ea9y trang lau tr\u1ef1c ti\u1ebfp l\u00ean da<\/p>\n<p>Th\u00e0nh ph\u1ea7n:<br \/>\n\u2013 B\u00f4ng 100% cotton, V\u1ea3i kh\u00f4ng d\u1ec7t l\u1ed7<br \/>\n\u2013 Quy C\u00e1ch: 5*6cm\/ mi\u1ebfng. \u0110\u00f3ng g\u00f3i 90 mi\u1ebfng\/ g\u00f3i<br \/>\n\u2013 H\u1ea1n s\u1eed d\u1ee5ng: 5 n\u0103m k\u1ec3 t\u1eeb ng\u00e0y s\u1ea3n xu\u1ea5t<\/p>\n<p>\u2764\ufe0fC\u1ea2M \u01a0N B\u1ea0N \u0110\u00c3 L\u1ef0A CH\u1eccN V\u00c0 TIN D\u00d9NG S\u1ea2N PH\u1ea8M C\u1ee6A SHOP!<br \/>\n\u2764\ufe0fFOLLOW NGAY \u0110\u1ec2 KH\u00d4NG B\u1ece L\u1ee0 B\u1ea4T K\u00cc \u01afU \u0110\u00c3I N\u00c0O C\u1ee6A SHOP NH\u00c9!<br \/>\n\u2764\ufe0fCH\u00daC B\u1ea0N C\u00d3 NH\u1eeeNG GI\u00c2Y PH\u00daT MUA S\u1eaeM VUI V\u1eba<\/p>\n<p>Th\u0103ng Long_beauty &#8211; C\u00f4ng TY TNHH D\u1ecaCH V\u1ee4 PH\u00c2N PH\u1ed0I TH\u0102NG LONG l\u00e0 m\u1ed9t c\u00f4ng ty chuy\u00ean cung c\u1ea5p c\u00e1c s\u1ea3n ph\u1ea9m \u0111\u1ed3 cho m\u1eb9 v\u00e0 b\u00e9, nh\u1eefng s\u1ea3n ph\u1ea9m ch\u0103m s\u00f3c s\u1ee9c kh\u1ecfe \u2013 l\u00e0m \u0111\u1eb9p v\u00e0 kh\u1ea9u trang y t\u1ebf. Li\u00ean h\u1ec7 \u0111\u1ec3 \u0111\u01b0\u1ee3c mua gi\u00e1 s\u1ec9 c\u1ef1c \u01b0u \u0111\u00e3i<\/p>\n<p><a href=\"https:\/\/thanglongbeauty.vn\/wp-content\/uploads\/2025\/10\/si-bong-tay-trang.png\"><img loading=\"lazy\" decoding=\"async\" class=\"alignnone size-medium wp-image-9595\" src=\"https:\/\/thanglongbeauty.vn\/wp-content\/uploads\/2025\/10\/si-bong-tay-trang-300x157.png\" alt=\"\" width=\"300\" height=\"157\" srcset=\"https:\/\/thanglongbeauty.vn\/wp-content\/uploads\/2025\/10\/si-bong-tay-trang-300x157.png 300w, https:\/\/thanglongbeauty.vn\/wp-content\/uploads\/2025\/10\/si-bong-tay-trang-1024x536.png 1024w, https:\/\/thanglongbeauty.vn\/wp-content\/uploads\/2025\/10\/si-bong-tay-trang-768x402.png 768w, https:\/\/thanglongbeauty.vn\/wp-content\/uploads\/2025\/10\/si-bong-tay-trang-600x314.png 600w, https:\/\/thanglongbeauty.vn\/wp-content\/uploads\/2025\/10\/si-bong-tay-trang-64x33.png 64w, https:\/\/thanglongbeauty.vn\/wp-content\/uploads\/2025\/10\/si-bong-tay-trang.png 1200w\" sizes=\"auto, (max-width: 300px) 100vw, 300px\" \/><\/a><br \/>\n#bongtaytrang #bongduongda #pop-puf #b\u00f4ngtaytrang2congdung<\/p>\n","protected":false},"excerpt":{"rendered":"<p>B\u00f4ng T\u1ea9y Trang, B\u00f4ng Trang \u0110i\u1ec3m POP PUF 2 c\u00f4ng d\u1ee5ng: t\u1ea9y trang v\u00e0 d\u01b0\u1ee1ng da B\u1ea1n n\u00ean s\u1eed d\u1ee5ng s\u1ea3n ph\u1ea9m b\u00f4ng t\u1ea9y trang POP PUF v\u00ec. \u2013 S\u1ea3n ph\u1ea9m \u0111\u01b0\u1ee3c l\u00e0m t\u1eeb 100% cotton t\u1ef1 nhi\u00ean, t\u1ea1o s\u1ef1 m\u1ec1m m\u1ea1i, tho\u1ea3i m\u00e1i khi s\u1eed d\u1ee5ng \u2013 S\u1ee3i b\u00f4ng d\u00e0i v\u1edbi k\u1ebft c\u1ea5u ch\u1eb7t&#8230;<\/p>\n","protected":false},"featured_media":9590,"comment_status":"open","ping_status":"closed","template":"","meta":[],"product_brand":[1524],"product_cat":[15,1475,1486,1398,1440],"product_tag":[148,532,197,520,212,1664,1666,214],"class_list":{"0":"post-9445","1":"product","2":"type-product","3":"status-publish","4":"has-post-thumbnail","6":"product_brand-pop-puf","7":"product_cat-chua-phan-loai","8":"product_cat-bong-tay-trang","9":"product_cat-bong-tay-trang-2","10":"product_cat-cham-soc-da","11":"product_cat-pop-pup-thuong-hieu-ban-yeu-thich","12":"product_tag-bong-tay-trang","13":"product_tag-bong-tay-trang-150-mieng","14":"product_tag-bong-tay-trang-222","15":"product_tag-bong-tay-trang-cotton","16":"product_tag-bong-tay-trang-han-quoc","17":"product_tag-bong-tay-trang-quoc-dan","18":"product_tag-bong-trang-diem-pop-puf","19":"product_tag-cotton-pads","21":"first","22":"instock","23":"sale","24":"shipping-taxable","25":"purchasable","26":"product-type-simple"},"acf":[],"_links":{"self":[{"href":"https:\/\/thanglongbeauty.vn\/index.php?rest_route=\/wp\/v2\/product\/9445","targetHints":{"allow":["GET"]}}],"collection":[{"href":"https:\/\/thanglongbeauty.vn\/index.php?rest_route=\/wp\/v2\/product"}],"about":[{"href":"https:\/\/thanglongbeauty.vn\/index.php?rest_route=\/wp\/v2\/types\/product"}],"replies":[{"embeddable":true,"href":"https:\/\/thanglongbeauty.vn\/index.php?rest_route=%2Fwp%2Fv2%2Fcomments&post=9445"}],"wp:featuredmedia":[{"embeddable":true,"href":"https:\/\/thanglongbeauty.vn\/index.php?rest_route=\/wp\/v2\/media\/9590"}],"wp:attachment":[{"href":"https:\/\/thanglongbeauty.vn\/index.php?rest_route=%2Fwp%2Fv2%2Fmedia&parent=9445"}],"wp:term":[{"taxonomy":"product_brand","embeddable":true,"href":"https:\/\/thanglongbeauty.vn\/index.php?rest_route=%2Fwp%2Fv2%2Fproduct_brand&post=9445"},{"taxonomy":"product_cat","embeddable":true,"href":"https:\/\/thanglongbeauty.vn\/index.php?rest_route=%2Fwp%2Fv2%2Fproduct_cat&post=9445"},{"taxonomy":"product_tag","embeddable":true,"href":"https:\/\/thanglongbeauty.vn\/index.php?rest_route=%2Fwp%2Fv2%2Fproduct_tag&post=9445"}],"curies":[{"name":"wp","href":"https:\/\/api.w.org\/{rel}","templated":true}]}}