{"id":9447,"date":"2025-10-20T11:05:15","date_gmt":"2025-10-20T11:05:15","guid":{"rendered":"https:\/\/thanglongbeauty.vn\/san-pham\/khau-trang-khang-khuan-kf94-ngoc-mai-trang\/"},"modified":"2026-03-23T10:57:23","modified_gmt":"2026-03-23T10:57:23","slug":"khau-trang-khang-khuan-kf94-ngoc-mai-trang","status":"publish","type":"product","link":"https:\/\/thanglongbeauty.vn\/?product=khau-trang-khang-khuan-kf94-ngoc-mai-trang","title":{"rendered":"Kh\u1ea9u trang Kh\u00e1ng Khu\u1ea9n KF94 Ng\u1ecdc Mai tr\u1eafng"},"content":{"rendered":"<p>Kh\u1ea9u trang y t\u1ebf cao c\u1ea5p KF 94 4D Ng\u1ecdc Mai 4 l\u1edbp (1 b\u1ecbch 10 chi\u1ebfc)<\/p>\n<p><a href=\"https:\/\/thanglongbeauty.vn\/wp-content\/uploads\/2025\/10\/khau-trang-ngoc-mai-kf94-MAU-DU-LOAI.png\"><img loading=\"lazy\" decoding=\"async\" class=\"alignnone size-medium wp-image-10146\" src=\"https:\/\/thanglongbeauty.vn\/wp-content\/uploads\/2025\/10\/khau-trang-ngoc-mai-kf94-MAU-DU-LOAI-300x169.png\" alt=\"\" width=\"300\" height=\"169\" srcset=\"https:\/\/thanglongbeauty.vn\/wp-content\/uploads\/2025\/10\/khau-trang-ngoc-mai-kf94-MAU-DU-LOAI-300x169.png 300w, https:\/\/thanglongbeauty.vn\/wp-content\/uploads\/2025\/10\/khau-trang-ngoc-mai-kf94-MAU-DU-LOAI-1024x576.png 1024w, https:\/\/thanglongbeauty.vn\/wp-content\/uploads\/2025\/10\/khau-trang-ngoc-mai-kf94-MAU-DU-LOAI-768x432.png 768w, https:\/\/thanglongbeauty.vn\/wp-content\/uploads\/2025\/10\/khau-trang-ngoc-mai-kf94-MAU-DU-LOAI-600x337.png 600w, https:\/\/thanglongbeauty.vn\/wp-content\/uploads\/2025\/10\/khau-trang-ngoc-mai-kf94-MAU-DU-LOAI-64x36.png 64w, https:\/\/thanglongbeauty.vn\/wp-content\/uploads\/2025\/10\/khau-trang-ngoc-mai-kf94-MAU-DU-LOAI.png 1366w\" sizes=\"auto, (max-width: 300px) 100vw, 300px\" \/><\/a><br \/>\nTh\u00e0nh ph\u1ea7n<br \/>\n+ v\u1ea3i kh\u00f4ng d\u1ec7t cao c\u1ea5p, thanh n\u1eb9p m\u0169i, 1 l\u1edbp gi\u1ea5y kho\u00e1ng khu\u1ea9n<br \/>\n\u0110\u1eb7c \u0111i\u1ec3m<br \/>\n+Ch\u1ea5t li\u1ec7u si\u00eau m\u1ec1m m\u1ecbm \u00eam \u00e1i khi s\u1eed d\u1ee5ng<br \/>\n+ Thi\u1ebft k\u1ebf 4D th\u00f4ng minh \u00f4m kh\u00edt v\u00f9ng m\u1eb7t, thi\u1ebft k\u1ebf \u0111a chi\u1ec1u tho\u00e1ng kh\u00ed<br \/>\n+ D\u1ec5 th\u1edf, thi\u1ebft k\u1ebf th\u1eddi trang, ch\u1ed1ng \u0111\u01b0\u1ee3c b\u1ee5i m\u1ecbn<br \/>\n&#8211; Kh\u00f4ng d\u00ednh son v\u00e0 l\u1edbp makeup r\u1ea5t ti\u1ec7n v\u00e0 th\u00edch h\u1ee3p cho ch\u1ecb em ph\u1ee5 n\u1eef<br \/>\n&#8211; Kh\u00f4ng b\u1ecb m\u1edd k\u00ednh khi \u0111eo v\u00ec c\u00f3 thi\u1ebft k\u1ebf 3D \u00f4m s\u00e1t m\u1eb7t r\u1ea5t k\u00edn, quai \u0111eo kh\u00f4ng b\u1ecb \u0111au tai<br \/>\n&#8211; Thi\u1ebft k\u1ebf oval g\u1eadp, d\u1ec5 d\u00e0ng g\u1ea5p l\u1ea1i b\u1ecf t\u00fai<br \/>\n&#8211; Ch\u1ea5t li\u1ec7u v\u1ea3i kh\u00f4ng d\u1ec7t cao c\u1ea5p kh\u00f4ng k\u00edch \u1ee9ng da m\u1eb7t \u0111\u1ed1i v\u1edbi ng\u01b0\u1eddi c\u00f3 da nh\u1ea1y c\u1ea3m<br \/>\n&#8211; Quy C\u00e1ch: B\u1ecbch 10 c\u00e1i<br \/>\nT\u00c1C D\u1ee4NG: B\u1ea3o v\u1ec7 c\u01a1 quan h\u00f4 h\u1ea5p khi c\u00e1c t\u00e1c nh\u00e2n g\u00e2y h\u1ea1i nh\u01b0 kh\u00f3i b\u1ee5i, vi khu\u1ea9n v\u00e0 c\u00e1c ngu\u1ed3n b\u1ec7nh l\u00e2y nhi\u1ec5m<br \/>\nL\u01afU \u00dd S\u1eec D\u1ee4NG :<br \/>\n+ Kh\u00f4ng ch\u1ea1m v\u00e0o b\u1ec1 m\u1eb7t s\u1eed d\u1ee5ng khi \u0111eo<br \/>\n+ Kh\u00f4ng gi\u1eb7t l\u1ea1i s\u1ea3n ph\u1ea9m khi s\u1eed d\u1ee5ng<br \/>\n+ Kh\u00f4ng s\u1eed d\u1ee5ng kh\u1ea9u trang khi \u0111\u00e3 b\u1ecb bi\u1ebfn d\u1ea1ng v\u00e0 r\u00e1ch n\u00e1t<br \/>\n&#8212;&#8212;-<br \/>\nTh\u0103ng Long_beauty &#8211; C\u00f4ng TY TNHH D\u1ecaCH V\u1ee4 PH\u00c2N PH\u1ed0I TH\u0102NG LONG l\u00e0 m\u1ed9t c\u00f4ng ty chuy\u00ean cung c\u1ea5p c\u00e1c s\u1ea3n ph\u1ea9m \u0111\u1ed3 cho m\u1eb9 v\u00e0 b\u00e9, nh\u1eefng s\u1ea3n ph\u1ea9m ch\u0103m s\u00f3c s\u1ee9c kh\u1ecfe \u2013 l\u00e0m \u0111\u1eb9p v\u00e0 kh\u1ea9u trang y t\u1ebf.<br \/>\nLi\u00ean h\u1ec7 \u0111\u1ec3 \u0111\u01b0\u1ee3c mua gi\u00e1 s\u1ec9 c\u1ef1c \u01b0u \u0111\u00e3i<\/p>\n","protected":false},"excerpt":{"rendered":"<p>Kh\u1ea9u trang y t\u1ebf cao c\u1ea5p KF 94 4D Ng\u1ecdc Mai 4 l\u1edbp (1 b\u1ecbch 10 chi\u1ebfc) Th\u00e0nh ph\u1ea7n + v\u1ea3i kh\u00f4ng d\u1ec7t cao c\u1ea5p, thanh n\u1eb9p m\u0169i, 1 l\u1edbp gi\u1ea5y kho\u00e1ng khu\u1ea9n \u0110\u1eb7c \u0111i\u1ec3m +Ch\u1ea5t li\u1ec7u si\u00eau m\u1ec1m m\u1ecbm \u00eam \u00e1i khi s\u1eed d\u1ee5ng + Thi\u1ebft k\u1ebf 4D th\u00f4ng minh \u00f4m kh\u00edt v\u00f9ng m\u1eb7t,&#8230;<\/p>\n","protected":false},"featured_media":10148,"comment_status":"open","ping_status":"closed","template":"","meta":[],"product_brand":[1491],"product_cat":[15,1393,1394,1396],"product_tag":[222,1778,1777,201,1632,1781,498,1780,1633],"class_list":{"0":"post-9447","1":"product","2":"type-product","3":"status-publish","4":"has-post-thumbnail","6":"product_brand-ngoc-mai","7":"product_cat-chua-phan-loai","8":"product_cat-cham-soc-suc-khoe","9":"product_cat-khau-trang-y-te","10":"product_cat-khau-trang-nguoi-lon","11":"product_tag-3d-mask","12":"product_tag-inci-mask","13":"product_tag-khau-tran-4-lop","14":"product_tag-khau-trang","15":"product_tag-khau-trang-3d","16":"product_tag-khau-trang-3d-mask","17":"product_tag-khau-trang-5d","18":"product_tag-khau-trang-kf94","19":"product_tag-khau-trang-y-te","21":"first","22":"instock","23":"shipping-taxable","24":"purchasable","25":"product-type-simple"},"acf":[],"_links":{"self":[{"href":"https:\/\/thanglongbeauty.vn\/index.php?rest_route=\/wp\/v2\/product\/9447","targetHints":{"allow":["GET"]}}],"collection":[{"href":"https:\/\/thanglongbeauty.vn\/index.php?rest_route=\/wp\/v2\/product"}],"about":[{"href":"https:\/\/thanglongbeauty.vn\/index.php?rest_route=\/wp\/v2\/types\/product"}],"replies":[{"embeddable":true,"href":"https:\/\/thanglongbeauty.vn\/index.php?rest_route=%2Fwp%2Fv2%2Fcomments&post=9447"}],"wp:featuredmedia":[{"embeddable":true,"href":"https:\/\/thanglongbeauty.vn\/index.php?rest_route=\/wp\/v2\/media\/10148"}],"wp:attachment":[{"href":"https:\/\/thanglongbeauty.vn\/index.php?rest_route=%2Fwp%2Fv2%2Fmedia&parent=9447"}],"wp:term":[{"taxonomy":"product_brand","embeddable":true,"href":"https:\/\/thanglongbeauty.vn\/index.php?rest_route=%2Fwp%2Fv2%2Fproduct_brand&post=9447"},{"taxonomy":"product_cat","embeddable":true,"href":"https:\/\/thanglongbeauty.vn\/index.php?rest_route=%2Fwp%2Fv2%2Fproduct_cat&post=9447"},{"taxonomy":"product_tag","embeddable":true,"href":"https:\/\/thanglongbeauty.vn\/index.php?rest_route=%2Fwp%2Fv2%2Fproduct_tag&post=9447"}],"curies":[{"name":"wp","href":"https:\/\/api.w.org\/{rel}","templated":true}]}}