{"id":9475,"date":"2025-10-20T11:05:20","date_gmt":"2025-10-20T11:05:20","guid":{"rendered":"https:\/\/thanglongbeauty.vn\/san-pham\/sua-chong-nang-trang-da-sunplay-skin-aqua\/"},"modified":"2025-10-31T08:29:00","modified_gmt":"2025-10-31T08:29:00","slug":"sua-chong-nang-trang-da-sunplay-skin-aqua","status":"publish","type":"product","link":"https:\/\/thanglongbeauty.vn\/?product=sua-chong-nang-trang-da-sunplay-skin-aqua","title":{"rendered":"S\u1eefa Ch\u1ed1ng N\u1eafng Tr\u1eafng Da Sunplay Skin Aqua"},"content":{"rendered":"<p>S\u1eefa Ch\u1ed1ng N\u1eafng Sunplay Skin Aqua Clear White SPF50+ PA++++ l\u00e0 d\u00f2ng s\u1ea3n ph\u1ea9m ch\u1ed1ng n\u1eafng d\u00e0nh ri\u00eang cho da m\u1eb7t \u0111\u1ebfn t\u1eeb th\u01b0\u01a1ng hi\u1ec7u ch\u1ed1ng n\u1eafng Sunplay Skin Aqua, v\u1edbi c\u00f4ng th\u1ee9c c\u1ea3i ti\u1ebfn m\u1edbi n\u0103m 2021, \u1ee9ng d\u1ee5ng c\u00f4ng ngh\u1ec7 CH\u1ed0NG N\u1eaeNG &#8211; GI\u1eee \u1ea8M \u0111\u1ed9t ph\u00e1 t\u1eeb Nh\u1eadt B\u1ea3n gi\u00fap ch\u1ed1ng n\u1eafng m\u1ea1nh m\u1ebd v\u00e0 b\u1ec1n b\u00ec tr\u00ean da, \u0111\u1ed3ng th\u1eddi h\u1ea1n ch\u1ebf t\u00ecnh tr\u1ea1ng m\u1ea5t n\u01b0\u1edbc v\u00e0 duy tr\u00ec \u0111\u1ed9 \u1ea9m t\u1ed1i \u01b0u. \u0110\u1eb7c bi\u1ec7t, s\u1ea3n ph\u1ea9m c\u00f2n c\u00f3 c\u00f4ng d\u1ee5ng ki\u1ec3m so\u00e1t b\u00e3 nh\u1eddn v\u00e0 d\u01b0\u1ee1ng da s\u00e1ng m\u1ecbn \u0111\u1ec1u m\u00e0u, l\u00e0 gi\u1ea3i ph\u00e1p l\u00fd t\u01b0\u1edfng d\u00e0nh cho c\u00e1c c\u00f4 n\u00e0ng da d\u1ea7u nh\u1eddn trong m\u00f9a h\u00e8 n\u00f3ng b\u1ee9c.<\/p>\n<p><a href=\"https:\/\/thanglongbeauty.vn\/wp-content\/uploads\/2025\/10\/Sua-Chong-Nang-Sunplay-Skin-Aqua-55g.png\"><img loading=\"lazy\" decoding=\"async\" class=\"alignnone size-medium wp-image-9976\" src=\"https:\/\/thanglongbeauty.vn\/wp-content\/uploads\/2025\/10\/Sua-Chong-Nang-Sunplay-Skin-Aqua-55g-300x300.png\" alt=\"\" width=\"300\" height=\"300\" srcset=\"https:\/\/thanglongbeauty.vn\/wp-content\/uploads\/2025\/10\/Sua-Chong-Nang-Sunplay-Skin-Aqua-55g-300x300.png 300w, https:\/\/thanglongbeauty.vn\/wp-content\/uploads\/2025\/10\/Sua-Chong-Nang-Sunplay-Skin-Aqua-55g-150x150.png 150w, https:\/\/thanglongbeauty.vn\/wp-content\/uploads\/2025\/10\/Sua-Chong-Nang-Sunplay-Skin-Aqua-55g-768x768.png 768w, https:\/\/thanglongbeauty.vn\/wp-content\/uploads\/2025\/10\/Sua-Chong-Nang-Sunplay-Skin-Aqua-55g-600x600.png 600w, https:\/\/thanglongbeauty.vn\/wp-content\/uploads\/2025\/10\/Sua-Chong-Nang-Sunplay-Skin-Aqua-55g-100x100.png 100w, https:\/\/thanglongbeauty.vn\/wp-content\/uploads\/2025\/10\/Sua-Chong-Nang-Sunplay-Skin-Aqua-55g-64x64.png 64w, https:\/\/thanglongbeauty.vn\/wp-content\/uploads\/2025\/10\/Sua-Chong-Nang-Sunplay-Skin-Aqua-55g.png 1000w\" sizes=\"auto, (max-width: 300px) 100vw, 300px\" \/><\/a><\/p>\n<p>S\u1eefa Ch\u1ed1ng N\u1eafng Sunplay Skin Aqua Clear White SPF50+ PA++++ D\u01b0\u1ee1ng Da S\u00e1ng M\u1ecbn hi\u1ec7n \u0111\u00e3 c\u00f3 m\u1eb7t t\u1ea1i Th\u0103ng Long v\u1edbi 2 phi\u00ean b\u1ea3n (giao ng\u1eabu nhi\u00ean):<\/p>\n<p>Phi\u00ean b\u1ea3n th\u01b0\u1eddng &#8211; 25g \/ 55g<\/p>\n<p>Phi\u00ean b\u1ea3n gi\u1edbi h\u1ea1n Vi\u1ec7t Nam \u01a0i (Limited Edition 2022) &#8211; 25g<\/p>\n<p>Lo\u1ea1i da ph\u00f9 h\u1ee3p:<\/p>\n<p>S\u1ea3n ph\u1ea9m ph\u00f9 h\u1ee3p cho da d\u1ea7u, h\u1ed7n h\u1ee3p d\u1ea7u.<\/p>\n<p>Gi\u1ea3i ph\u00e1p cho t\u00ecnh tr\u1ea1ng da:<\/p>\n<p>Da d\u1ea7u th\u1eeba &#8211; l\u1ed7 ch\u00e2n l\u00f4ng to<\/p>\n<p><strong>\u01afu th\u1ebf n\u1ed5i b\u1eadt:<\/strong><\/p>\n<p>Ch\u1ec9 s\u1ed1 ch\u1ed1ng n\u1eafng SPF50+, PA++++ gi\u00fap ch\u1ed1ng n\u1eafng hi\u1ec7u qu\u1ea3, b\u1ea3o v\u1ec7 da kh\u1ecfi s\u1ea1m n\u00e1m, t\u00e0n nhang, ch\u00e1y n\u1eafng v\u00e0 c\u00e1c d\u1ea5u hi\u1ec7u l\u00e3o h\u00f3a da.<\/p>\n<p>C\u00f4ng ngh\u1ec7 Watery Capsule ch\u1ee9a c\u00e1c h\u1ea1t ch\u1ed1ng n\u1eafng \u0111\u01b0\u1ee3c bao b\u1ecdc trong l\u1edbp m\u00e0ng n\u01b0\u1edbc gi\u00fap ph\u1ea3n x\u1ea1 \u0111a chi\u1ec1u tia UVA\/UVB, cho kh\u1ea3 n\u0103ng ch\u1ed1ng n\u1eafng t\u1ed1i \u01b0u v\u00e0 b\u1ec1n b\u1ec9 tr\u00ean da nhi\u1ec1u gi\u1edd li\u1ec1n.<\/p>\n<p>C\u00f4ng ngh\u1ec7 Ceramide Boost gi\u00fap t\u0103ng c\u01b0\u1eddng h\u00e0ng r\u00e0o b\u1ea3o v\u1ec7 v\u00e0 h\u1ea1n ch\u1ebf m\u1ea5t n\u01b0\u1edbc khi da ti\u1ebfp x\u00fac v\u1edbi \u00e1nh n\u1eafng, duy tr\u00ec \u0111\u1ed9 \u1ea9m t\u1ed1i \u01b0u cho da.<\/p>\n<p>Vitamin C &amp; B3 gi\u00fap l\u00e0m m\u1edd c\u00e1c v\u00f9ng da s\u1ea1m m\u00e0u, d\u01b0\u1ee1ng da s\u00e1ng m\u1ecbn.<\/p>\n<p>Ki\u1ec3m so\u00e1t d\u1ea7u th\u1eeba hi\u1ec7u qu\u1ea3 v\u1edbi c\u00e1c h\u1ea1t ph\u1ea5n si\u00eau m\u1ecbn c\u00f3 kh\u1ea3 n\u0103ng h\u1ea5p thu b\u00e3 nh\u1eddn.<\/p>\n<p>C\u00f4ng th\u1ee9c 5 KH\u00d4NG: c\u1ed3n, d\u1ea7u kho\u00e1ng, paraben, h\u01b0\u01a1ng li\u1ec7u, ch\u1ea5t t\u1ea1o m\u00e0u.<\/p>\n<p><a href=\"https:\/\/thanglongbeauty.vn\/wp-content\/uploads\/2025\/10\/Sua-Chong-Nang-nang-tone-Sunplay-Skin-Aqua-Duong-Da-Sang-Min-55g-Clear-White-SPF50-Pa.png\"><img loading=\"lazy\" decoding=\"async\" class=\"alignnone size-medium wp-image-9975\" src=\"https:\/\/thanglongbeauty.vn\/wp-content\/uploads\/2025\/10\/Sua-Chong-Nang-nang-tone-Sunplay-Skin-Aqua-Duong-Da-Sang-Min-55g-Clear-White-SPF50-Pa-300x300.png\" alt=\"\" width=\"300\" height=\"300\" srcset=\"https:\/\/thanglongbeauty.vn\/wp-content\/uploads\/2025\/10\/Sua-Chong-Nang-nang-tone-Sunplay-Skin-Aqua-Duong-Da-Sang-Min-55g-Clear-White-SPF50-Pa-300x300.png 300w, https:\/\/thanglongbeauty.vn\/wp-content\/uploads\/2025\/10\/Sua-Chong-Nang-nang-tone-Sunplay-Skin-Aqua-Duong-Da-Sang-Min-55g-Clear-White-SPF50-Pa-150x150.png 150w, https:\/\/thanglongbeauty.vn\/wp-content\/uploads\/2025\/10\/Sua-Chong-Nang-nang-tone-Sunplay-Skin-Aqua-Duong-Da-Sang-Min-55g-Clear-White-SPF50-Pa-768x768.png 768w, https:\/\/thanglongbeauty.vn\/wp-content\/uploads\/2025\/10\/Sua-Chong-Nang-nang-tone-Sunplay-Skin-Aqua-Duong-Da-Sang-Min-55g-Clear-White-SPF50-Pa-600x600.png 600w, https:\/\/thanglongbeauty.vn\/wp-content\/uploads\/2025\/10\/Sua-Chong-Nang-nang-tone-Sunplay-Skin-Aqua-Duong-Da-Sang-Min-55g-Clear-White-SPF50-Pa-100x100.png 100w, https:\/\/thanglongbeauty.vn\/wp-content\/uploads\/2025\/10\/Sua-Chong-Nang-nang-tone-Sunplay-Skin-Aqua-Duong-Da-Sang-Min-55g-Clear-White-SPF50-Pa-64x64.png 64w, https:\/\/thanglongbeauty.vn\/wp-content\/uploads\/2025\/10\/Sua-Chong-Nang-nang-tone-Sunplay-Skin-Aqua-Duong-Da-Sang-Min-55g-Clear-White-SPF50-Pa.png 1000w\" sizes=\"auto, (max-width: 300px) 100vw, 300px\" \/><\/a> \u00a0<a href=\"https:\/\/thanglongbeauty.vn\/wp-content\/uploads\/2025\/10\/review-Sua-Chong-Nang-Sunplay-Skin-Aqua-Duong-Da-Sang-Min-55g-Clear-White-SPF50-Pa.png\"><img loading=\"lazy\" decoding=\"async\" class=\"alignnone size-medium wp-image-9973\" src=\"https:\/\/thanglongbeauty.vn\/wp-content\/uploads\/2025\/10\/review-Sua-Chong-Nang-Sunplay-Skin-Aqua-Duong-Da-Sang-Min-55g-Clear-White-SPF50-Pa-300x300.png\" alt=\"\" width=\"300\" height=\"300\" srcset=\"https:\/\/thanglongbeauty.vn\/wp-content\/uploads\/2025\/10\/review-Sua-Chong-Nang-Sunplay-Skin-Aqua-Duong-Da-Sang-Min-55g-Clear-White-SPF50-Pa-300x300.png 300w, https:\/\/thanglongbeauty.vn\/wp-content\/uploads\/2025\/10\/review-Sua-Chong-Nang-Sunplay-Skin-Aqua-Duong-Da-Sang-Min-55g-Clear-White-SPF50-Pa-150x150.png 150w, https:\/\/thanglongbeauty.vn\/wp-content\/uploads\/2025\/10\/review-Sua-Chong-Nang-Sunplay-Skin-Aqua-Duong-Da-Sang-Min-55g-Clear-White-SPF50-Pa-768x768.png 768w, https:\/\/thanglongbeauty.vn\/wp-content\/uploads\/2025\/10\/review-Sua-Chong-Nang-Sunplay-Skin-Aqua-Duong-Da-Sang-Min-55g-Clear-White-SPF50-Pa-600x600.png 600w, https:\/\/thanglongbeauty.vn\/wp-content\/uploads\/2025\/10\/review-Sua-Chong-Nang-Sunplay-Skin-Aqua-Duong-Da-Sang-Min-55g-Clear-White-SPF50-Pa-100x100.png 100w, https:\/\/thanglongbeauty.vn\/wp-content\/uploads\/2025\/10\/review-Sua-Chong-Nang-Sunplay-Skin-Aqua-Duong-Da-Sang-Min-55g-Clear-White-SPF50-Pa-64x64.png 64w, https:\/\/thanglongbeauty.vn\/wp-content\/uploads\/2025\/10\/review-Sua-Chong-Nang-Sunplay-Skin-Aqua-Duong-Da-Sang-Min-55g-Clear-White-SPF50-Pa.png 1000w\" sizes=\"auto, (max-width: 300px) 100vw, 300px\" \/><\/a> <a href=\"https:\/\/thanglongbeauty.vn\/wp-content\/uploads\/2025\/10\/kem-Chong-Nang-Sunplay-Skin-Aqua-Duong-Da-Sang-Min-55g-Clear-White-SPF50-Pa.png\"><img loading=\"lazy\" decoding=\"async\" class=\"alignnone size-medium wp-image-9972\" src=\"https:\/\/thanglongbeauty.vn\/wp-content\/uploads\/2025\/10\/kem-Chong-Nang-Sunplay-Skin-Aqua-Duong-Da-Sang-Min-55g-Clear-White-SPF50-Pa-300x300.png\" alt=\"\" width=\"300\" height=\"300\" srcset=\"https:\/\/thanglongbeauty.vn\/wp-content\/uploads\/2025\/10\/kem-Chong-Nang-Sunplay-Skin-Aqua-Duong-Da-Sang-Min-55g-Clear-White-SPF50-Pa-300x300.png 300w, https:\/\/thanglongbeauty.vn\/wp-content\/uploads\/2025\/10\/kem-Chong-Nang-Sunplay-Skin-Aqua-Duong-Da-Sang-Min-55g-Clear-White-SPF50-Pa-150x150.png 150w, https:\/\/thanglongbeauty.vn\/wp-content\/uploads\/2025\/10\/kem-Chong-Nang-Sunplay-Skin-Aqua-Duong-Da-Sang-Min-55g-Clear-White-SPF50-Pa-768x768.png 768w, https:\/\/thanglongbeauty.vn\/wp-content\/uploads\/2025\/10\/kem-Chong-Nang-Sunplay-Skin-Aqua-Duong-Da-Sang-Min-55g-Clear-White-SPF50-Pa-600x600.png 600w, https:\/\/thanglongbeauty.vn\/wp-content\/uploads\/2025\/10\/kem-Chong-Nang-Sunplay-Skin-Aqua-Duong-Da-Sang-Min-55g-Clear-White-SPF50-Pa-100x100.png 100w, https:\/\/thanglongbeauty.vn\/wp-content\/uploads\/2025\/10\/kem-Chong-Nang-Sunplay-Skin-Aqua-Duong-Da-Sang-Min-55g-Clear-White-SPF50-Pa-64x64.png 64w, https:\/\/thanglongbeauty.vn\/wp-content\/uploads\/2025\/10\/kem-Chong-Nang-Sunplay-Skin-Aqua-Duong-Da-Sang-Min-55g-Clear-White-SPF50-Pa.png 1000w\" sizes=\"auto, (max-width: 300px) 100vw, 300px\" \/><\/a><\/p>\n<p>Th\u00f4ng s\u1ed1 s\u1ea3n ph\u1ea9m:<\/p>\n<p>Dung t\u00edch: 25g, 55g<\/p>\n<p>Th\u01b0\u01a1ng hi\u1ec7u: Sunplay thu\u1ed9c c\u00f4ng ty TNHH Rohto-Mentholatum (Vietnam)<\/p>\n<p>Xu\u1ea5t x\u1ee9 th\u01b0\u01a1ng hi\u1ec7u: Nh\u1eadt B\u1ea3n<\/p>\n<p>N\u01a1i s\u1ea3n xu\u1ea5t: Vi\u1ec7t Nam<br \/>\nTh\u0103ng Long_beauty &#8211; C\u00f4ng TY TNHH D\u1ecaCH V\u1ee4 PH\u00c2N PH\u1ed0I TH\u0102NG LONG l\u00e0 m\u1ed9t c\u00f4ng ty chuy\u00ean cung c\u1ea5p c\u00e1c s\u1ea3n ph\u1ea9m<\/p>\n<p><a href=\"https:\/\/thanglongbeauty.vn\/wp-content\/uploads\/2025\/10\/Sua-Chong-Nang-Sunplay-Skin-Aqua-Duong-Da-Sang-Min-55g-Clear-White-SPF50-Pa.png\"><img loading=\"lazy\" decoding=\"async\" class=\"alignnone size-medium wp-image-9977\" src=\"https:\/\/thanglongbeauty.vn\/wp-content\/uploads\/2025\/10\/Sua-Chong-Nang-Sunplay-Skin-Aqua-Duong-Da-Sang-Min-55g-Clear-White-SPF50-Pa-300x300.png\" alt=\"\" width=\"300\" height=\"300\" srcset=\"https:\/\/thanglongbeauty.vn\/wp-content\/uploads\/2025\/10\/Sua-Chong-Nang-Sunplay-Skin-Aqua-Duong-Da-Sang-Min-55g-Clear-White-SPF50-Pa-300x300.png 300w, https:\/\/thanglongbeauty.vn\/wp-content\/uploads\/2025\/10\/Sua-Chong-Nang-Sunplay-Skin-Aqua-Duong-Da-Sang-Min-55g-Clear-White-SPF50-Pa-150x150.png 150w, https:\/\/thanglongbeauty.vn\/wp-content\/uploads\/2025\/10\/Sua-Chong-Nang-Sunplay-Skin-Aqua-Duong-Da-Sang-Min-55g-Clear-White-SPF50-Pa-768x768.png 768w, https:\/\/thanglongbeauty.vn\/wp-content\/uploads\/2025\/10\/Sua-Chong-Nang-Sunplay-Skin-Aqua-Duong-Da-Sang-Min-55g-Clear-White-SPF50-Pa-600x600.png 600w, https:\/\/thanglongbeauty.vn\/wp-content\/uploads\/2025\/10\/Sua-Chong-Nang-Sunplay-Skin-Aqua-Duong-Da-Sang-Min-55g-Clear-White-SPF50-Pa-100x100.png 100w, https:\/\/thanglongbeauty.vn\/wp-content\/uploads\/2025\/10\/Sua-Chong-Nang-Sunplay-Skin-Aqua-Duong-Da-Sang-Min-55g-Clear-White-SPF50-Pa-64x64.png 64w, https:\/\/thanglongbeauty.vn\/wp-content\/uploads\/2025\/10\/Sua-Chong-Nang-Sunplay-Skin-Aqua-Duong-Da-Sang-Min-55g-Clear-White-SPF50-Pa.png 1000w\" sizes=\"auto, (max-width: 300px) 100vw, 300px\" \/><\/a><\/p>\n","protected":false},"excerpt":{"rendered":"<p>S\u1eefa Ch\u1ed1ng N\u1eafng Sunplay Skin Aqua Clear White SPF50+ PA++++ l\u00e0 d\u00f2ng s\u1ea3n ph\u1ea9m ch\u1ed1ng n\u1eafng d\u00e0nh ri\u00eang cho da m\u1eb7t \u0111\u1ebfn t\u1eeb th\u01b0\u01a1ng hi\u1ec7u ch\u1ed1ng n\u1eafng Sunplay Skin Aqua, v\u1edbi c\u00f4ng th\u1ee9c c\u1ea3i ti\u1ebfn m\u1edbi n\u0103m 2021, \u1ee9ng d\u1ee5ng c\u00f4ng ngh\u1ec7 CH\u1ed0NG N\u1eaeNG &#8211; GI\u1eee \u1ea8M \u0111\u1ed9t ph\u00e1 t\u1eeb Nh\u1eadt B\u1ea3n gi\u00fap ch\u1ed1ng n\u1eafng&#8230;<\/p>\n","protected":false},"featured_media":9979,"comment_status":"open","ping_status":"closed","template":"","meta":[],"product_brand":[1598],"product_cat":[15,1398,1488,1407],"product_tag":[469,362,465,472,363,473],"class_list":{"0":"post-9475","1":"product","2":"type-product","3":"status-publish","4":"has-post-thumbnail","6":"product_brand-aqua","7":"product_cat-chua-phan-loai","8":"product_cat-cham-soc-da","9":"product_cat-cham-soc-mat","10":"product_cat-kem-chong-nang","11":"product_tag-aqua-skin","12":"product_tag-chong-nang","13":"product_tag-chong-nang-nang-tone","14":"product_tag-chong-nang-nang-tong","15":"product_tag-kem-chong-nang","16":"product_tag-sua-chong-nang","18":"first","19":"onbackorder","20":"shipping-taxable","21":"purchasable","22":"product-type-simple"},"acf":[],"_links":{"self":[{"href":"https:\/\/thanglongbeauty.vn\/index.php?rest_route=\/wp\/v2\/product\/9475","targetHints":{"allow":["GET"]}}],"collection":[{"href":"https:\/\/thanglongbeauty.vn\/index.php?rest_route=\/wp\/v2\/product"}],"about":[{"href":"https:\/\/thanglongbeauty.vn\/index.php?rest_route=\/wp\/v2\/types\/product"}],"replies":[{"embeddable":true,"href":"https:\/\/thanglongbeauty.vn\/index.php?rest_route=%2Fwp%2Fv2%2Fcomments&post=9475"}],"wp:featuredmedia":[{"embeddable":true,"href":"https:\/\/thanglongbeauty.vn\/index.php?rest_route=\/wp\/v2\/media\/9979"}],"wp:attachment":[{"href":"https:\/\/thanglongbeauty.vn\/index.php?rest_route=%2Fwp%2Fv2%2Fmedia&parent=9475"}],"wp:term":[{"taxonomy":"product_brand","embeddable":true,"href":"https:\/\/thanglongbeauty.vn\/index.php?rest_route=%2Fwp%2Fv2%2Fproduct_brand&post=9475"},{"taxonomy":"product_cat","embeddable":true,"href":"https:\/\/thanglongbeauty.vn\/index.php?rest_route=%2Fwp%2Fv2%2Fproduct_cat&post=9475"},{"taxonomy":"product_tag","embeddable":true,"href":"https:\/\/thanglongbeauty.vn\/index.php?rest_route=%2Fwp%2Fv2%2Fproduct_tag&post=9475"}],"curies":[{"name":"wp","href":"https:\/\/api.w.org\/{rel}","templated":true}]}}