{"id":9476,"date":"2025-10-20T11:05:20","date_gmt":"2025-10-20T11:05:20","guid":{"rendered":"https:\/\/thanglongbeauty.vn\/san-pham\/kem-cn-sun-cream-titione-50g240\/"},"modified":"2026-01-13T06:49:54","modified_gmt":"2026-01-13T06:49:54","slug":"kem-cn-sun-cream-titione-50g240","status":"publish","type":"product","link":"https:\/\/thanglongbeauty.vn\/?product=kem-cn-sun-cream-titione-50g240","title":{"rendered":"Kem CN sun cream TiTiOne 50g*240"},"content":{"rendered":"<p>Kem ch\u1ed1ng n\u1eafng kh\u00f4ng g\u00e2y k\u00edch \u1ee9ng da kh\u00f4ng c\u1ea3m gi\u00e1c nh\u1edd r\u00edt ki\u1ec1m d\u1ea7u d\u01b0\u1ee1ng \u1ea9m cho da p<\/p>\n<p>Nh\u00e3n hi\u1ec7u: TITIONE.<\/p>\n<p>Kh\u1ed1i l\u01b0\u1ee3ng t\u1ecbnh: 50g<\/p>\n<p><strong>S\u1ea3n xu\u1ea5t t\u1ea1i Vi\u1ec7t Nam<\/strong><\/p>\n<p><strong>C\u00f4ng d\u1ee5ng:<\/strong><\/p>\n<p>TITIONE ch\u1ecdn l\u1ecdc s\u1ea3n ph\u1ea9m ph\u1ea3i \u0111\u00e1p \u1ee9ng \u0111\u1ee7:<\/p>\n<p>Ch\u1ed1ng n\u1eafng, b\u1ea3o v\u1ec7 da tr\u01b0\u1edbc t\u00e1c h\u1ea1i c\u1ee7a \u00e1nh n\u1eafng, tia UVA\/UVB v\u00e0 t\u00e1c h\u1ea1i c\u1ee7a \u00e1nh s\u00e1ng xanh, d\u01b0\u1ee1ng \u1ea9m, gi\u00fap da ch\u1eafc kh\u1ecfe, ng\u0103n ng\u1eeba c\u00e1c d\u1ea5u hi\u1ec7u l\u00e3o h\u00f3a.<\/p>\n<p><strong>H\u01b0\u1edbng d\u1eabn s\u1eed d\u1ee5ng:<\/strong><\/p>\n<p>L\u1eafc \u0111\u1ec1u tr\u01b0\u1edbc khi s\u1eed d\u1ee5ng. Thoa kem tr\u01b0\u1edbc khi ti\u1ebfp x\u00fac v\u1edbi \u00e1nh n\u1eafng 20 ph\u00fat, l\u1ea5y m\u1ed9t l\u01b0\u1ee3ng s\u1ea3n ph\u1ea9m v\u1eeba \u0111\u1ee7 v\u00e0 thoa kh\u1eafp c\u00e1c v\u00f9ng da c\u1ea7n \u0111\u01b0\u1ee3c b\u1ea3o v\u1ec7. Sau 4 ti\u1ebfng thoa l\u1ea1i s\u1ea3n ph\u1ea9m \u0111\u1ec3 \u0111\u1ea3m b\u1ea3o hi\u1ec7u qu\u1ea3 ch\u1ed1ng n\u1eafng.<\/p>\n<p><strong>L\u01b0u \u00fd:<\/strong>\u00a0Tr\u00e1nh xa t\u1ea7m tay tr\u1ebb em, tr\u00e1nh ti\u1ebfp x\u00fac v\u1edbi m\u1eaft. N\u1ebfu d\u00ednh v\u00e0o m\u1eaft, h\u00e3y r\u1eeda k\u1ef9 l\u1ea1i b\u1eb1ng n\u01b0\u1edbc s\u1ea1ch.<\/p>\n<p><strong>Ch\u1ec9 ti\u00eau k\u00edch \u1ee9ng:<\/strong>\u00a0Kh\u00f4ng \u0111\u00e1ng k\u1ec3.<\/p>\n<p><strong>B\u1ea3o qu\u1ea3n:<\/strong>\u00a0\u0110\u1eady n\u1eafp k\u1ef9 sau khi s\u1eed d\u1ee5ng, b\u1ea3o qu\u1ea3n \u1edf nhi\u1ec7t \u0111\u1ed9 ph\u00f2ng, tr\u00e1nh \u00e1nh n\u1eafng tr\u1ef1c ti\u1ebfp.<\/p>\n<p>h\u00f9 h\u1ee3p m\u1ecdi lo\u1ea1i da<\/p>\n","protected":false},"excerpt":{"rendered":"<p>Kem ch\u1ed1ng n\u1eafng kh\u00f4ng g\u00e2y k\u00edch \u1ee9ng da kh\u00f4ng c\u1ea3m gi\u00e1c nh\u1edd r\u00edt ki\u1ec1m d\u1ea7u d\u01b0\u1ee1ng \u1ea9m cho da p Nh\u00e3n hi\u1ec7u: TITIONE. Kh\u1ed1i l\u01b0\u1ee3ng t\u1ecbnh: 50g S\u1ea3n xu\u1ea5t t\u1ea1i Vi\u1ec7t Nam C\u00f4ng d\u1ee5ng: TITIONE ch\u1ecdn l\u1ecdc s\u1ea3n ph\u1ea9m ph\u1ea3i \u0111\u00e1p \u1ee9ng \u0111\u1ee7: Ch\u1ed1ng n\u1eafng, b\u1ea3o v\u1ec7 da tr\u01b0\u1edbc t\u00e1c h\u1ea1i c\u1ee7a \u00e1nh n\u1eafng, tia&#8230;<\/p>\n","protected":false},"featured_media":9984,"comment_status":"open","ping_status":"closed","template":"","meta":[],"product_brand":[1580],"product_cat":[15,1398,1488,1407],"product_tag":[362,465,472,363],"class_list":{"0":"post-9476","1":"product","2":"type-product","3":"status-publish","4":"has-post-thumbnail","6":"product_brand-titione","7":"product_cat-chua-phan-loai","8":"product_cat-cham-soc-da","9":"product_cat-cham-soc-mat","10":"product_cat-kem-chong-nang","11":"product_tag-chong-nang","12":"product_tag-chong-nang-nang-tone","13":"product_tag-chong-nang-nang-tong","14":"product_tag-kem-chong-nang","16":"first","17":"outofstock","18":"shipping-taxable","19":"purchasable","20":"product-type-simple"},"acf":[],"_links":{"self":[{"href":"https:\/\/thanglongbeauty.vn\/index.php?rest_route=\/wp\/v2\/product\/9476","targetHints":{"allow":["GET"]}}],"collection":[{"href":"https:\/\/thanglongbeauty.vn\/index.php?rest_route=\/wp\/v2\/product"}],"about":[{"href":"https:\/\/thanglongbeauty.vn\/index.php?rest_route=\/wp\/v2\/types\/product"}],"replies":[{"embeddable":true,"href":"https:\/\/thanglongbeauty.vn\/index.php?rest_route=%2Fwp%2Fv2%2Fcomments&post=9476"}],"wp:featuredmedia":[{"embeddable":true,"href":"https:\/\/thanglongbeauty.vn\/index.php?rest_route=\/wp\/v2\/media\/9984"}],"wp:attachment":[{"href":"https:\/\/thanglongbeauty.vn\/index.php?rest_route=%2Fwp%2Fv2%2Fmedia&parent=9476"}],"wp:term":[{"taxonomy":"product_brand","embeddable":true,"href":"https:\/\/thanglongbeauty.vn\/index.php?rest_route=%2Fwp%2Fv2%2Fproduct_brand&post=9476"},{"taxonomy":"product_cat","embeddable":true,"href":"https:\/\/thanglongbeauty.vn\/index.php?rest_route=%2Fwp%2Fv2%2Fproduct_cat&post=9476"},{"taxonomy":"product_tag","embeddable":true,"href":"https:\/\/thanglongbeauty.vn\/index.php?rest_route=%2Fwp%2Fv2%2Fproduct_tag&post=9476"}],"curies":[{"name":"wp","href":"https:\/\/api.w.org\/{rel}","templated":true}]}}