{"id":9482,"date":"2025-10-20T11:05:21","date_gmt":"2025-10-20T11:05:21","guid":{"rendered":"https:\/\/thanglongbeauty.vn\/san-pham\/son-u-moi-laneige\/"},"modified":"2025-10-20T11:05:21","modified_gmt":"2025-10-20T11:05:21","slug":"son-u-moi-laneige","status":"publish","type":"product","link":"https:\/\/thanglongbeauty.vn\/?product=son-u-moi-laneige","title":{"rendered":"Son \u1ee7 m\u00f4i Laneige"},"content":{"rendered":"<p>M\u1eb7t N\u1ea1 Ng\u1ee7 D\u01b0\u1ee1ng M\u00f4i Laneige Lip Sleeping Mask EX 3g<br \/>\n M\u1eb7t N\u1ea1 Ng\u1ee7 M\u00f4i Laneige Lip Sleeping Mask EX l\u00e0 s\u1ea3n ph\u1ea9m m\u1eb7t n\u1ea1 m\u00f4i h\u00e0ng \u0111\u1ea7u c\u1ee7a th\u01b0\u01a1ng hi\u1ec7u m\u1ef9 ph\u1ea9m cao c\u1ea5p Laneige (H\u00e0n Qu\u1ed1c), mang l\u1ea1i s\u1ef1 ch\u0103m s\u00f3c cho \u0111\u00f4i m\u00f4i ngay c\u1ea3 khi b\u1ea1n \u0111ang ng\u1ee7. S\u1ea3n ph\u1ea9m nh\u1eb9 nh\u00e0ng lo\u1ea1i b\u1ecf t\u1ebf b\u00e0o ch\u1ebft tr\u00ean m\u00f4i, gi\u00fap m\u1ec1m m\u1ea1i v\u00e0 \u0111\u00e0n h\u1ed3i h\u01a1n, k\u00e8m theo m\u00f9i th\u01a1m nh\u1eb9 t\u1eeb c\u00e1c chi\u1ebft xu\u1ea5t t\u1ef1 nhi\u00ean.<\/p>\n<p> H\u00e3y tr\u1ea3i nghi\u1ec7m c\u1ea3m gi\u00e1c m\u00f4i \u0111\u01b0\u1ee3c ch\u0103m s\u00f3c m\u1ec1m m\u1ea1i v\u00e0o ban \u0111\u00eam v\u1edbi M\u1eb7t N\u1ea1 Ng\u1ee7 M\u00f4i Laneige Lip Sleeping Mask EX,<\/p>\n<p> \u2013 Berry \u2013 H\u01b0\u01a1ng Qu\u1ea3 M\u1ecdng (phi\u00ean b\u1ea3n ch\u00ednh c\u1ee7a d\u00f2ng m\u1eb7t n\u1ea1 ng\u1ee7 d\u00e0nh cho m\u00f4i): h\u01b0\u01a1ng th\u01a1m c\u1ee7a c\u00e1c lo\u1ea1i qu\u1ea3 m\u1ecdng t\u01b0\u01a1i m\u00e1t v\u00e0 ng\u1ecdt ng\u00e0o.<br \/>\n \u2013 Pink Lemon Swirl \u2013 H\u01b0\u01a1ng Chanh H\u1ed3ng (B\u1ea3n Gi\u1edbi H\u1ea1n): h\u01b0\u01a1ng chanh t\u01b0\u01a1i m\u00e1t k\u1ebft h\u1ee3p v\u1edbi h\u01b0\u01a1ng qu\u1ea3 m\u00e2m x\u00f4i, d\u1ea7u d\u1eeba, thi\u1ebft k\u1ebf h\u00ecnh v\u00f2ng xo\u00e1y gi\u00fap d\u01b0\u1ee1ng \u1ea9m cho m\u00f4i m\u1ec1m m\u1ecbn.<\/p>\n<p> M\u1eb7t N\u1ea1 Ng\u1ee7 M\u00f4i Laneige Lip Sleeping Mask EX v\u1edbi c\u00e1c m\u00f9i h\u01b0\u01a1ng m\u1edbi s\u1eb5n c\u00f3 t\u1ea1i Th\u0103ng Long, \u00e1p d\u1ee5ng c\u00f4ng ngh\u1ec7 kho\u00e1 \u1ea9m \u0111\u1ed9c quy\u1ec1n Moisture Wrap\u2122 c\u1ee7a LANEIGE, gi\u00fap nu\u00f4i d\u01b0\u1ee1ng cho da m\u00f4i \u0111\u1ee7 \u1ea9m, ng\u0103n ch\u1eb7n kh\u00f4 m\u00f4i v\u00e0 n\u1ee9t n\u1ebb. K\u1ebft h\u1ee3p v\u1edbi chi\u1ebft xu\u1ea5t qu\u1ea3 m\u1ecdng gi\u00e0u vitamin C v\u00e0 ch\u1ea5t ch\u1ed1ng oxi h\u00f3a, s\u1ea3n ph\u1ea9m gi\u00fap l\u00e0m s\u00e1ng m\u00e0u m\u00f4i.<\/p>\n<p> \u01afu \u0111i\u1ec3m n\u1ed5i b\u1eadt:<br \/>\n \u2013 Ch\u1ee9a Berry Mix Complex gi\u00e0u Vitamin C v\u00e0 ch\u1ea5t ch\u1ed1ng oxi h\u00f3a, gi\u00fap m\u00f4i m\u1ec1m m\u1ea1i v\u00e0 tr\u00e1nh kh\u00f4 m\u00f4i.<br \/>\n \u2013 C\u00f4ng th\u1ee9c d\u01b0\u1ee1ng \u1ea9m Moisture Wrap\u2122 ch\u1ee9a n\u01b0\u1edbc kho\u00e1ng ion v\u00e0 c\u00e1c th\u00e0nh ph\u1ea7n ho\u1ea1t t\u00ednh th\u1ea9m th\u1ea5u s\u00e2u v\u00e0o da m\u00f4i.<br \/>\n \u2013 M\u00f9i h\u01b0\u01a1ng ng\u1ecdt ng\u00e0o t\u1eeb chi\u1ebft xu\u1ea5t thi\u00ean nhi\u00ean, t\u1ea1o c\u1ea3m gi\u00e1c th\u01b0 gi\u00e3n khi s\u1eed d\u1ee5ng.<\/p>\n<p> B\u1ea3o qu\u1ea3n: N\u01a1i kh\u00f4 r\u00e1o, tho\u00e1ng m\u00e1t, tr\u00e1nh \u00e1nh n\u1eafng tr\u1ef1c ti\u1ebfp. \u0110\u1eady k\u00edn n\u1eafp sau khi s\u1eed d\u1ee5ng.<br \/>\n Th\u00f4ng s\u1ed1 s\u1ea3n ph\u1ea9m:<\/p>\n<p> \u2013 Th\u01b0\u01a1ng hi\u1ec7u: Laneige<br \/>\n \u2013 Xu\u1ea5t x\u1ee9 th\u01b0\u01a1ng hi\u1ec7u: H\u00e0n Qu\u1ed1c<br \/>\n \u2013 S\u1ea3n xu\u1ea5t: H\u00e0n Qu\u1ed1c<br \/>\n \u2013 Kh\u1ed1i l\u01b0\u1ee3ng t\u1ecbnh: 3g \/ 8g \/ 20g<br \/>\n Th\u0103ng Long_beauty &#8211; C\u00f4ng TY TNHH D\u1ecaCH V\u1ee4 PH\u00c2N PH\u1ed0I TH\u0102NG LONG l\u00e0 m\u1ed9t c\u00f4ng ty chuy\u00ean cung c\u1ea5p c\u00e1c s\u1ea3n ph\u1ea9m \u0111\u1ed3 cho m\u1eb9 v\u00e0 b\u00e9, nh\u1eefng s\u1ea3n ph\u1ea9m ch\u0103m s\u00f3c s\u1ee9c kh\u1ecfe \u2013 l\u00e0m \u0111\u1eb9p v\u00e0 kh\u1ea9u trang y t\u1ebf. Li\u00ean h\u1ec7 \u0111\u1ec3 \u0111\u01b0\u1ee3c mua gi\u00e1 s\u1ec9 c\u1ef1c \u01b0u \u0111\u00e3ia<br \/>\n #duongmoi #duongam #matnangumoi #umoi #laneige #laneigeli<\/p>\n","protected":false},"excerpt":{"rendered":"<p>M\u1eb7t N\u1ea1 Ng\u1ee7 D\u01b0\u1ee1ng M\u00f4i Laneige Lip Sleeping Mask EX 3g M\u1eb7t N\u1ea1 Ng\u1ee7 M\u00f4i Laneige Lip Sleeping Mask EX l\u00e0 s\u1ea3n ph\u1ea9m m\u1eb7t n\u1ea1 m\u00f4i h\u00e0ng \u0111\u1ea7u c\u1ee7a th\u01b0\u01a1ng hi\u1ec7u m\u1ef9 ph\u1ea9m cao c\u1ea5p Laneige (H\u00e0n Qu\u1ed1c), mang l\u1ea1i s\u1ef1 ch\u0103m s\u00f3c cho \u0111\u00f4i m\u00f4i ngay c\u1ea3 khi b\u1ea1n \u0111ang ng\u1ee7. S\u1ea3n ph\u1ea9m nh\u1eb9&#8230;<\/p>\n","protected":false},"featured_media":0,"comment_status":"open","ping_status":"closed","template":"","meta":[],"product_brand":[1648],"product_cat":[15],"product_tag":[],"class_list":{"0":"post-9482","1":"product","2":"type-product","3":"status-publish","5":"product_brand-laneige","6":"product_cat-chua-phan-loai","8":"first","9":"instock","10":"sale","11":"shipping-taxable","12":"purchasable","13":"product-type-simple"},"acf":[],"_links":{"self":[{"href":"https:\/\/thanglongbeauty.vn\/index.php?rest_route=\/wp\/v2\/product\/9482","targetHints":{"allow":["GET"]}}],"collection":[{"href":"https:\/\/thanglongbeauty.vn\/index.php?rest_route=\/wp\/v2\/product"}],"about":[{"href":"https:\/\/thanglongbeauty.vn\/index.php?rest_route=\/wp\/v2\/types\/product"}],"replies":[{"embeddable":true,"href":"https:\/\/thanglongbeauty.vn\/index.php?rest_route=%2Fwp%2Fv2%2Fcomments&post=9482"}],"wp:attachment":[{"href":"https:\/\/thanglongbeauty.vn\/index.php?rest_route=%2Fwp%2Fv2%2Fmedia&parent=9482"}],"wp:term":[{"taxonomy":"product_brand","embeddable":true,"href":"https:\/\/thanglongbeauty.vn\/index.php?rest_route=%2Fwp%2Fv2%2Fproduct_brand&post=9482"},{"taxonomy":"product_cat","embeddable":true,"href":"https:\/\/thanglongbeauty.vn\/index.php?rest_route=%2Fwp%2Fv2%2Fproduct_cat&post=9482"},{"taxonomy":"product_tag","embeddable":true,"href":"https:\/\/thanglongbeauty.vn\/index.php?rest_route=%2Fwp%2Fv2%2Fproduct_tag&post=9482"}],"curies":[{"name":"wp","href":"https:\/\/api.w.org\/{rel}","templated":true}]}}