{"id":9484,"date":"2025-10-20T11:05:21","date_gmt":"2025-10-20T11:05:21","guid":{"rendered":"https:\/\/thanglongbeauty.vn\/san-pham\/son-duong-moi-panteno-lips-xanh\/"},"modified":"2025-10-20T11:05:21","modified_gmt":"2025-10-20T11:05:21","slug":"son-duong-moi-panteno-lips-xanh","status":"publish","type":"product","link":"https:\/\/thanglongbeauty.vn\/?product=son-duong-moi-panteno-lips-xanh","title":{"rendered":"Son d\u01b0\u1ee1ng m\u00f4i Panteno Lips xanh"},"content":{"rendered":"<p>Son D\u01b0\u1ee1ng Mediheal Labocare Panteno Lips Cho M\u00f4i Kh\u00f4 N\u1ee9t N\u1ebb, Th\u00e2m, B\u1ee3t M\u00e0u, Nh\u1ee3t Nh\u1ea1t H\u00e0n Qu\u1ed1c 10ml<\/p>\n<p> Xu\u1ea5t x\u1ee9: H\u00e0n Qu\u1ed1c<\/p>\n<p> Th\u01b0\u01a1ng Hi\u1ec7u: Mediheal<\/p>\n<p> Dung t\u00edch: 10ml<\/p>\n<p> HSD: 3 n\u0103m k\u1ec3 t\u1eeb ng\u00e0y s\u1ea3n xu\u1ea5t.<\/p>\n<p> TH\u00d4NG TIN TH\u01af\u01a0NG HI\u1ec6U<\/p>\n<p> Mediheal \u0111\u01b0\u1ee3c vi\u1ec7n y khoa th\u1ea9m m\u1ef9 danh ti\u1ebfng t\u1ea1i \u0110\u1ea1i h\u1ecdc Seoul, H\u00e0n Qu\u1ed1c th\u00e0nh l\u1eadp n\u0103m 2008. V\u1edbi t\u00e2m huy\u1ebft v\u00e0 s\u1ef1 c\u1ea3i ti\u1ebfn m\u1ed7i ng\u00e0y, Mediheal \u0111\u00e3 tr\u1edf th\u00e0nh th\u01b0\u01a1ng hi\u1ec7u d\u1eabn \u0111\u1ea7u trong ng\u00e0nh c\u00f4ng nghi\u1ec7p m\u1ef9 ph\u1ea9m, \u0111\u1eb7c bi\u1ec7t l\u00e0 d\u00f2ng m\u1ef9 ph\u1ea9m m\u1eb7t n\u1ea1 thu\u1ed1c ch\u0103m s\u00f3c da. \u0110\u1eb7c bi\u1ec7t, s\u1ef1 k\u1ebft h\u1ee3p gi\u1eefa \u0111\u1ed9i ng\u0169 chuy\u00ean gia nghi\u00ean c\u1ee9u v\u00e0 y b\u00e1c s\u0129 da li\u1ec5u h\u00e0ng \u0111\u1ea7u t\u1ea1i H\u00e0n Qu\u1ed1c, \u0111\u00e3 cho ra d\u00f2ng s\u1ea3n ph\u1ea9m ch\u0103m s\u00f3c da chuy\u00ean d\u1ee5ng t\u1ea1i nh\u00e0 mang t\u00ean Mediheal gi\u00fap b\u1ea1n s\u1edf h\u1eefu l\u00e0n da \u0111\u1eb9p kh\u00f4ng t\u00ec v\u1ebft nh\u01b0 ch\u0103m s\u00f3c t\u1ea1i spa.<\/p>\n<p> C\u00d4NG D\u1ee4NG:<\/p>\n<p> &#8211; Labocare Panteno Healbalm ( m\u00e0u \u0111\u1ecf ): <\/p>\n<p> + Lip Cream v\u1edbi ch\u1ee9c n\u0103ng ch\u00ednh l\u00e0 d\u01b0\u1ee1ng \u1ea9m, cho m\u00f4i m\u1ec1m m\u1ecbn, tr\u00e1nh kh\u1ecfi ho\u00e0n to\u00e0n t\u00ecnh tr\u1ea1ng kh\u00f4, n\u1ee9t n\u1ebb. H\u1ed7 tr\u1ee3 d\u01b0\u1ee1ng m\u00f4i. C\u00f3 th\u1ec3 d\u00f9ng tr\u01b0\u1edbc son m\u00e0u<\/p>\n<p> + D\u00f9ng v\u00e0o ban \u0111\u00eam, c\u00f3 th\u1ec3 d\u00f9ng cho m\u00f4i kh\u00f4 n\u1ee9t n\u1ebb do th\u1eddi ti\u1ebft hay do c\u01a1 \u0111\u1ecba.<\/p>\n<p> &#8211; Labocare Panteno Healssence ( m\u00e0u xanh ) &#8211; best seller<br \/>\n + Lip gel v\u1edbi t\u00e1c d\u1ee5ng d\u01b0\u1ee1ng th\u00e2m m\u00f4i, h\u1ed7 tr\u1ee3 \u0111\u1ea9y l\u00f9i nh\u1eefng t\u1ebf b\u00e0o melanin g\u00e2y m\u00f4i th\u00e2m s\u1ea1m, x\u1ea5u x\u00ed, gi\u00fap h\u1ed7 tr\u1ee3 c\u1ea3i thi\u1ec7n m\u00f4i h\u1ed3ng h\u00e0o, t\u01b0\u01a1i s\u00e1ng v\u00e0 b\u00f3ng m\u01b0\u1edbt c\u1ea3.<br \/>\n + D\u00f9ng v\u00e0o ban ng\u00e0y, chuy\u00ean bi\u1ec7t cho m\u00f4i th\u00e2m, b\u1ee3t m\u00e0u, nh\u1ee3t nh\u1ea1t.<br \/>\n Mediheal Labocare Pantenolips Healssence Coral (m\u00e0u cam):<br \/>\n &#8211; D\u00f2ng s\u1ea3n ph\u1ea9m m\u1edbi c\u1ee7a h\u00e3ng.<br \/>\n &#8211; D\u01b0\u1ee1ng \u1ea9m.<br \/>\n &#8211; Th\u00edch h\u1ee3p v\u1edbi cho \u0111\u00f4i m\u00f4i kh\u00f4 n\u1ee9t n\u1ebb. <\/p>\n<p> &#8211; M\u00e0u H\u1ed3ng M\u1eb7t N\u1ea1 Ng\u1ee7 M\u00f4i:<br \/>\n + L\u00e0m M\u00f4i \u1ea8m M\u01b0\u1ee3t, C\u0103ng B\u00f3ng Mediheal Pantenolips Sleeping Mask l\u00e0 son d\u01b0\u1ee1ng v\u1edbi c\u00f4ng th\u1ee9c ch\u1ee9a gi\u00e0u d\u01b0\u1ee1ng ch\u1ea5t v\u00e0 Panthenol gi\u00fap ph\u1ee5c h\u1ed3i \u0111\u00f4i m\u00f4i kh\u00f4, th\u00f4 r\u00e1p tr\u1edf n\u00ean \u1ea9m m\u01b0\u1ee3t v\u00e0 m\u1ecbn m\u00e0ng h\u01a1n<\/p>\n<p> &#8211; M\u00e0u N\u00e2u T\u1ea9y T\u1ebf B\u00e0o Ch\u1ebft M\u00f4i:<br \/>\n + Mediheal Pantenolips Scrub l\u00e0 t\u1ea9y t\u1ebf m\u00f4i c\u00f3 d\u1ea1ng kem, v\u1edbi h\u1ea1t scrub v\u1eeba ph\u1ea3i gi\u00fap nh\u1eb9 nh\u00e0ng t\u1ea9y \u0111i c\u00e1c t\u1ebf b\u00e0o ch\u1ebft cho \u0111\u00f4i m\u00f4i kh\u00f4, bong tr\u00f3c v\u00e0 mang l\u1ea1i m\u1ed9t \u0111\u00f4i m\u00f4i m\u1ec1m m\u1ecbn, \u1ea9m m\u01b0\u1ee3t v\u00e0 h\u1ed3ng<\/p>\n","protected":false},"excerpt":{"rendered":"<p>Son D\u01b0\u1ee1ng Mediheal Labocare Panteno Lips Cho M\u00f4i Kh\u00f4 N\u1ee9t N\u1ebb, Th\u00e2m, B\u1ee3t M\u00e0u, Nh\u1ee3t Nh\u1ea1t H\u00e0n Qu\u1ed1c 10ml Xu\u1ea5t x\u1ee9: H\u00e0n Qu\u1ed1c Th\u01b0\u01a1ng Hi\u1ec7u: Mediheal Dung t\u00edch: 10ml HSD: 3 n\u0103m k\u1ec3 t\u1eeb ng\u00e0y s\u1ea3n xu\u1ea5t. TH\u00d4NG TIN TH\u01af\u01a0NG HI\u1ec6U Mediheal \u0111\u01b0\u1ee3c vi\u1ec7n y khoa th\u1ea9m m\u1ef9 danh ti\u1ebfng t\u1ea1i \u0110\u1ea1i h\u1ecdc Seoul, H\u00e0n&#8230;<\/p>\n","protected":false},"featured_media":0,"comment_status":"open","ping_status":"closed","template":"","meta":[],"product_brand":[1649],"product_cat":[15],"product_tag":[],"class_list":{"0":"post-9484","1":"product","2":"type-product","3":"status-publish","5":"product_brand-panteno-lips","6":"product_cat-chua-phan-loai","8":"first","9":"outofstock","10":"shipping-taxable","11":"purchasable","12":"product-type-simple"},"acf":[],"_links":{"self":[{"href":"https:\/\/thanglongbeauty.vn\/index.php?rest_route=\/wp\/v2\/product\/9484","targetHints":{"allow":["GET"]}}],"collection":[{"href":"https:\/\/thanglongbeauty.vn\/index.php?rest_route=\/wp\/v2\/product"}],"about":[{"href":"https:\/\/thanglongbeauty.vn\/index.php?rest_route=\/wp\/v2\/types\/product"}],"replies":[{"embeddable":true,"href":"https:\/\/thanglongbeauty.vn\/index.php?rest_route=%2Fwp%2Fv2%2Fcomments&post=9484"}],"wp:attachment":[{"href":"https:\/\/thanglongbeauty.vn\/index.php?rest_route=%2Fwp%2Fv2%2Fmedia&parent=9484"}],"wp:term":[{"taxonomy":"product_brand","embeddable":true,"href":"https:\/\/thanglongbeauty.vn\/index.php?rest_route=%2Fwp%2Fv2%2Fproduct_brand&post=9484"},{"taxonomy":"product_cat","embeddable":true,"href":"https:\/\/thanglongbeauty.vn\/index.php?rest_route=%2Fwp%2Fv2%2Fproduct_cat&post=9484"},{"taxonomy":"product_tag","embeddable":true,"href":"https:\/\/thanglongbeauty.vn\/index.php?rest_route=%2Fwp%2Fv2%2Fproduct_tag&post=9484"}],"curies":[{"name":"wp","href":"https:\/\/api.w.org\/{rel}","templated":true}]}}