{"id":9485,"date":"2025-10-20T11:05:21","date_gmt":"2025-10-20T11:05:21","guid":{"rendered":"https:\/\/thanglongbeauty.vn\/san-pham\/toner-simple-200ml\/"},"modified":"2026-01-13T07:22:20","modified_gmt":"2026-01-13T07:22:20","slug":"toner-simple-200ml","status":"publish","type":"product","link":"https:\/\/thanglongbeauty.vn\/?product=toner-simple-200ml","title":{"rendered":"N\u01b0\u1edbc c\u00e2n b\u1eb1ng Simple Soothing Toner 200ml"},"content":{"rendered":"<p>&#8220;\u01afU \u0110I\u1ec2M N\u1ed4I TR\u1ed8I<br \/>\n&#8211; N\u01b0\u1edbc c\u00e2n b\u1eb1ng Simple Soothing Toner ch\u1ee9a Vitamin B5, chi\u1ebft xu\u1ea5t Hoa c\u00fac La M\u00e3 Chamomile v\u00e0 Allantoin gi\u00fap l\u00e0m d\u1ecbu da v\u00e0 c\u1ea5p \u1ea9m t\u1ee9c th\u00ec, mang \u0111\u1ebfn m\u1ed9t l\u00e0n da m\u1ec1m m\u1ea1i, m\u1ecbn m\u00e0ng m\u00e0 kh\u00f4ng \u0111\u1ec3 l\u1ea1i c\u1ea3m gi\u00e1c nh\u1eddn d\u00ednh.<br \/>\n&#8211; B\u1ed5 sung chi\u1ebft xu\u1ea5t C\u00e2y ph\u1ec9 Witch Hazel gi\u00fap ch\u1ed1ng l\u00e3o h\u00f3a, cho da t\u01b0\u01a1i t\u1eafn, \u0111\u00e0n h\u1ed3i.<br \/>\n&#8211; Kh\u00f4ng ch\u1ee9a 2000 h\u00f3a ch\u1ea5t g\u00e2y h\u1ea1i cho da, h\u01b0\u01a1ng li\u1ec7u, c\u1ed3n, d\u1ea7u kho\u00e1ng, kh\u00f4ng g\u00e2y k\u00edch \u1ee9ng da<\/p>\n<p>H\u01af\u1edaNG D\u1eaaN S\u1eec D\u1ee4NG<br \/>\n&#8211; Sau b\u01b0\u1edbc r\u1eeda m\u1eb7t s\u00e1ng v\u00e0 t\u1ed1i, cho m\u1ed9t l\u01b0\u1ee3ng n\u01b0\u1edbc hoa h\u1ed3ng Simple Toner v\u1eeba \u0111\u1ee7 ra mi\u1ebfng b\u00f4ng.<br \/>\n&#8211; Nh\u1eb9 nh\u00e0ng th\u1ea5m \u0111\u1ec1u v\u00e0 lau l\u00ean to\u00e0n m\u1eb7t.<br \/>\n&#8211; \u0110\u1ec3 \u0111\u1ea1t \u0111\u01b0\u1ee3c hi\u1ec7u qu\u1ea3 t\u1ed1t nh\u1ea5t, d\u00f9ng tr\u1ecdn b\u1ed9 v\u1edbi N\u01b0\u1edbc t\u1ea9y trang Simple Micellar v\u00e0 S\u1eefa r\u1eeda m\u1eb7t Simple.<\/p>\n<p>TH\u00d4NG TIN TH\u01af\u01a0NG HI\u1ec6U<br \/>\nSimple l\u00e0 th\u01b0\u01a1ng hi\u1ec7u ch\u0103m s\u00f3c da s\u1ed1 1 Anh Qu\u1ed1c &#8211; theo ngu\u1ed3n d\u1eef li\u1ec7u c\u1ee7a Nielsen 2021. Simple \u0111\u01b0\u1ee3c th\u00e0nh l\u1eadp t\u1eeb nh\u1eefng n\u0103m 1960 \u0111\u01b0\u1ee3c ph\u00e1t tri\u1ec3n, nghi\u00ean c\u1ee9u b\u1edfi c\u00e1c b\u00e1c s\u0129 v\u00e0 chuy\u00ean gia da li\u1ec5u v\u1edbi \u0111\u1ecbnh v\u1ecb l\u00e0 m\u1ed9t nh\u00e3n h\u00e0ng kh\u00f4ng ch\u1ee9a h\u01b0\u01a1ng li\u1ec7u, ch\u1ea5t t\u1ea1o m\u00e0u hay c\u00e1c h\u00f3a ch\u1ea5t c\u00f3 h\u1ea1i cho da, an to\u00e0n v\u1edbi c\u1ea3 l\u00e0n da nh\u1ea1y c\u1ea3m nh\u1ea5t. \u0110\u1ed3ng th\u1eddi, v\u1edbi s\u1ef1 k\u1ebft h\u1ee3p gi\u1eefa c\u00e1c d\u01b0\u1ee1ng ch\u1ea5t thi\u1ebft y\u1ebfu c\u00f9ng v\u1edbi c\u00e1c th\u00e0nh ph\u1ea7n t\u1ef1 nhi\u00ean m\u00e0 v\u1eabn hi\u1ec7u qu\u1ea3, gi\u00fap mang l\u1ea1i cho b\u1ea1n l\u00e0n da tr\u00f4ng kh\u1ecfe m\u1ea1nh. V\u00ec \u0110\u01a1n Gi\u1ea3n L\u00e0 Simple &#8211; Ch\u0103m Da Th\u1eadt Kh\u1ecfe!<\/p>\n<p>TH\u00c0NH PH\u1ea6N N\u01af\u1edaC HOA H\u1ed2NG SIMPLE SOOTHING TONER<br \/>\nWater, Hydrogenated Starch Hydrolysate, Sodium PCA, Allantoin, Phenoxyethanol, Disodium EDTA, Propylene Glycol, Cetylpyridinium Chloride, Niacinamide, Hamamelis Virginiana Leaf Water, Panthenol, Decyl Glucoside<\/p>\n<p>CH\u00da \u00dd V\u00c0 \u0110I\u1ec0U KI\u1ec6N B\u1ea2O QU\u1ea2N<br \/>\n&#8211; Tr\u00e1nh ti\u1ebfp x\u00fac v\u1edbi m\u1eaft. N\u1ebfu ti\u1ebfp x\u00fac v\u1edbi m\u1eaft, r\u1eeda ngay b\u1eb1ng n\u01b0\u1edbc s\u1ea1ch. \u0110\u1ec3 xa t\u1ea7m tay tr\u1ebb em.<br \/>\n&#8211; Tr\u00e1nh nhi\u1ec7t \u0111\u1ed9 cao v\u00e0 \u00e1nh n\u1eafng tr\u1ef1c ti\u1ebfp. \u0110\u00f3ng n\u1eafp sau khi s\u1eed d\u1ee5ng.<\/p>\n<p>Xu\u1ea5t x\u1ee9: Poland<br \/>\nNg\u00e0y s\u1ea3n xu\u1ea5t: xem tr\u00ean bao b\u00ec<br \/>\nH\u1ea1n s\u1eed d\u1ee5ng: 03 n\u0103m k\u1ec3 t\u1eeb ng\u00e0y s\u1ea3n xu\u1ea5t&#8221;<\/p>\n","protected":false},"excerpt":{"rendered":"<p>&#8220;\u01afU \u0110I\u1ec2M N\u1ed4I TR\u1ed8I &#8211; N\u01b0\u1edbc c\u00e2n b\u1eb1ng Simple Soothing Toner ch\u1ee9a Vitamin B5, chi\u1ebft xu\u1ea5t Hoa c\u00fac La M\u00e3 Chamomile v\u00e0 Allantoin gi\u00fap l\u00e0m d\u1ecbu da v\u00e0 c\u1ea5p \u1ea9m t\u1ee9c th\u00ec, mang \u0111\u1ebfn m\u1ed9t l\u00e0n da m\u1ec1m m\u1ea1i, m\u1ecbn m\u00e0ng m\u00e0 kh\u00f4ng \u0111\u1ec3 l\u1ea1i c\u1ea3m gi\u00e1c nh\u1eddn d\u00ednh. &#8211; B\u1ed5 sung chi\u1ebft xu\u1ea5t C\u00e2y&#8230;<\/p>\n","protected":false},"featured_media":9989,"comment_status":"open","ping_status":"closed","template":"","meta":[],"product_brand":[1504],"product_cat":[15,1398,1488,1408,1425,1419],"product_tag":[411,1718,399,402,1717],"class_list":{"0":"post-9485","1":"product","2":"type-product","3":"status-publish","4":"has-post-thumbnail","6":"product_brand-simple","7":"product_cat-chua-phan-loai","8":"product_cat-cham-soc-da","9":"product_cat-cham-soc-mat","10":"product_cat-nuoc-hoa-hong-hoac-sua-duong-am","11":"product_cat-simple","12":"product_cat-thuong-hieu-ban-yeu-thich","13":"product_tag-nuoc-hoa-hong","14":"product_tag-nuoc-hoa-hong-simple","15":"product_tag-simple","16":"product_tag-toner","17":"product_tag-toner-simple","19":"first","20":"instock","21":"sale","22":"shipping-taxable","23":"purchasable","24":"product-type-simple"},"acf":[],"_links":{"self":[{"href":"https:\/\/thanglongbeauty.vn\/index.php?rest_route=\/wp\/v2\/product\/9485","targetHints":{"allow":["GET"]}}],"collection":[{"href":"https:\/\/thanglongbeauty.vn\/index.php?rest_route=\/wp\/v2\/product"}],"about":[{"href":"https:\/\/thanglongbeauty.vn\/index.php?rest_route=\/wp\/v2\/types\/product"}],"replies":[{"embeddable":true,"href":"https:\/\/thanglongbeauty.vn\/index.php?rest_route=%2Fwp%2Fv2%2Fcomments&post=9485"}],"wp:featuredmedia":[{"embeddable":true,"href":"https:\/\/thanglongbeauty.vn\/index.php?rest_route=\/wp\/v2\/media\/9989"}],"wp:attachment":[{"href":"https:\/\/thanglongbeauty.vn\/index.php?rest_route=%2Fwp%2Fv2%2Fmedia&parent=9485"}],"wp:term":[{"taxonomy":"product_brand","embeddable":true,"href":"https:\/\/thanglongbeauty.vn\/index.php?rest_route=%2Fwp%2Fv2%2Fproduct_brand&post=9485"},{"taxonomy":"product_cat","embeddable":true,"href":"https:\/\/thanglongbeauty.vn\/index.php?rest_route=%2Fwp%2Fv2%2Fproduct_cat&post=9485"},{"taxonomy":"product_tag","embeddable":true,"href":"https:\/\/thanglongbeauty.vn\/index.php?rest_route=%2Fwp%2Fv2%2Fproduct_tag&post=9485"}],"curies":[{"name":"wp","href":"https:\/\/api.w.org\/{rel}","templated":true}]}}