{"id":9487,"date":"2025-10-20T11:05:23","date_gmt":"2025-10-20T11:05:23","guid":{"rendered":"https:\/\/thanglongbeauty.vn\/?post_type=product&#038;p=9487"},"modified":"2026-01-13T07:29:20","modified_gmt":"2026-01-13T07:29:20","slug":"bang-ve-sinh-diana-mama-12-26-18","status":"publish","type":"product","link":"https:\/\/thanglongbeauty.vn\/?product=bang-ve-sinh-diana-mama-12-26-18","title":{"rendered":"B\u0103ng V\u1ec7 Sinh Diana Mama 12.26 18"},"content":{"rendered":"<p>B\u0103ng v\u1ec7 sinh Diana Mama cho m\u1eb9 b\u1ea7u v\u00e0 sau sinh g\u00f3i 12 mi\u1ebfng<\/p>\n<p>Th\u00e0nh ph\u1ea7n: V\u1ea3i kh\u00f4ng d\u1ec7t, B\u00f4ng Xenlulo, PE, H\u1ea1t si\u00eau th\u1ea5m,<br \/>\nB\u0103ng v\u1ec7 sinh Diana Mama kh\u00f4 tho\u00e1ng b\u1ec1 m\u1eb7t m\u1ecbn m\u00e0ng, cho c\u1ea3m gi\u00e1c \u00eam \u00e1i th\u1eadt d\u1ec5 ch\u1ecbu.<br \/>\nL\u00f5i b\u00f4ng v\u1edbi c\u00e1c h\u1ea1t si\u00eau th\u1ea5m gi\u1eef b\u1ec1 m\u1eb7t b\u0103ng lu\u00f4n kh\u00f4 tho\u00e1ng.<br \/>\n\u0110\u01b0\u1eddng thun hai b\u00ean t\u1ea1o v\u00e1ch ch\u1ed1ng tr\u00e0o si\u00eau m\u1ec1m, kh\u00f4ng g\u00e2y kh\u00f3 g\u00e2y kh\u00f3 ch\u1ecbu hay \u0111\u1ec3 l\u1ea1i v\u1ebft h\u1eb1n.<br \/>\nKeo d\u00e1n \u0111\u1ecbnh v\u1ecb gi\u00fap gi\u1eef b\u0103ng kh\u1ecfi x\u00f4 l\u1ec7ch.<br \/>\nG\u1ed3m 12 mi\u1ebfng.<br \/>\nS\u1ea3n ph\u1ea9m s\u1ea3n xu\u1ea5t t\u1ea1i Vi\u1ec7t Nam, \u0111\u01b0\u1ee3c h\u1ed9i s\u1ea3n ph\u1ee5 khoa Vi\u1ec7t Nam khuy\u00ean d\u00f9ng<br \/>\nC\u00f4ng d\u1ee5ng: d\u00e0nh cho ph\u1ee5 n\u1eef sau sinh<\/p>\n<p><a href=\"https:\/\/thanglongbeauty.vn\/wp-content\/uploads\/2025\/10\/bang-ve-sinh-mama-diana-cho-me-bau-5.png\"><img loading=\"lazy\" decoding=\"async\" class=\"alignnone size-medium wp-image-9997\" src=\"https:\/\/thanglongbeauty.vn\/wp-content\/uploads\/2025\/10\/bang-ve-sinh-mama-diana-cho-me-bau-5-300x300.png\" alt=\"\" width=\"300\" height=\"300\" srcset=\"https:\/\/thanglongbeauty.vn\/wp-content\/uploads\/2025\/10\/bang-ve-sinh-mama-diana-cho-me-bau-5-300x300.png 300w, https:\/\/thanglongbeauty.vn\/wp-content\/uploads\/2025\/10\/bang-ve-sinh-mama-diana-cho-me-bau-5-1024x1024.png 1024w, https:\/\/thanglongbeauty.vn\/wp-content\/uploads\/2025\/10\/bang-ve-sinh-mama-diana-cho-me-bau-5-150x150.png 150w, https:\/\/thanglongbeauty.vn\/wp-content\/uploads\/2025\/10\/bang-ve-sinh-mama-diana-cho-me-bau-5-768x768.png 768w, https:\/\/thanglongbeauty.vn\/wp-content\/uploads\/2025\/10\/bang-ve-sinh-mama-diana-cho-me-bau-5-600x600.png 600w, https:\/\/thanglongbeauty.vn\/wp-content\/uploads\/2025\/10\/bang-ve-sinh-mama-diana-cho-me-bau-5-100x100.png 100w, https:\/\/thanglongbeauty.vn\/wp-content\/uploads\/2025\/10\/bang-ve-sinh-mama-diana-cho-me-bau-5-64x64.png 64w, https:\/\/thanglongbeauty.vn\/wp-content\/uploads\/2025\/10\/bang-ve-sinh-mama-diana-cho-me-bau-5.png 1375w\" sizes=\"auto, (max-width: 300px) 100vw, 300px\" \/><\/a><a href=\"https:\/\/thanglongbeauty.vn\/wp-content\/uploads\/2025\/10\/bang-ve-sinh-mama-diana-cho-me-bau-2.png\"><img loading=\"lazy\" decoding=\"async\" class=\"alignnone size-medium wp-image-9994\" src=\"https:\/\/thanglongbeauty.vn\/wp-content\/uploads\/2025\/10\/bang-ve-sinh-mama-diana-cho-me-bau-2-300x300.png\" alt=\"\" width=\"300\" height=\"300\" srcset=\"https:\/\/thanglongbeauty.vn\/wp-content\/uploads\/2025\/10\/bang-ve-sinh-mama-diana-cho-me-bau-2-300x300.png 300w, https:\/\/thanglongbeauty.vn\/wp-content\/uploads\/2025\/10\/bang-ve-sinh-mama-diana-cho-me-bau-2-1024x1024.png 1024w, https:\/\/thanglongbeauty.vn\/wp-content\/uploads\/2025\/10\/bang-ve-sinh-mama-diana-cho-me-bau-2-150x150.png 150w, https:\/\/thanglongbeauty.vn\/wp-content\/uploads\/2025\/10\/bang-ve-sinh-mama-diana-cho-me-bau-2-768x768.png 768w, https:\/\/thanglongbeauty.vn\/wp-content\/uploads\/2025\/10\/bang-ve-sinh-mama-diana-cho-me-bau-2-600x600.png 600w, https:\/\/thanglongbeauty.vn\/wp-content\/uploads\/2025\/10\/bang-ve-sinh-mama-diana-cho-me-bau-2-100x100.png 100w, https:\/\/thanglongbeauty.vn\/wp-content\/uploads\/2025\/10\/bang-ve-sinh-mama-diana-cho-me-bau-2-64x64.png 64w, https:\/\/thanglongbeauty.vn\/wp-content\/uploads\/2025\/10\/bang-ve-sinh-mama-diana-cho-me-bau-2.png 1375w\" sizes=\"auto, (max-width: 300px) 100vw, 300px\" \/><\/a><br \/>\nTh\u01b0\u01a1ng hi\u1ec7u : Diana<\/p>\n<p>\u26a1 GIAO \u0110\u00daNG H\u00c0NG &#8211; \u0110\u00daNG HI\u1ec6U &#8211; \u0110\u00daNG S\u1ed0 L\u01af\u1ee2NG &#8211; \u0110\u00daNG TH\u1edcI GIAN<br \/>\n\u26a1 S\u1ea3n ph\u1ea9m gi\u1ed1ng 100% nh\u01b0 m\u00f4 t\u1ea3<br \/>\n\u26a1 Giao h\u00e0ng tr\u00ean to\u00e0n qu\u1ed1c \u2013 nh\u1eadn h\u00e0ng tr\u1ea3 ti\u1ec1n<br \/>\n\u26a1 \u0110\u1ed5i tr\u1ea3 theo \u0111\u00fang quy \u0111\u1ecbnh c\u1ee7a Shopee<br \/>\n\u26a1 Ph\u00e2n ph\u1ed1i S\u1ec9 v\u00e0 L\u1ebb c\u00e1c d\u00f2ng s\u1ea3n ph\u1ea9m M\u1eb9 v\u00e0 B\u00e9 tr\u00ean to\u00e0n qu\u1ed1c<\/p>\n<p>#bangvesinh #bangvesinhdiana #bangvesinhchomebau #bangvesinhsausinh #bangvesinhcaocap #bangvesinhgiare<br \/>\nTh\u0103ng Long_beauty &#8211; C\u00f4ng TY TNHH D\u1ecaCH V\u1ee4 PH\u00c2N PH\u1ed0I TH\u0102NG LONG l\u00e0 m\u1ed9t c\u00f4ng ty chuy\u00ean cung c\u1ea5p c\u00e1c s\u1ea3n ph\u1ea9m \u0111\u1ed3 cho m\u1eb9 v\u00e0 b\u00e9, nh\u1eefng s\u1ea3n ph\u1ea9m ch\u0103m s\u00f3c s\u1ee9c kh\u1ecfe \u2013 l\u00e0m \u0111\u1eb9p v\u00e0 kh\u1ea9u trang y t\u1ebf.<br \/>\nLi\u00ean h\u1ec7 \u0111\u1ec3 \u0111\u01b0\u1ee3c mua gi\u00e1 s\u1ec9 c\u1ef1c \u01b0u \u0111\u00e3i<\/p>\n","protected":false},"excerpt":{"rendered":"<p>B\u0103ng v\u1ec7 sinh Diana Mama cho m\u1eb9 b\u1ea7u v\u00e0 sau sinh g\u00f3i 12 mi\u1ebfng Th\u00e0nh ph\u1ea7n: V\u1ea3i kh\u00f4ng d\u1ec7t, B\u00f4ng Xenlulo, PE, H\u1ea1t si\u00eau th\u1ea5m, B\u0103ng v\u1ec7 sinh Diana Mama kh\u00f4 tho\u00e1ng b\u1ec1 m\u1eb7t m\u1ecbn m\u00e0ng, cho c\u1ea3m gi\u00e1c \u00eam \u00e1i th\u1eadt d\u1ec5 ch\u1ecbu. L\u00f5i b\u00f4ng v\u1edbi c\u00e1c h\u1ea1t si\u00eau th\u1ea5m gi\u1eef b\u1ec1 m\u1eb7t b\u0103ng&#8230;<\/p>\n","protected":false},"featured_media":9994,"comment_status":"open","ping_status":"closed","template":"","meta":[],"product_brand":[1608],"product_cat":[15,1487,1743],"product_tag":[159,1745,169,170,1744],"class_list":{"0":"post-9487","1":"product","2":"type-product","3":"status-publish","4":"has-post-thumbnail","6":"product_brand-mama","7":"product_cat-chua-phan-loai","8":"product_cat-bang-ve-sinh","9":"product_cat-mama","10":"product_tag-bang-ve-sinh","11":"product_tag-bang-ve-sinh-ba-bau","12":"product_tag-bang-ve-sinh-mama","13":"product_tag-mama","14":"product_tag-me-va-be","16":"first","17":"instock","18":"sale","19":"shipping-taxable","20":"purchasable","21":"product-type-simple"},"acf":[],"_links":{"self":[{"href":"https:\/\/thanglongbeauty.vn\/index.php?rest_route=\/wp\/v2\/product\/9487","targetHints":{"allow":["GET"]}}],"collection":[{"href":"https:\/\/thanglongbeauty.vn\/index.php?rest_route=\/wp\/v2\/product"}],"about":[{"href":"https:\/\/thanglongbeauty.vn\/index.php?rest_route=\/wp\/v2\/types\/product"}],"replies":[{"embeddable":true,"href":"https:\/\/thanglongbeauty.vn\/index.php?rest_route=%2Fwp%2Fv2%2Fcomments&post=9487"}],"wp:featuredmedia":[{"embeddable":true,"href":"https:\/\/thanglongbeauty.vn\/index.php?rest_route=\/wp\/v2\/media\/9994"}],"wp:attachment":[{"href":"https:\/\/thanglongbeauty.vn\/index.php?rest_route=%2Fwp%2Fv2%2Fmedia&parent=9487"}],"wp:term":[{"taxonomy":"product_brand","embeddable":true,"href":"https:\/\/thanglongbeauty.vn\/index.php?rest_route=%2Fwp%2Fv2%2Fproduct_brand&post=9487"},{"taxonomy":"product_cat","embeddable":true,"href":"https:\/\/thanglongbeauty.vn\/index.php?rest_route=%2Fwp%2Fv2%2Fproduct_cat&post=9487"},{"taxonomy":"product_tag","embeddable":true,"href":"https:\/\/thanglongbeauty.vn\/index.php?rest_route=%2Fwp%2Fv2%2Fproduct_tag&post=9487"}],"curies":[{"name":"wp","href":"https:\/\/api.w.org\/{rel}","templated":true}]}}