{"id":9493,"date":"2025-10-20T11:05:23","date_gmt":"2025-10-20T11:05:23","guid":{"rendered":"https:\/\/thanglongbeauty.vn\/?post_type=product&#038;p=9493"},"modified":"2025-10-21T07:57:44","modified_gmt":"2025-10-21T07:57:44","slug":"ta-nguoi-lon-caryn-tam-dem-lot-st-l10-2004","status":"publish","type":"product","link":"https:\/\/thanglongbeauty.vn\/?product=ta-nguoi-lon-caryn-tam-dem-lot-st-l10-2004","title":{"rendered":"T\u1ea5m \u0111\u1ec7m l\u00f3t t\u00e3 ng\u01b0\u1eddi l\u1edbn Caryn  Si\u00eau Th\u1ea5m Size  L10"},"content":{"rendered":"<p>T\u1ea5m \u0110\u1ec7m L\u00f3t Si\u00eau Th\u1ea5m Caryn \u0111\u01b0\u1ee3c d\u00f9ng k\u00e8m t\u00e3 d\u00e1n, th\u00edch h\u1ee3p cho ng\u01b0\u1eddi d\u00f9ng \u0111\u00e3 m\u1eb7c t\u00e3 c\u00f3 nhu c\u1ea7u t\u0103ng c\u01b0\u1eddng b\u1ea3o v\u1ec7 ch\u1ed1ng tr\u00e0o, gi\u00fap gi\u1eef v\u1ec7 sinh gi\u01b0\u1eddng n\u1eb1m v\u00e0 xe l\u0103n, l\u00e0 l\u1ef1a ch\u1ecdn t\u1ed1t nh\u1ea5t cho ng\u01b0\u1eddi d\u00f9ng h\u1ea1n ch\u1ebf kh\u1ea3 n\u0103ng \u0111i l\u1ea1i.<\/p>\n<p>C\u00d4NG D\u1ee4NG:<br \/>\n+ V\u1edbi c\u1ea5u tr\u00fac 3 l\u1edbp tho\u00e1ng kh\u00ed, s\u1ea3n ph\u1ea9m mang l\u1ea1i c\u1ea3m gi\u00e1c tho\u1ea3i m\u00e1i cho ng\u01b0\u1eddi d\u00f9ng m\u00e0 v\u1eabn y\u00ean t\u00e2m kh\u00f4ng lo tr\u00e0o ngo\u00e0i.<br \/>\n+ Thi\u1ebft k\u1ebf m\u1edf r\u1ed9ng 4 chi\u1ec1u gi\u00fap ng\u01b0\u1eddi d\u00f9ng tho\u1ea3i m\u00e1i xoay tr\u1edf, ch\u1ed1ng tr\u00e0o l\u01b0ng hi\u1ec7u qu\u1ea3.<br \/>\n+ C\u00f4ng th\u1ee9c Nano b\u1ea1c kh\u00e1ng khu\u1ea9n ng\u0103n m\u00f9i \u0111\u1ebfn t\u1eeb Nh\u1eadt B\u1ea3n gi\u00fap h\u1ea1n ch\u1ebf s\u1ef1 ph\u00e1t tri\u1ec3n c\u1ee7a vi khu\u1ea9n v\u00e0 kh\u1eed m\u00f9i h\u00f4i hi\u1ec7u qu\u1ea3.<br \/>\n+ M\u00e0ng \u0111\u00e1y PE ng\u0103n tuy\u1ec7t \u0111\u1ed1i ch\u1ea5t l\u1ecfng ra ngo\u00e0i, gi\u1eef gi\u01b0\u1eddng b\u1ec7nh, xe l\u0103n,&#8230; lu\u00f4n s\u1ea1ch s\u1ebd.<br \/>\n+ D\u1ea3i keo d\u00ednh c\u1ed1 \u0111\u1ecbnh gi\u00fap \u0111\u1ecbnh v\u1ecb mi\u1ebfng l\u00f3t, ch\u1ed1ng x\u00ea d\u1ecbch trong qu\u00e1 tr\u00ecnh s\u1eed d\u1ee5ng.<\/p>\n<p>&#8211; H\u01af\u1edaNG D\u1eaaN CH\u1eccN SIZE:<br \/>\nM: Ph\u00f9 h\u1ee3p v\u1edbi ng\u01b0\u1eddi c\u00f3 s\u1ed1 \u0111o v\u00f2ng h\u00f4ng 60-100 cm<br \/>\nL: Ph\u00f9 h\u1ee3p ng\u01b0\u1eddi c\u00f3 s\u1ed1 \u0111o v\u00f2ng h\u00f4ng t\u1eeb 85-120 cm<br \/>\nXL : Ph\u00f9 h\u1ee3p ng\u01b0\u1eddi c\u00f3 s\u1ed1 \u0111o v\u00f2ng h\u00f4ng t\u1eeb 100 &#8211; 145 cm<\/p>\n<p><a href=\"https:\/\/thanglongbeauty.vn\/wp-content\/uploads\/2025\/10\/huong-dan-chon-ta-caryn.png\"><img loading=\"lazy\" decoding=\"async\" class=\"size-medium wp-image-9522 aligncenter\" src=\"https:\/\/thanglongbeauty.vn\/wp-content\/uploads\/2025\/10\/huong-dan-chon-ta-caryn-300x300.png\" alt=\"\" width=\"300\" height=\"300\" srcset=\"https:\/\/thanglongbeauty.vn\/wp-content\/uploads\/2025\/10\/huong-dan-chon-ta-caryn-300x300.png 300w, https:\/\/thanglongbeauty.vn\/wp-content\/uploads\/2025\/10\/huong-dan-chon-ta-caryn-150x150.png 150w, https:\/\/thanglongbeauty.vn\/wp-content\/uploads\/2025\/10\/huong-dan-chon-ta-caryn-768x768.png 768w, https:\/\/thanglongbeauty.vn\/wp-content\/uploads\/2025\/10\/huong-dan-chon-ta-caryn-600x600.png 600w, https:\/\/thanglongbeauty.vn\/wp-content\/uploads\/2025\/10\/huong-dan-chon-ta-caryn-100x100.png 100w, https:\/\/thanglongbeauty.vn\/wp-content\/uploads\/2025\/10\/huong-dan-chon-ta-caryn-64x64.png 64w, https:\/\/thanglongbeauty.vn\/wp-content\/uploads\/2025\/10\/huong-dan-chon-ta-caryn.png 900w\" sizes=\"auto, (max-width: 300px) 100vw, 300px\" \/><\/a><\/p>\n<p>H\u01af\u1edaNG D\u1eaaN S\u1eec D\u1ee4NG:<br \/>\n+ Tr\u1ea3i r\u1ed9ng mi\u1ebfng t\u00e3 bao ngo\u00e0i. B\u00f3c m\u1ed9t mi\u1ebfng gi\u1ea5y che keo d\u00ednh c\u1ee7a mi\u1ebfng l\u00f3t b\u1ed5 sung v\u00e0 g\u1eafn mi\u1ebfng l\u00f3t v\u00e0o mi\u1ebfng t\u00e3 gi\u1ea5y<br \/>\n+ \u0110\u1ec3 ng\u01b0\u1eddi d\u00f9ng n\u1eb1m\/ng\u1ed3i l\u00ean gi\u1eefa mi\u1ebfng l\u00f3t b\u1ed5 sung, k\u00e9o ph\u1ea7n tr\u01b0\u1edbc c\u1ee7a mi\u1ebfng l\u00f3t l\u00ean ngang b\u1ee5ng d\u01b0\u1edbi, b\u00f3c n\u1ed1t mi\u1ebfng gi\u1ea5y c\u00f2n l\u1ea1i.<br \/>\n+ K\u00e9o ph\u1ea7n tr\u01b0\u1edbc c\u1ee7a mi\u1ebfng t\u00e3 gi\u1ea5y bao ngo\u00e0i l\u00ean ngang b\u1ee5ng, \u1ea5n nh\u1eb9 \u0111\u1ec3 g\u1eafn v\u00e0o d\u1ea3i keo d\u00ednh tr\u00ean mi\u1ebfng l\u00f3t b\u1ed5 sung.<br \/>\n+ D\u00e1n kh\u00f3a d\u00ednh c\u1ee7a mi\u1ebfng t\u00e3 gi\u1ea5y bao ngo\u00e0i v\u00e0o ph\u1ea7n c\u00f3 in logo Caryn v\u00e0 \u0111i\u1ec1u ch\u1ec9nh cho ph\u00f9 h\u1ee3p v\u1edbi v\u00f2ng h\u00f4ng.<\/p>\n<p><a href=\"https:\/\/thanglongbeauty.vn\/wp-content\/uploads\/2025\/10\/huong-dan-su-dung-ta-nguoi-lon-caryn-tam-dem-lot-sieu-tham.png\"><img loading=\"lazy\" decoding=\"async\" class=\"size-medium wp-image-9523 aligncenter\" src=\"https:\/\/thanglongbeauty.vn\/wp-content\/uploads\/2025\/10\/huong-dan-su-dung-ta-nguoi-lon-caryn-tam-dem-lot-sieu-tham-300x300.png\" alt=\"\" width=\"300\" height=\"300\" srcset=\"https:\/\/thanglongbeauty.vn\/wp-content\/uploads\/2025\/10\/huong-dan-su-dung-ta-nguoi-lon-caryn-tam-dem-lot-sieu-tham-300x300.png 300w, https:\/\/thanglongbeauty.vn\/wp-content\/uploads\/2025\/10\/huong-dan-su-dung-ta-nguoi-lon-caryn-tam-dem-lot-sieu-tham-150x150.png 150w, https:\/\/thanglongbeauty.vn\/wp-content\/uploads\/2025\/10\/huong-dan-su-dung-ta-nguoi-lon-caryn-tam-dem-lot-sieu-tham-768x768.png 768w, https:\/\/thanglongbeauty.vn\/wp-content\/uploads\/2025\/10\/huong-dan-su-dung-ta-nguoi-lon-caryn-tam-dem-lot-sieu-tham-600x600.png 600w, https:\/\/thanglongbeauty.vn\/wp-content\/uploads\/2025\/10\/huong-dan-su-dung-ta-nguoi-lon-caryn-tam-dem-lot-sieu-tham-100x100.png 100w, https:\/\/thanglongbeauty.vn\/wp-content\/uploads\/2025\/10\/huong-dan-su-dung-ta-nguoi-lon-caryn-tam-dem-lot-sieu-tham-64x64.png 64w, https:\/\/thanglongbeauty.vn\/wp-content\/uploads\/2025\/10\/huong-dan-su-dung-ta-nguoi-lon-caryn-tam-dem-lot-sieu-tham.png 900w\" sizes=\"auto, (max-width: 300px) 100vw, 300px\" \/><\/a><\/p>\n<p>TH\u00d4NG TIN TH\u01af\u01a0NG HI\u1ec6U:<br \/>\n\u0110i \u0111\u1ea7u trong ng\u00e0nh h\u00e0ng ch\u0103m s\u00f3c ng\u01b0\u1eddi l\u1edbn tu\u1ed5i, Unicharm ra m\u1eaft s\u1ea3n ph\u1ea9m t\u00e3 gi\u1ea5y d\u00e0nh ri\u00eang cho ng\u01b0\u1eddi l\u1edbn Unicharm Caryn v\u1edbi nhi\u1ec1u \u01b0u \u0111i\u1ec3m n\u1ed5i b\u1eadt. S\u1edf h\u1eefu c\u1ea5u tr\u00fac r\u00e3nh th\u1ea5m t\u0103ng c\u01b0\u1eddng c\u00f9ng l\u00f5i b\u00f4ng si\u00eau th\u1ea5m h\u00fat, t\u00e3 gi\u1ea5y Unicharm Caryn th\u1ea5m h\u00fat ch\u1ea5t l\u1ecfng t\u1ed1i \u0111a v\u00e0 ch\u1ed1ng tr\u00e0n t\u1ed1i \u01b0u, gi\u1eef cho b\u1ec1 m\u1eb7t da lu\u00f4n kh\u00f4 kho\u00e1ng, d\u1ec5 ch\u1ecbu. H\u01a1n th\u1ebf, thi\u1ebft k\u1ebf c\u1ee7a Caryn \u0111\u1ea3m b\u1ea3o t\u00e3 lu\u00f4n ch\u1eafc ch\u1eafn ngay c\u1ea3 khi ng\u01b0\u1edfi s\u1eed d\u1ee5ng xoay tr\u1edf, v\u1eadn \u0111\u1ed9ng, h\u1ea1n ch\u1ebft t\u1ed1i \u0111a t\u00ecnh tr\u1ea1ng ch\u1ea5t l\u1ecfng tr\u00e0o<\/p>\n<p><a href=\"https:\/\/thanglongbeauty.vn\/wp-content\/uploads\/2025\/10\/si-ta-caryn.png\"><img loading=\"lazy\" decoding=\"async\" class=\"size-medium wp-image-9528 aligncenter\" src=\"https:\/\/thanglongbeauty.vn\/wp-content\/uploads\/2025\/10\/si-ta-caryn-300x225.png\" alt=\"\" width=\"300\" height=\"225\" srcset=\"https:\/\/thanglongbeauty.vn\/wp-content\/uploads\/2025\/10\/si-ta-caryn-300x225.png 300w, https:\/\/thanglongbeauty.vn\/wp-content\/uploads\/2025\/10\/si-ta-caryn-768x576.png 768w, https:\/\/thanglongbeauty.vn\/wp-content\/uploads\/2025\/10\/si-ta-caryn-600x450.png 600w, https:\/\/thanglongbeauty.vn\/wp-content\/uploads\/2025\/10\/si-ta-caryn-64x48.png 64w, https:\/\/thanglongbeauty.vn\/wp-content\/uploads\/2025\/10\/si-ta-caryn.png 800w\" sizes=\"auto, (max-width: 300px) 100vw, 300px\" \/><\/a><\/p>\n","protected":false},"excerpt":{"rendered":"<p>T\u1ea5m \u0110\u1ec7m L\u00f3t Si\u00eau Th\u1ea5m Caryn \u0111\u01b0\u1ee3c d\u00f9ng k\u00e8m t\u00e3 d\u00e1n, th\u00edch h\u1ee3p cho ng\u01b0\u1eddi d\u00f9ng \u0111\u00e3 m\u1eb7c t\u00e3 c\u00f3 nhu c\u1ea7u t\u0103ng c\u01b0\u1eddng b\u1ea3o v\u1ec7 ch\u1ed1ng tr\u00e0o, gi\u00fap gi\u1eef v\u1ec7 sinh gi\u01b0\u1eddng n\u1eb1m v\u00e0 xe l\u0103n, l\u00e0 l\u1ef1a ch\u1ecdn t\u1ed1t nh\u1ea5t cho ng\u01b0\u1eddi d\u00f9ng h\u1ea1n ch\u1ebf kh\u1ea3 n\u0103ng \u0111i l\u1ea1i. C\u00d4NG D\u1ee4NG: + V\u1edbi&#8230;<\/p>\n","protected":false},"featured_media":9537,"comment_status":"open","ping_status":"closed","template":"","meta":[],"product_brand":[1539],"product_cat":[15,1410,1411],"product_tag":[1654,153,1653,157,511,1652,1655,505,1656,1657,1658,1661,1659,1660],"class_list":{"0":"post-9493","1":"product","2":"type-product","3":"status-publish","4":"has-post-thumbnail","6":"product_brand-caryn","7":"product_cat-chua-phan-loai","8":"product_cat-ta-nguoi-lon","9":"product_cat-ta-nguoi-lon-caryn","10":"product_tag-bim-nguoi-gia","11":"product_tag-caryn","12":"product_tag-ta-bim-nguoi-gia","13":"product_tag-ta-bim-nguoi-lon","14":"product_tag-ta-caryn","15":"product_tag-ta-dan-caryn","16":"product_tag-ta-dan-nguoi-gia","17":"product_tag-ta-dan-nguoi-lon","18":"product_tag-ta-quan-caryn","19":"product_tag-ta-quan-nguoi-lon","20":"product_tag-tam-lot","21":"product_tag-tam-lot-caryn","22":"product_tag-tam-lot-nguoi-gia","23":"product_tag-tam-lot-nguoi-lon","25":"first","26":"onbackorder","27":"sale","28":"shipping-taxable","29":"purchasable","30":"product-type-simple"},"acf":[],"_links":{"self":[{"href":"https:\/\/thanglongbeauty.vn\/index.php?rest_route=\/wp\/v2\/product\/9493","targetHints":{"allow":["GET"]}}],"collection":[{"href":"https:\/\/thanglongbeauty.vn\/index.php?rest_route=\/wp\/v2\/product"}],"about":[{"href":"https:\/\/thanglongbeauty.vn\/index.php?rest_route=\/wp\/v2\/types\/product"}],"replies":[{"embeddable":true,"href":"https:\/\/thanglongbeauty.vn\/index.php?rest_route=%2Fwp%2Fv2%2Fcomments&post=9493"}],"wp:featuredmedia":[{"embeddable":true,"href":"https:\/\/thanglongbeauty.vn\/index.php?rest_route=\/wp\/v2\/media\/9537"}],"wp:attachment":[{"href":"https:\/\/thanglongbeauty.vn\/index.php?rest_route=%2Fwp%2Fv2%2Fmedia&parent=9493"}],"wp:term":[{"taxonomy":"product_brand","embeddable":true,"href":"https:\/\/thanglongbeauty.vn\/index.php?rest_route=%2Fwp%2Fv2%2Fproduct_brand&post=9493"},{"taxonomy":"product_cat","embeddable":true,"href":"https:\/\/thanglongbeauty.vn\/index.php?rest_route=%2Fwp%2Fv2%2Fproduct_cat&post=9493"},{"taxonomy":"product_tag","embeddable":true,"href":"https:\/\/thanglongbeauty.vn\/index.php?rest_route=%2Fwp%2Fv2%2Fproduct_tag&post=9493"}],"curies":[{"name":"wp","href":"https:\/\/api.w.org\/{rel}","templated":true}]}}