{"id":9494,"date":"2025-10-20T11:05:23","date_gmt":"2025-10-20T11:05:23","guid":{"rendered":"https:\/\/thanglongbeauty.vn\/san-pham\/ta-nguoi-lon-caryn-mieng-lot-tiet-kiem-20-2004\/"},"modified":"2025-10-21T07:57:42","modified_gmt":"2025-10-21T07:57:42","slug":"ta-nguoi-lon-caryn-mieng-lot-tiet-kiem-20-2004","status":"publish","type":"product","link":"https:\/\/thanglongbeauty.vn\/?product=ta-nguoi-lon-caryn-mieng-lot-tiet-kiem-20-2004","title":{"rendered":"T\u00e3 ng\u01b0\u1eddi l\u1edbn Caryn Mi\u1ebfng l\u00f3t ti\u1ebft ki\u1ec7m 20 2004"},"content":{"rendered":"<div class=\"CMP-CM34-rich-text parbase section\">\n<div class=\"c-heading_product-sub\">\n<p>Mi\u1ebfng l\u00f3t ti\u1ebft ki\u1ec7m Caryn m\u1edbi l\u00e0 s\u1ea3n ph\u1ea9m si\u00eau ti\u1ebft ki\u1ec7m, gi\u00fap ti\u1ebft ki\u1ec7m chi ph\u00ed t\u1edbi 40% cho ng\u01b0\u1eddi d\u00f9ng t\u00e3 d\u00e1n nh\u1edd ch\u1ec9 c\u1ea7n d\u00f9ng 1 mi\u1ebfng t\u00e3 d\u00e1n k\u1ebft h\u1ee3p v\u1edbi 2 &#8211; 3 mi\u1ebfng l\u00f3t ti\u1ebft ki\u1ec7m 1 ng\u00e0y thay v\u00ec s\u1eed d\u1ee5ng 3 mi\u1ebfng t\u00e3 d\u00e1n 1 ng\u00e0y. \u0110\u1ed3ng th\u1eddi, kh\u1ea3 n\u0103ng th\u1ea5m h\u00fat khi s\u1eed d\u1ee5ng mi\u1ebfng l\u00f3t ti\u1ebft ki\u1ec7m k\u00e8m t\u00e3 d\u00e1n t\u1ed1t h\u01a1n g\u1ea5p 1,5 l\u1ea7n so v\u1edbi ch\u1ec9 d\u00f9ng t\u00e3 d\u00e1n th\u00f4ng th\u01b0\u1eddng, vi\u1ec7c thay t\u00e3 c\u0169ng d\u1ec5 d\u00e0ng v\u00e0 nhanh ch\u00f3ng h\u01a1n cho ng\u01b0\u1eddi ch\u0103m s\u00f3c.<\/p>\n<p>S\u1ea3n ph\u1ea9m \u0111\u01b0\u1ee3c ki\u1ec3m so\u00e1t nghi\u00eam ng\u1eb7t \u0111\u1ec3 \u0111\u00e1p \u1ee9ng ti\u00eau chu\u1ea9n ch\u1ea5t l\u01b0\u1ee3ng c\u1ee7a nh\u00e3n t\u00e3 gi\u1ea5y h\u00e0ng \u0111\u1ea7u Nh\u1eadt B\u1ea3n \u2013 Lifree.<\/p>\n<\/div>\n<\/div>\n<div class=\"CMP-CM40-grid-advance section\">\n<div class=\"uc-lyt-grid-container-advance c-detail_imagedetail\">\n<div class=\"uc-lyt-grid-col-flex uc-lyt-grid-col-6 uc-lyt-grid-col-offset-0 uc-lyt-grid-col-sp-12 uc-lyt-grid-col-offset-sp-0\">\n<div class=\"uc-lyt-box-advance  \">\n<div class=\"parsys\">\n<div class=\"CMP-CM11-image-and-text section\">\n<div class=\"uc-mod-media-01  \">\n<p class=\"uc-object uc-fadeIn-target uc-js-fadeIn uc-fadeIn\"><img decoding=\"async\" class=\"uc-pc\" src=\"https:\/\/www.caryn.com.vn\/content\/dam\/sites\/www_caryn_com_vn\/shareparts\/vi\/products\/adult\/pd6_caryn_insert_pad\/Insert_pad_used_with_diaper.png\" alt=\"Insert Pad USP\" \/><\/p>\n<\/div>\n<\/div>\n<\/div>\n<\/div>\n<\/div>\n<div class=\"uc-lyt-grid-col-flex uc-lyt-grid-col-6 uc-lyt-grid-col-offset-0 uc-lyt-grid-col-sp-12 uc-lyt-grid-col-offset-sp-0\">\n<div class=\"uc-lyt-box-advance  \">\n<div class=\"parsys\">\n<div class=\"CMP-CM34-rich-text parbase section\">\n<div class=\"c-detail_numheading c-detail_numheading-01\">\n<p>Ti\u1ebft ki\u1ec7m chi ph\u00ed t\u1edbi 40%<\/p>\n<\/div>\n<\/div>\n<div class=\"CMP-CM10-text section\">\n<div class=\"c-detail_numtext  is-under_list\">\n<p>S\u1ed1 l\u01b0\u1ee3ng t\u00e3 d\u00e1n d\u00f9ng 1 ng\u00e0y ch\u1ec9 c\u00f2n 1 mi\u1ebfng, k\u1ebft h\u1ee3p mi\u1ebfng l\u00f3t ti\u1ebft ki\u1ec7m v\u1edbi gi\u00e1 th\u00e0nh r\u1ebb h\u01a1n, gi\u00fap t\u1ed5ng chi ph\u00ed d\u00f9ng t\u00e3 ti\u1ebft ki\u1ec7m t\u1edbi 40% so v\u1edbi khi d\u00f9ng t\u00e3 d\u00e1n ho\u00e0n to\u00e0n.<\/p>\n<\/div>\n<\/div>\n<div class=\"CMP-CM11-image-and-text section\">\n<div class=\"is-later  \">\n<p class=\"uc-object uc-fadeIn-target uc-js-fadeIn uc-fadeIn\"><img decoding=\"async\" src=\"https:\/\/www.caryn.com.vn\/content\/dam\/sites\/www_caryn_com_vn\/shareparts\/vi\/products\/adult\/pd6_caryn_insert_pad\/Insert_pad_feature_1.png\" alt=\"Insert pad feature 1\" \/><\/p>\n<\/div>\n<\/div>\n<\/div>\n<\/div>\n<\/div>\n<\/div>\n<\/div>\n<div class=\"CMP-CM40-grid-advance section\">\n<div class=\"uc-lyt-grid-container-advance c-detail_imagedetail\">\n<div class=\"uc-lyt-grid-col-flex uc-lyt-grid-col-6 uc-lyt-grid-col-offset-0 uc-lyt-grid-col-sp-12 uc-lyt-grid-col-offset-sp-0\">\n<div class=\"uc-lyt-box-advance  \">\n<div class=\"parsys\">\n<div class=\"CMP-CM34-rich-text parbase section\">\n<div class=\"c-detail_numheading c-detail_numheading-02\">\n<p>Th\u1ea5m h\u00fat t\u1ed1t h\u01a1n g\u1ea5p 1.5 l\u1ea7n<\/p>\n<\/div>\n<\/div>\n<div class=\"CMP-CM10-text section\">\n<div class=\"c-detail_numtext  is-under_list\">\n<p>Kh\u1ea3 n\u0103ng th\u1ea5m h\u00fat khi d\u00f9ng k\u1ebft h\u1ee3p t\u00e3 d\u00e1n v\u00e0 mi\u1ebfng l\u00f3t ti\u1ebft ki\u1ec7m t\u1ed1t h\u01a1n g\u1ea5p 1.5 l\u1ea7n so v\u1edbi ch\u1ec9 d\u00f9ng t\u00e3 d\u00e1n th\u00f4ng th\u01b0\u1eddng, t\u0103ng hi\u1ec7u qu\u1ea3 ch\u1ed1ng tr\u00e0o, b\u1ea3o v\u1ec7 ng\u01b0\u1eddi d\u00f9ng t\u1ed1t h\u01a1n.<\/p>\n<\/div>\n<\/div>\n<div class=\"CMP-CM11-image-and-text section\">\n<div class=\"is-later  \">\n<p class=\"uc-object uc-fadeIn-target uc-js-fadeIn uc-fadeIn\"><img decoding=\"async\" src=\"https:\/\/www.caryn.com.vn\/content\/dam\/sites\/www_caryn_com_vn\/shareparts\/vi\/products\/adult\/pd6_caryn_insert_pad\/Insert_pad_feature_2.png\" alt=\"Insert pad feature 2\" \/><\/p>\n<\/div>\n<\/div>\n<\/div>\n<\/div>\n<\/div>\n<div class=\"uc-lyt-grid-col-flex uc-lyt-grid-col-6 uc-lyt-grid-col-offset-0 uc-lyt-grid-col-sp-12 uc-lyt-grid-col-offset-sp-0\">\n<div class=\"uc-lyt-box-advance  \">\n<div class=\"parsys\">\n<div class=\"CMP-CM34-rich-text parbase section\">\n<div class=\"c-detail_numheading c-detail_numheading-03\">\n<p>Thay t\u00e3 d\u1ec5 d\u00e0ng, nhanh ch\u00f3ng h\u01a1n<\/p>\n<\/div>\n<\/div>\n<div class=\"CMP-CM10-text section\">\n<div class=\"c-detail_numtext  is-under_list\">\n<p>Ch\u1ec9 c\u1ea7n nghi\u00eang ng\u01b0\u1eddi d\u00f9ng sang b\u00ean v\u00e0 thay mi\u1ebfng l\u00f3t nh\u1ecf \u1edf tr\u00ean, gi\u00fap vi\u1ec7c thay t\u00e3 nhanh ch\u00f3ng h\u01a1n, ti\u1ebft ki\u1ec7m c\u00f4ng s\u1ee9c cho ng\u01b0\u1eddi ch\u0103m s\u00f3c.<\/p>\n<\/div>\n<\/div>\n<div class=\"CMP-CM11-image-and-text section\">\n<div class=\"is-later  \">\n<p class=\"uc-object uc-fadeIn-target uc-js-fadeIn uc-fadeIn\"><img decoding=\"async\" src=\"https:\/\/www.caryn.com.vn\/content\/dam\/sites\/www_caryn_com_vn\/shareparts\/vi\/products\/adult\/pd6_caryn_insert_pad\/Insert_pad_feature_3.png\" alt=\"Insert pad feature 3\" \/><\/p>\n<\/div>\n<\/div>\n<\/div>\n<\/div>\n<\/div>\n<div class=\"uc-lyt-grid-col-flex uc-lyt-grid-col-6 uc-lyt-grid-col-offset-0 uc-lyt-grid-col-sp-12 uc-lyt-grid-col-offset-sp-0\">\n<div class=\"uc-lyt-box-advance  \">\n<div class=\"parsys\">\n<div class=\"CMP-CM34-rich-text parbase section\">\n<div class=\"c-detail_numheading c-detail_numheading-04\">\n<p>Kh\u00f3a d\u00ednh ch\u1eafc ch\u1eafn<\/p>\n<\/div>\n<\/div>\n<div class=\"CMP-CM10-text section\">\n<div class=\"c-detail_numtext  is-under_list\">\n<p>Kh\u00f3a d\u00ednh m\u1eb7t tr\u01b0\u1edbc gi\u00fap c\u1ed1 \u0111\u1ecbnh mi\u1ebfng l\u00f3t t\u1ed1t h\u01a1n \u1edf m\u1eb7t tr\u01b0\u1edbc t\u00e3 d\u00e1n, kh\u00f4ng b\u1ecb x\u00f4 l\u1ec7ch trong qu\u00e1 tr\u00ecnh s\u1eed d\u1ee5ng.<\/p>\n<\/div>\n<\/div>\n<div class=\"CMP-CM11-image-and-text section\">\n<div class=\"is-later  \">\n<p class=\"uc-object uc-fadeIn-target uc-js-fadeIn uc-fadeIn\"><img decoding=\"async\" src=\"https:\/\/www.caryn.com.vn\/content\/dam\/sites\/www_caryn_com_vn\/shareparts\/vi\/products\/adult\/pd6_caryn_insert_pad\/Insert_pad_feature_4.png\" alt=\"Insert pad feature 4\" \/><\/p>\n<\/div>\n<\/div>\n<\/div>\n<\/div>\n<\/div>\n<\/div>\n<\/div>\n<p><a href=\"https:\/\/thanglongbeauty.vn\/wp-content\/uploads\/2025\/10\/mieng-lot-tiet-kiem.png\"><img loading=\"lazy\" decoding=\"async\" class=\"size-medium wp-image-9524 aligncenter\" src=\"https:\/\/thanglongbeauty.vn\/wp-content\/uploads\/2025\/10\/mieng-lot-tiet-kiem-300x225.png\" alt=\"\" width=\"300\" height=\"225\" srcset=\"https:\/\/thanglongbeauty.vn\/wp-content\/uploads\/2025\/10\/mieng-lot-tiet-kiem-300x225.png 300w, https:\/\/thanglongbeauty.vn\/wp-content\/uploads\/2025\/10\/mieng-lot-tiet-kiem-768x576.png 768w, https:\/\/thanglongbeauty.vn\/wp-content\/uploads\/2025\/10\/mieng-lot-tiet-kiem-600x450.png 600w, https:\/\/thanglongbeauty.vn\/wp-content\/uploads\/2025\/10\/mieng-lot-tiet-kiem-64x48.png 64w, https:\/\/thanglongbeauty.vn\/wp-content\/uploads\/2025\/10\/mieng-lot-tiet-kiem.png 800w\" sizes=\"auto, (max-width: 300px) 100vw, 300px\" \/><\/a><\/p>\n<p>H\u01af\u1edaNG D\u1eaaN S\u1eec D\u1ee4NG:<br \/>\n+ Tr\u1ea3i r\u1ed9ng mi\u1ebfng t\u00e3 bao ngo\u00e0i. B\u00f3c m\u1ed9t mi\u1ebfng gi\u1ea5y che keo d\u00ednh c\u1ee7a mi\u1ebfng l\u00f3t b\u1ed5 sung v\u00e0 g\u1eafn mi\u1ebfng l\u00f3t v\u00e0o mi\u1ebfng t\u00e3 gi\u1ea5y<br \/>\n+ \u0110\u1ec3 ng\u01b0\u1eddi d\u00f9ng n\u1eb1m\/ng\u1ed3i l\u00ean gi\u1eefa mi\u1ebfng l\u00f3t b\u1ed5 sung, k\u00e9o ph\u1ea7n tr\u01b0\u1edbc c\u1ee7a mi\u1ebfng l\u00f3t l\u00ean ngang b\u1ee5ng d\u01b0\u1edbi, b\u00f3c n\u1ed1t mi\u1ebfng gi\u1ea5y c\u00f2n l\u1ea1i.<br \/>\n+ K\u00e9o ph\u1ea7n tr\u01b0\u1edbc c\u1ee7a mi\u1ebfng t\u00e3 gi\u1ea5y bao ngo\u00e0i l\u00ean ngang b\u1ee5ng, \u1ea5n nh\u1eb9 \u0111\u1ec3 g\u1eafn v\u00e0o d\u1ea3i keo d\u00ednh tr\u00ean mi\u1ebfng l\u00f3t b\u1ed5 sung.<br \/>\n+ D\u00e1n kh\u00f3a d\u00ednh c\u1ee7a mi\u1ebfng t\u00e3 gi\u1ea5y bao ngo\u00e0i v\u00e0o ph\u1ea7n c\u00f3 in logo Caryn v\u00e0 \u0111i\u1ec1u ch\u1ec9nh cho ph\u00f9 h\u1ee3p v\u1edbi v\u00f2ng h\u00f4ng.<\/p>\n<p><a href=\"https:\/\/thanglongbeauty.vn\/wp-content\/uploads\/2025\/10\/huong-dan-chon-ta-caryn.png\"><img loading=\"lazy\" decoding=\"async\" class=\"size-medium wp-image-9522 aligncenter\" src=\"https:\/\/thanglongbeauty.vn\/wp-content\/uploads\/2025\/10\/huong-dan-chon-ta-caryn-300x300.png\" alt=\"\" width=\"300\" height=\"300\" srcset=\"https:\/\/thanglongbeauty.vn\/wp-content\/uploads\/2025\/10\/huong-dan-chon-ta-caryn-300x300.png 300w, https:\/\/thanglongbeauty.vn\/wp-content\/uploads\/2025\/10\/huong-dan-chon-ta-caryn-150x150.png 150w, https:\/\/thanglongbeauty.vn\/wp-content\/uploads\/2025\/10\/huong-dan-chon-ta-caryn-768x768.png 768w, https:\/\/thanglongbeauty.vn\/wp-content\/uploads\/2025\/10\/huong-dan-chon-ta-caryn-600x600.png 600w, https:\/\/thanglongbeauty.vn\/wp-content\/uploads\/2025\/10\/huong-dan-chon-ta-caryn-100x100.png 100w, https:\/\/thanglongbeauty.vn\/wp-content\/uploads\/2025\/10\/huong-dan-chon-ta-caryn-64x64.png 64w, https:\/\/thanglongbeauty.vn\/wp-content\/uploads\/2025\/10\/huong-dan-chon-ta-caryn.png 900w\" sizes=\"auto, (max-width: 300px) 100vw, 300px\" \/><\/a><\/p>\n<p>TH\u00d4NG TIN TH\u01af\u01a0NG HI\u1ec6U:<br \/>\n\u0110i \u0111\u1ea7u trong ng\u00e0nh h\u00e0ng ch\u0103m s\u00f3c ng\u01b0\u1eddi l\u1edbn tu\u1ed5i, Unicharm ra m\u1eaft s\u1ea3n ph\u1ea9m t\u00e3 gi\u1ea5y d\u00e0nh ri\u00eang cho ng\u01b0\u1eddi l\u1edbn Unicharm Caryn v\u1edbi nhi\u1ec1u \u01b0u \u0111i\u1ec3m n\u1ed5i b\u1eadt. S\u1edf h\u1eefu c\u1ea5u tr\u00fac r\u00e3nh th\u1ea5m t\u0103ng c\u01b0\u1eddng c\u00f9ng l\u00f5i b\u00f4ng si\u00eau th\u1ea5m h\u00fat, t\u00e3 gi\u1ea5y Unicharm Caryn th\u1ea5m h\u00fat ch\u1ea5t l\u1ecfng t\u1ed1i \u0111a v\u00e0 ch\u1ed1ng tr\u00e0n t\u1ed1i \u01b0u, gi\u1eef cho b\u1ec1 m\u1eb7t da lu\u00f4n kh\u00f4 kho\u00e1ng, d\u1ec5 ch\u1ecbu. H\u01a1n th\u1ebf, thi\u1ebft k\u1ebf c\u1ee7a Caryn \u0111\u1ea3m b\u1ea3o t\u00e3 lu\u00f4n ch\u1eafc ch\u1eafn ngay c\u1ea3 khi ng\u01b0\u1edfi s\u1eed d\u1ee5ng xoay tr\u1edf, v\u1eadn \u0111\u1ed9ng, h\u1ea1n ch\u1ebft t\u1ed1i \u0111a t\u00ecnh tr\u1ea1ng ch\u1ea5t l\u1ecfng tr\u00e0o ra ngo\u00e0i. T\u00e3 gi\u1ea5y ng\u01b0\u1eddi l\u1edbn Unicharm Caryn l\u00e0 s\u1ea3n ph\u1ea9m ch\u0103m s\u00f3c s\u1ee9c kh\u1ecfe l\u00ed t\u01b0\u1edfng cho ng\u01b0\u1eddi th\u00e2n c\u1ee7a b\u1ea1n.<\/p>\n<p>Xu\u1ea5t x\u1ee9: Nh\u1eadt B\u1ea3n<br \/>\nHSD: 4 n\u0103m t\u1eeb ng\u00e0y s\u1ea3n xu\u1ea5t<\/p>\n<p><a href=\"https:\/\/thanglongbeauty.vn\/wp-content\/uploads\/2025\/10\/si-ta-caryn.png\"><img loading=\"lazy\" decoding=\"async\" class=\"size-medium wp-image-9528 aligncenter\" src=\"https:\/\/thanglongbeauty.vn\/wp-content\/uploads\/2025\/10\/si-ta-caryn-300x225.png\" alt=\"\" width=\"300\" height=\"225\" srcset=\"https:\/\/thanglongbeauty.vn\/wp-content\/uploads\/2025\/10\/si-ta-caryn-300x225.png 300w, https:\/\/thanglongbeauty.vn\/wp-content\/uploads\/2025\/10\/si-ta-caryn-768x576.png 768w, https:\/\/thanglongbeauty.vn\/wp-content\/uploads\/2025\/10\/si-ta-caryn-600x450.png 600w, https:\/\/thanglongbeauty.vn\/wp-content\/uploads\/2025\/10\/si-ta-caryn-64x48.png 64w, https:\/\/thanglongbeauty.vn\/wp-content\/uploads\/2025\/10\/si-ta-caryn.png 800w\" sizes=\"auto, (max-width: 300px) 100vw, 300px\" \/><\/a><br \/>\n#tamdiemlotcaryn &#8220;&#8221;tamdiemlotsieutham #tamdiemlotsieumong #tadancaryn #tadanchonguoigia #tamlotcarynsizeL #tamlotcarynsizeXL #tamlotcarynsizeXXL #tamlotcarynsizeM-L #noibantaquancarynsize #taquancarynxl #taquancarynxxl #taquancarynsizexl #taquancarynsizel #taquancarynml &#8220;<\/p>\n","protected":false},"excerpt":{"rendered":"<p>Mi\u1ebfng l\u00f3t ti\u1ebft ki\u1ec7m Caryn m\u1edbi l\u00e0 s\u1ea3n ph\u1ea9m si\u00eau ti\u1ebft ki\u1ec7m, gi\u00fap ti\u1ebft ki\u1ec7m chi ph\u00ed t\u1edbi 40% cho ng\u01b0\u1eddi d\u00f9ng t\u00e3 d\u00e1n nh\u1edd ch\u1ec9 c\u1ea7n d\u00f9ng 1 mi\u1ebfng t\u00e3 d\u00e1n k\u1ebft h\u1ee3p v\u1edbi 2 &#8211; 3 mi\u1ebfng l\u00f3t ti\u1ebft ki\u1ec7m 1 ng\u00e0y thay v\u00ec s\u1eed d\u1ee5ng 3 mi\u1ebfng t\u00e3 d\u00e1n 1 ng\u00e0y. \u0110\u1ed3ng&#8230;<\/p>\n","protected":false},"featured_media":9526,"comment_status":"open","ping_status":"closed","template":"","meta":[],"product_brand":[1539],"product_cat":[15,1410,1411],"product_tag":[1654,153,1653,157,511,1652,1655,505,1656,1657,1658,1661,1659,1660],"class_list":{"0":"post-9494","1":"product","2":"type-product","3":"status-publish","4":"has-post-thumbnail","6":"product_brand-caryn","7":"product_cat-chua-phan-loai","8":"product_cat-ta-nguoi-lon","9":"product_cat-ta-nguoi-lon-caryn","10":"product_tag-bim-nguoi-gia","11":"product_tag-caryn","12":"product_tag-ta-bim-nguoi-gia","13":"product_tag-ta-bim-nguoi-lon","14":"product_tag-ta-caryn","15":"product_tag-ta-dan-caryn","16":"product_tag-ta-dan-nguoi-gia","17":"product_tag-ta-dan-nguoi-lon","18":"product_tag-ta-quan-caryn","19":"product_tag-ta-quan-nguoi-lon","20":"product_tag-tam-lot","21":"product_tag-tam-lot-caryn","22":"product_tag-tam-lot-nguoi-gia","23":"product_tag-tam-lot-nguoi-lon","25":"first","26":"onbackorder","27":"sale","28":"shipping-taxable","29":"purchasable","30":"product-type-simple"},"acf":[],"_links":{"self":[{"href":"https:\/\/thanglongbeauty.vn\/index.php?rest_route=\/wp\/v2\/product\/9494","targetHints":{"allow":["GET"]}}],"collection":[{"href":"https:\/\/thanglongbeauty.vn\/index.php?rest_route=\/wp\/v2\/product"}],"about":[{"href":"https:\/\/thanglongbeauty.vn\/index.php?rest_route=\/wp\/v2\/types\/product"}],"replies":[{"embeddable":true,"href":"https:\/\/thanglongbeauty.vn\/index.php?rest_route=%2Fwp%2Fv2%2Fcomments&post=9494"}],"wp:featuredmedia":[{"embeddable":true,"href":"https:\/\/thanglongbeauty.vn\/index.php?rest_route=\/wp\/v2\/media\/9526"}],"wp:attachment":[{"href":"https:\/\/thanglongbeauty.vn\/index.php?rest_route=%2Fwp%2Fv2%2Fmedia&parent=9494"}],"wp:term":[{"taxonomy":"product_brand","embeddable":true,"href":"https:\/\/thanglongbeauty.vn\/index.php?rest_route=%2Fwp%2Fv2%2Fproduct_brand&post=9494"},{"taxonomy":"product_cat","embeddable":true,"href":"https:\/\/thanglongbeauty.vn\/index.php?rest_route=%2Fwp%2Fv2%2Fproduct_cat&post=9494"},{"taxonomy":"product_tag","embeddable":true,"href":"https:\/\/thanglongbeauty.vn\/index.php?rest_route=%2Fwp%2Fv2%2Fproduct_tag&post=9494"}],"curies":[{"name":"wp","href":"https:\/\/api.w.org\/{rel}","templated":true}]}}