{"id":9512,"date":"2025-10-20T11:28:06","date_gmt":"2025-10-20T11:28:06","guid":{"rendered":"https:\/\/thanglongbeauty.vn\/?post_type=product&#038;p=9512"},"modified":"2026-01-13T09:36:36","modified_gmt":"2026-01-13T09:36:36","slug":"bong-tay-trang-lily-bell-222-mieng-goi","status":"publish","type":"product","link":"https:\/\/thanglongbeauty.vn\/?product=bong-tay-trang-lily-bell-222-mieng-goi","title":{"rendered":"B\u00f4ng t\u1ea9y trang Lily Bell 222 mi\u1ebfng \/g\u00f3i"},"content":{"rendered":"<p>B\u00f4ng T\u1ea9y Trang LilyBell Lilian Puff Cotton 222 Mi\u1ebfng l\u00e0 b\u00f4ng t\u1ea9y trang \u0111\u1ebfn t\u1eeb th\u01b0\u01a1ng hi\u1ec7u m\u1ef9 ph\u1ea9m LilyBell c\u1ee7a Nh\u1eadt B\u1ea3n, \u0111\u01b0\u1ee3c s\u1ea3n xu\u1ea5t theo ti\u00eau chu\u1ea9n Nh\u1eadt B\u1ea3n v\u1edbi th\u00e0nh ph\u1ea7n t\u1eeb 100% cotton m\u1ec1m m\u1ea1i gi\u00fap l\u00e0m s\u1ea1ch l\u1edbp trang \u0111i\u1ec3m, thoa toner c\u1ea5p \u1ea9m m\u00e0 kh\u00f4ng \u0111\u1ec3 l\u1ea1i x\u01a1 b\u00f4ng.<br \/>\nB\u00f4ng T\u1ea9y Trang LilyBell Lilian Puff Cotton 222 Mi\u1ebfng<\/p>\n<p>Lo\u1ea1i da ph\u00f9 h\u1ee3p:<br \/>\nS\u1ea3n ph\u1ea9m ph\u00f9 h\u1ee3p v\u1edbi m\u1ecdi lo\u1ea1i da.<\/p>\n<p>Gi\u1ea3i ph\u00e1p t\u00ecnh tr\u1ea1ng:<br \/>\nD\u00f9ng \u0111\u1ec3 t\u1ea9y l\u1edbp trang \u0111i\u1ec3m, kem ch\u1ed1ng n\u1eafng, b\u1ee5i b\u1ea9n.<br \/>\nThoa n\u01b0\u1edbc hoa h\u1ed3ng l\u00e0m s\u1ea1ch, c\u00e2n b\u1eb1ng cho da.<\/p>\n<p>\u01afu th\u1ebf n\u1ed5i b\u1eadt:<br \/>\nCh\u1ea5t li\u1ec7u s\u1ee3i b\u00f4ng m\u1ec1m v\u00e0 dai kh\u00f4ng g\u00e2y x\u00f9 l\u00f4ng \u0111\u1ec3 l\u1ea1i x\u01a1 b\u00f4ng tr\u00ean m\u1eb7t.<\/p>\n<p>Thi\u1ebft k\u1ebf h\u00ecnh vu\u00f4ng \u0111\u01b0\u1ee3c d\u1eadp m\u00e9p, m\u1ecfng gi\u00fap ti\u1ebft ki\u1ec7m dung d\u1ecbch v\u00e0 d\u1ec5 d\u00e0ng apply tr\u00ean da.<\/p>\n<p>Th\u00e0nh ph\u1ea7n 100% cotton \u0111\u1ea3m b\u1ea3o an to\u00e0n cho m\u1ecdi l\u00e0n da.<\/p>\n<p>B\u1ea3o qu\u1ea3n:<br \/>\nN\u01a1i kh\u00f4 r\u00e1o tho\u00e1ng m\u00e1t.<br \/>\nTr\u00e1nh \u00e1nh n\u1eafng tr\u1ef1c ti\u1ebfp, n\u01a1i c\u00f3 nhi\u1ec7t \u0111\u1ed9 cao ho\u1eb7c \u1ea9m \u01b0\u1edbt.<br \/>\n\u0110\u1eady n\u1eafp k\u00edn sau khi s\u1eed d\u1ee5ng.<\/p>\n<p>Quy c\u00e1ch: 222 Mi\u1ebfng<br \/>\nTh\u01b0\u01a1ng hi\u1ec7u: LilyBell<br \/>\nXu\u1ea5t x\u1ee9: Nh\u1eadt B\u1ea3n<br \/>\n#bongtaytrang, #bongtrangdiem, #chamsocda, #riveiwlamdep, #bongtaytranggiare, #sibongtaytrang, #cottonpad, #bongtaytrang80mieng, #bongtaytrang222mieng, #cottonpad222, #bongtaytrangnhatban<br \/>\nTh\u0103ng Long_beauty- C\u00f4ng TY TNHH D\u1ecaCH V\u1ee4 PH\u00c2N PH\u1ed0I TH\u0102NG LONG l\u00e0 m\u1ed9t c\u00f4ng ty chuy\u00ean cung c\u1ea5p c\u00e1c s\u1ea3n ph\u1ea9m \u0111\u1ed3 cho m\u1eb9 v\u00e0 b\u00e9, nh\u1eefng s\u1ea3n ph\u1ea9m ch\u0103m s\u00f3c s\u1ee9c kh\u1ecfe \u2013 l\u00e0m \u0111\u1eb9p v\u00e0 kh\u1ea9u trang y t\u1ebf.<br \/>\nLi\u00ean h\u1ec7 \u0111\u1ec3 \u0111\u01b0\u1ee3c mua gi\u00e1 s\u1ec9 c\u1ef1c \u01b0u \u0111\u00e3i<\/p>\n","protected":false},"excerpt":{"rendered":"<p>B\u00f4ng T\u1ea9y Trang LilyBell Lilian Puff Cotton 222 Mi\u1ebfng l\u00e0 b\u00f4ng t\u1ea9y trang \u0111\u1ebfn t\u1eeb th\u01b0\u01a1ng hi\u1ec7u m\u1ef9 ph\u1ea9m LilyBell c\u1ee7a Nh\u1eadt B\u1ea3n, \u0111\u01b0\u1ee3c s\u1ea3n xu\u1ea5t theo ti\u00eau chu\u1ea9n Nh\u1eadt B\u1ea3n v\u1edbi th\u00e0nh ph\u1ea7n t\u1eeb 100% cotton m\u1ec1m m\u1ea1i gi\u00fap l\u00e0m s\u1ea1ch l\u1edbp trang \u0111i\u1ec3m, thoa toner c\u1ea5p \u1ea9m m\u00e0 kh\u00f4ng \u0111\u1ec3 l\u1ea1i x\u01a1 b\u00f4ng&#8230;.<\/p>\n","protected":false},"featured_media":9553,"comment_status":"open","ping_status":"closed","template":"","meta":[],"product_brand":[1490],"product_cat":[15,1475,1486,1398,1431],"product_tag":[148,532,197,520,212,198,534,538,1664,214],"class_list":{"0":"post-9512","1":"product","2":"type-product","3":"status-publish","4":"has-post-thumbnail","6":"product_brand-lili-bell","7":"product_cat-chua-phan-loai","8":"product_cat-bong-tay-trang","9":"product_cat-bong-tay-trang-2","10":"product_cat-cham-soc-da","11":"product_cat-lily-bell","12":"product_tag-bong-tay-trang","13":"product_tag-bong-tay-trang-150-mieng","14":"product_tag-bong-tay-trang-222","15":"product_tag-bong-tay-trang-cotton","16":"product_tag-bong-tay-trang-han-quoc","17":"product_tag-bong-tay-trang-lily-bell","18":"product_tag-bong-tay-trang-lily-bell-chinh-hang","19":"product_tag-bong-tay-trang-lily-bell-gia-re","20":"product_tag-bong-tay-trang-quoc-dan","21":"product_tag-cotton-pads","23":"first","24":"instock","25":"sale","26":"shipping-taxable","27":"purchasable","28":"product-type-simple"},"acf":[],"_links":{"self":[{"href":"https:\/\/thanglongbeauty.vn\/index.php?rest_route=\/wp\/v2\/product\/9512","targetHints":{"allow":["GET"]}}],"collection":[{"href":"https:\/\/thanglongbeauty.vn\/index.php?rest_route=\/wp\/v2\/product"}],"about":[{"href":"https:\/\/thanglongbeauty.vn\/index.php?rest_route=\/wp\/v2\/types\/product"}],"replies":[{"embeddable":true,"href":"https:\/\/thanglongbeauty.vn\/index.php?rest_route=%2Fwp%2Fv2%2Fcomments&post=9512"}],"wp:featuredmedia":[{"embeddable":true,"href":"https:\/\/thanglongbeauty.vn\/index.php?rest_route=\/wp\/v2\/media\/9553"}],"wp:attachment":[{"href":"https:\/\/thanglongbeauty.vn\/index.php?rest_route=%2Fwp%2Fv2%2Fmedia&parent=9512"}],"wp:term":[{"taxonomy":"product_brand","embeddable":true,"href":"https:\/\/thanglongbeauty.vn\/index.php?rest_route=%2Fwp%2Fv2%2Fproduct_brand&post=9512"},{"taxonomy":"product_cat","embeddable":true,"href":"https:\/\/thanglongbeauty.vn\/index.php?rest_route=%2Fwp%2Fv2%2Fproduct_cat&post=9512"},{"taxonomy":"product_tag","embeddable":true,"href":"https:\/\/thanglongbeauty.vn\/index.php?rest_route=%2Fwp%2Fv2%2Fproduct_tag&post=9512"}],"curies":[{"name":"wp","href":"https:\/\/api.w.org\/{rel}","templated":true}]}}