{"id":9513,"date":"2025-10-20T11:28:06","date_gmt":"2025-10-20T11:28:06","guid":{"rendered":"https:\/\/thanglongbeauty.vn\/?post_type=product&#038;p=9513"},"modified":"2025-10-25T04:23:36","modified_gmt":"2025-10-25T04:23:36","slug":"bong-tay-trang-ba-lan-ola-150-mieng-xanh","status":"publish","type":"product","link":"https:\/\/thanglongbeauty.vn\/?product=bong-tay-trang-ba-lan-ola-150-mieng-xanh","title":{"rendered":"B\u00f4ng T\u1ea9y Trang Ba Lan Ola 150 Mi\u1ebfng Xanh"},"content":{"rendered":"<p>Ola l\u00e0 th\u01b0\u01a1ng hi\u1ec7u n\u1ed5i ti\u1ebfng t\u1ea1i Ba Lan v\u1ec1 c\u00e1c s\u1ea3n ph\u1ea9m ch\u0103m s\u00f3c s\u1ee9c kh\u1ecfe, l\u00e0m \u0111\u1eb9p v\u00e0 v\u1ec7 sinh cho ph\u1ee5 n\u1eef. B\u00f4ng t\u1ea9y trang Ola Cotton Pads l\u00e0 s\u1ea3n ph\u1ea9m \u0111\u01b0\u1ee3c b\u00e1n ch\u1ea1y t\u1ea1i Ba Lan trong nhi\u1ec1u n\u0103m li\u1ec1n b\u1edfi th\u00e0nh ph\u1ea7n 100% cotton t\u1ef1 nhi\u00ean, r\u1ea5t m\u1ec1m, m\u1ecbn v\u00e0 dai, d\u1eadp vi\u1ec1n 100%<br \/>\nkh\u00f4ng g\u00e2y k\u00edch \u1ee9ng<\/p>\n<p><a href=\"https:\/\/thanglongbeauty.vn\/wp-content\/uploads\/2025\/10\/bong-tay-trang-ola-chinh-hang.png\"><img loading=\"lazy\" decoding=\"async\" class=\"size-medium wp-image-9571 aligncenter\" src=\"https:\/\/thanglongbeauty.vn\/wp-content\/uploads\/2025\/10\/bong-tay-trang-ola-chinh-hang-300x169.png\" alt=\"\" width=\"300\" height=\"169\" srcset=\"https:\/\/thanglongbeauty.vn\/wp-content\/uploads\/2025\/10\/bong-tay-trang-ola-chinh-hang-300x169.png 300w, https:\/\/thanglongbeauty.vn\/wp-content\/uploads\/2025\/10\/bong-tay-trang-ola-chinh-hang-1024x576.png 1024w, https:\/\/thanglongbeauty.vn\/wp-content\/uploads\/2025\/10\/bong-tay-trang-ola-chinh-hang-768x432.png 768w, https:\/\/thanglongbeauty.vn\/wp-content\/uploads\/2025\/10\/bong-tay-trang-ola-chinh-hang-600x337.png 600w, https:\/\/thanglongbeauty.vn\/wp-content\/uploads\/2025\/10\/bong-tay-trang-ola-chinh-hang-64x36.png 64w, https:\/\/thanglongbeauty.vn\/wp-content\/uploads\/2025\/10\/bong-tay-trang-ola-chinh-hang.png 1366w\" sizes=\"auto, (max-width: 300px) 100vw, 300px\" \/><\/a><\/p>\n<p>Chi ti\u1ebft s\u1ea3n ph\u1ea9m<br \/>\nB\u00f4ng t\u1ea9y trang Ola 120 +30 mi\u1ebfng Cotton Pads (Ba Lan)<br \/>\nQuy c\u00e1ch: 150 mi\u1ebfng<br \/>\nXu\u1ea5t x\u1ee9: Ba Lan<\/p>\n<p>&#8211;<a href=\"https:\/\/thanglongbeauty.vn\/wp-content\/uploads\/2025\/10\/si-BONG-TAY-TRANG-OLA-60-MIENG-4.png\"><img loading=\"lazy\" decoding=\"async\" class=\"size-medium wp-image-9575 aligncenter\" src=\"https:\/\/thanglongbeauty.vn\/wp-content\/uploads\/2025\/10\/si-BONG-TAY-TRANG-OLA-60-MIENG-4-300x169.png\" alt=\"\" width=\"300\" height=\"169\" srcset=\"https:\/\/thanglongbeauty.vn\/wp-content\/uploads\/2025\/10\/si-BONG-TAY-TRANG-OLA-60-MIENG-4-300x169.png 300w, https:\/\/thanglongbeauty.vn\/wp-content\/uploads\/2025\/10\/si-BONG-TAY-TRANG-OLA-60-MIENG-4-1024x576.png 1024w, https:\/\/thanglongbeauty.vn\/wp-content\/uploads\/2025\/10\/si-BONG-TAY-TRANG-OLA-60-MIENG-4-768x432.png 768w, https:\/\/thanglongbeauty.vn\/wp-content\/uploads\/2025\/10\/si-BONG-TAY-TRANG-OLA-60-MIENG-4-600x337.png 600w, https:\/\/thanglongbeauty.vn\/wp-content\/uploads\/2025\/10\/si-BONG-TAY-TRANG-OLA-60-MIENG-4-64x36.png 64w, https:\/\/thanglongbeauty.vn\/wp-content\/uploads\/2025\/10\/si-BONG-TAY-TRANG-OLA-60-MIENG-4.png 1366w\" sizes=\"auto, (max-width: 300px) 100vw, 300px\" \/><\/a><\/p>\n<ul>\n<li>V\u1edbi thi\u1ebft k\u1ebf v\u1edbi l\u1edbp b\u00f4ng d\u1ea1ng tr\u00f2n, B\u00f4ng T\u1ea9y Trang Ola Cotton Pads m\u1ec1m gi\u00fap b\u1ea1n nh\u1eb9 nh\u00e0ng ch\u0103m s\u00f3c l\u00e0n da khi t\u1ea9y trang ho\u1eb7c khi thoa n\u01b0\u1edbc hoa h\u1ed3ng. B\u1ec1 m\u1eb7t b\u00f4ng \u0111\u01b0\u1ee3c l\u00e0m t\u1eeb 100% cotton thi\u00ean nhi\u00ean \u0111\u00e3 \u0111\u01b0\u1ee3c tinh ch\u1ebf, r\u1ea5t m\u1ec1m m\u1ea1i, m\u1ecbn m\u00e0ng, kh\u00f4ng g\u00e2y r\u00e1t m\u1eb7t.<\/li>\n<li>Nh\u1edd s\u1eed d\u1ee5ng c\u00f4ng ngh\u1ec7 \u0111\u1eb7c bi\u1ec7t Hydro Jet (c\u00e1c s\u1ee3i b\u00f4ng \u0111\u01b0\u1ee3c \u00e9p v\u00e0 \u0111an xen v\u1edbi nhau b\u1eb1ng n\u01b0\u1edbc), gi\u00fap l\u1ea5y \u0111i l\u1edbp trang \u0111i\u1ec3m tr\u00ean da m\u1eb7t nh\u01b0 ph\u1ea5n, son, l\u1edbp b\u00e3 nh\u1eddn, b\u1ee5i b\u1ea9n, t\u1ebf b\u00e0o ch\u1ebft \u0111\u01b0\u1ee3c d\u1ec5 d\u00e0ng h\u01a1n c\u00e1c lo\u1ea1i b\u00f4ng th\u01b0\u1eddng<\/li>\n<li>Ngo\u00e0i ra, c\u1ea5u t\u1ea1o c\u00e1c s\u1ee3i b\u00f4ng \u0111\u01b0\u1ee3c \u00e9p \u0111an xen n\u00ean b\u00f4ng t\u1ea9y trang Ola kh\u00f4ng th\u1ea5m h\u00fat nhi\u1ec1u dung d\u1ecbch t\u1ea9y trang v\u00e0o l\u1edbp b\u00f4ng \u1edf gi\u1eefa, n\u00ean kh\u00f4ng t\u1ed1n n\u01b0\u1edbc t\u1ea9y trang, n\u01b0\u1edbc hoa h\u1ed3ng nh\u01b0 m\u1ed9t s\u1ed1 lo\u1ea1i b\u00f4ng th\u01b0\u1eddng kh\u00e1c. \u0110\u00e2y l\u00e0 \u0111i\u1ec3m \u0111\u1eb7c bi\u1ec7t \u0111\u01b0\u1ee3c c\u00e1c chuy\u00ean gia l\u00e0m \u0111\u1eb9p Ba Lan \u0111\u00e1nh gi\u00e1 r\u1ea5t cao<\/li>\n<\/ul>\n<p><a href=\"https:\/\/thanglongbeauty.vn\/wp-content\/uploads\/2025\/10\/bong-tay-trang-OLA-150-mieng-mau-moi-2.png\"><img loading=\"lazy\" decoding=\"async\" class=\"alignnone size-medium wp-image-9569\" src=\"https:\/\/thanglongbeauty.vn\/wp-content\/uploads\/2025\/10\/bong-tay-trang-OLA-150-mieng-mau-moi-2-300x300.png\" alt=\"\" width=\"300\" height=\"300\" srcset=\"https:\/\/thanglongbeauty.vn\/wp-content\/uploads\/2025\/10\/bong-tay-trang-OLA-150-mieng-mau-moi-2-300x300.png 300w, https:\/\/thanglongbeauty.vn\/wp-content\/uploads\/2025\/10\/bong-tay-trang-OLA-150-mieng-mau-moi-2-150x150.png 150w, https:\/\/thanglongbeauty.vn\/wp-content\/uploads\/2025\/10\/bong-tay-trang-OLA-150-mieng-mau-moi-2-768x768.png 768w, https:\/\/thanglongbeauty.vn\/wp-content\/uploads\/2025\/10\/bong-tay-trang-OLA-150-mieng-mau-moi-2-600x600.png 600w, https:\/\/thanglongbeauty.vn\/wp-content\/uploads\/2025\/10\/bong-tay-trang-OLA-150-mieng-mau-moi-2-100x100.png 100w, https:\/\/thanglongbeauty.vn\/wp-content\/uploads\/2025\/10\/bong-tay-trang-OLA-150-mieng-mau-moi-2-64x64.png 64w, https:\/\/thanglongbeauty.vn\/wp-content\/uploads\/2025\/10\/bong-tay-trang-OLA-150-mieng-mau-moi-2.png 900w\" sizes=\"auto, (max-width: 300px) 100vw, 300px\" \/><\/a> <a href=\"https:\/\/thanglongbeauty.vn\/wp-content\/uploads\/2025\/10\/bong-tay-trang-OLA-150-mieng-mau-moi.png\"><img loading=\"lazy\" decoding=\"async\" class=\"alignnone size-medium wp-image-9570\" src=\"https:\/\/thanglongbeauty.vn\/wp-content\/uploads\/2025\/10\/bong-tay-trang-OLA-150-mieng-mau-moi-300x300.png\" alt=\"\" width=\"300\" height=\"300\" srcset=\"https:\/\/thanglongbeauty.vn\/wp-content\/uploads\/2025\/10\/bong-tay-trang-OLA-150-mieng-mau-moi-300x300.png 300w, https:\/\/thanglongbeauty.vn\/wp-content\/uploads\/2025\/10\/bong-tay-trang-OLA-150-mieng-mau-moi-150x150.png 150w, https:\/\/thanglongbeauty.vn\/wp-content\/uploads\/2025\/10\/bong-tay-trang-OLA-150-mieng-mau-moi-768x768.png 768w, https:\/\/thanglongbeauty.vn\/wp-content\/uploads\/2025\/10\/bong-tay-trang-OLA-150-mieng-mau-moi-600x600.png 600w, https:\/\/thanglongbeauty.vn\/wp-content\/uploads\/2025\/10\/bong-tay-trang-OLA-150-mieng-mau-moi-100x100.png 100w, https:\/\/thanglongbeauty.vn\/wp-content\/uploads\/2025\/10\/bong-tay-trang-OLA-150-mieng-mau-moi-64x64.png 64w, https:\/\/thanglongbeauty.vn\/wp-content\/uploads\/2025\/10\/bong-tay-trang-OLA-150-mieng-mau-moi.png 900w\" sizes=\"auto, (max-width: 300px) 100vw, 300px\" \/><\/a><\/p>\n<p>&nbsp;<\/p>\n<p>#bongtaytrang #ola<\/p>\n<p>&nbsp;<\/p>\n","protected":false},"excerpt":{"rendered":"<p>Ola l\u00e0 th\u01b0\u01a1ng hi\u1ec7u n\u1ed5i ti\u1ebfng t\u1ea1i Ba Lan v\u1ec1 c\u00e1c s\u1ea3n ph\u1ea9m ch\u0103m s\u00f3c s\u1ee9c kh\u1ecfe, l\u00e0m \u0111\u1eb9p v\u00e0 v\u1ec7 sinh cho ph\u1ee5 n\u1eef. B\u00f4ng t\u1ea9y trang Ola Cotton Pads l\u00e0 s\u1ea3n ph\u1ea9m \u0111\u01b0\u1ee3c b\u00e1n ch\u1ea1y t\u1ea1i Ba Lan trong nhi\u1ec1u n\u0103m li\u1ec1n b\u1edfi th\u00e0nh ph\u1ea7n 100% cotton t\u1ef1 nhi\u00ean, r\u1ea5t m\u1ec1m, m\u1ecbn v\u00e0&#8230;<\/p>\n","protected":false},"featured_media":9568,"comment_status":"open","ping_status":"closed","template":"","meta":[],"product_brand":[1555],"product_cat":[15,1486,1475,1398,659,1436],"product_tag":[148,532,197,520,212,1664,214],"class_list":{"0":"post-9513","1":"product","2":"type-product","3":"status-publish","4":"has-post-thumbnail","6":"product_brand-ola","7":"product_cat-chua-phan-loai","8":"product_cat-bong-tay-trang-2","9":"product_cat-bong-tay-trang","10":"product_cat-cham-soc-da","11":"product_cat-ola","12":"product_cat-ola-thuong-hieu-ban-yeu-thich","13":"product_tag-bong-tay-trang","14":"product_tag-bong-tay-trang-150-mieng","15":"product_tag-bong-tay-trang-222","16":"product_tag-bong-tay-trang-cotton","17":"product_tag-bong-tay-trang-han-quoc","18":"product_tag-bong-tay-trang-quoc-dan","19":"product_tag-cotton-pads","21":"first","22":"instock","23":"sale","24":"shipping-taxable","25":"purchasable","26":"product-type-simple"},"acf":[],"_links":{"self":[{"href":"https:\/\/thanglongbeauty.vn\/index.php?rest_route=\/wp\/v2\/product\/9513","targetHints":{"allow":["GET"]}}],"collection":[{"href":"https:\/\/thanglongbeauty.vn\/index.php?rest_route=\/wp\/v2\/product"}],"about":[{"href":"https:\/\/thanglongbeauty.vn\/index.php?rest_route=\/wp\/v2\/types\/product"}],"replies":[{"embeddable":true,"href":"https:\/\/thanglongbeauty.vn\/index.php?rest_route=%2Fwp%2Fv2%2Fcomments&post=9513"}],"wp:featuredmedia":[{"embeddable":true,"href":"https:\/\/thanglongbeauty.vn\/index.php?rest_route=\/wp\/v2\/media\/9568"}],"wp:attachment":[{"href":"https:\/\/thanglongbeauty.vn\/index.php?rest_route=%2Fwp%2Fv2%2Fmedia&parent=9513"}],"wp:term":[{"taxonomy":"product_brand","embeddable":true,"href":"https:\/\/thanglongbeauty.vn\/index.php?rest_route=%2Fwp%2Fv2%2Fproduct_brand&post=9513"},{"taxonomy":"product_cat","embeddable":true,"href":"https:\/\/thanglongbeauty.vn\/index.php?rest_route=%2Fwp%2Fv2%2Fproduct_cat&post=9513"},{"taxonomy":"product_tag","embeddable":true,"href":"https:\/\/thanglongbeauty.vn\/index.php?rest_route=%2Fwp%2Fv2%2Fproduct_tag&post=9513"}],"curies":[{"name":"wp","href":"https:\/\/api.w.org\/{rel}","templated":true}]}}