{"id":9514,"date":"2025-10-20T11:28:06","date_gmt":"2025-10-20T11:28:06","guid":{"rendered":"https:\/\/thanglongbeauty.vn\/?post_type=product&#038;p=9514"},"modified":"2025-10-25T04:23:37","modified_gmt":"2025-10-25T04:23:37","slug":"bong-tay-trang-silcot-82-mieng","status":"publish","type":"product","link":"https:\/\/thanglongbeauty.vn\/?product=bong-tay-trang-silcot-82-mieng","title":{"rendered":"B\u00f4ng T\u1ea9y Trang Silcot 82 Mi\u1ebfng"},"content":{"rendered":"<p>Th\u0103ng Long_beauty &#8211; C\u00f4ng TY TNHH D\u1ecaCH V\u1ee4 PH\u00c2N PH\u1ed0I TH\u0102NG LONG chuy\u00ean cung c\u1ea5p b\u00f4ng t\u1ea9y trang Sicot ch\u00ednh h\u00e3ng<br \/>\n** B\u1ed9 4 h\u1ed9p B\u00f4ng trang \u0111i\u1ec3m Silcot (82 mi\u1ebfng\/h\u1ed9p) l\u00e0 s\u1ea3n ph\u1ea9m ch\u0103m s\u00f3c da cao c\u1ea5p b\u00e1n ch\u1ea1y s\u1ed1 1 Nh\u1eadt B\u1ea3n trong h\u01a1n 10 n\u0103m li\u1ec1n. \u0110\u01b0\u1ee3c l\u00e0m t\u1eeb 100% s\u1ee3i b\u00f4ng t\u1ef1 nhi\u00ean, b\u00f4ng trang \u0111i\u1ec3m m\u1ec1m x\u1ed1p, \u00eam \u00e1i v\u00e0 v\u00f4 c\u00f9ng d\u1ecbu nh\u1eb9 v\u1edbi da. S\u1ee3i b\u00f4ng th\u1ea5m \u0111\u01b0\u1ee3c d\u00e0n \u0111\u1ec1u c\u00f9ng thi\u1ebft k\u1ebf d\u1ea1ng t\u00fai th\u00f4ng minh, ho\u00e0n to\u00e0n kh\u00f4ng \u0111\u1ec3 l\u1ea1i x\u01a1 b\u00f4ng tr\u00ean da, \u0111\u1ed3ng th\u1eddi gi\u00fap ti\u1ebft ki\u1ec7m n\u01b0\u1edbc d\u01b0\u1ee1ng da t\u1ed1i \u01b0u nh\u1edd k\u1ebft c\u1ea5u s\u1ee3i b\u00f4ng \u0111\u1eb7c bi\u1ec7t, gi\u00fap b\u1ea1n c\u00f3 \u0111\u01b0\u1ee3c l\u1edbp trang \u0111i\u1ec3m t\u1ef1 nhi\u00ean h\u01a1n, ho\u1eb7c t\u1ea9y trang d\u1ec5 d\u00e0ng v\u00e0 nhanh ch\u00f3ng h\u01a1n. B\u00f4ng trang \u0111i\u1ec3m Silcot th\u00edch h\u1ee3p d\u00f9ng trong quy tr\u00ecnh ch\u0103m s\u00f3c da c\u01a1 b\u1ea3n<\/p>\n<p><a href=\"https:\/\/thanglongbeauty.vn\/wp-content\/uploads\/2025\/10\/bong-tay-trang-silcot-82-mieng-5.png\"><img loading=\"lazy\" decoding=\"async\" class=\"alignnone size-medium wp-image-9584\" src=\"https:\/\/thanglongbeauty.vn\/wp-content\/uploads\/2025\/10\/bong-tay-trang-silcot-82-mieng-5-300x300.png\" alt=\"\" width=\"300\" height=\"300\" srcset=\"https:\/\/thanglongbeauty.vn\/wp-content\/uploads\/2025\/10\/bong-tay-trang-silcot-82-mieng-5-300x300.png 300w, https:\/\/thanglongbeauty.vn\/wp-content\/uploads\/2025\/10\/bong-tay-trang-silcot-82-mieng-5-150x150.png 150w, https:\/\/thanglongbeauty.vn\/wp-content\/uploads\/2025\/10\/bong-tay-trang-silcot-82-mieng-5-768x768.png 768w, https:\/\/thanglongbeauty.vn\/wp-content\/uploads\/2025\/10\/bong-tay-trang-silcot-82-mieng-5-600x600.png 600w, https:\/\/thanglongbeauty.vn\/wp-content\/uploads\/2025\/10\/bong-tay-trang-silcot-82-mieng-5-100x100.png 100w, https:\/\/thanglongbeauty.vn\/wp-content\/uploads\/2025\/10\/bong-tay-trang-silcot-82-mieng-5-64x64.png 64w, https:\/\/thanglongbeauty.vn\/wp-content\/uploads\/2025\/10\/bong-tay-trang-silcot-82-mieng-5.png 900w\" sizes=\"auto, (max-width: 300px) 100vw, 300px\" \/><\/a><a href=\"https:\/\/thanglongbeauty.vn\/wp-content\/uploads\/2025\/10\/bong-tay-trang-silcot.png\"><img loading=\"lazy\" decoding=\"async\" class=\"alignnone size-medium wp-image-9580\" src=\"https:\/\/thanglongbeauty.vn\/wp-content\/uploads\/2025\/10\/bong-tay-trang-silcot-300x300.png\" alt=\"\" width=\"300\" height=\"300\" srcset=\"https:\/\/thanglongbeauty.vn\/wp-content\/uploads\/2025\/10\/bong-tay-trang-silcot-300x300.png 300w, https:\/\/thanglongbeauty.vn\/wp-content\/uploads\/2025\/10\/bong-tay-trang-silcot-150x150.png 150w, https:\/\/thanglongbeauty.vn\/wp-content\/uploads\/2025\/10\/bong-tay-trang-silcot-768x768.png 768w, https:\/\/thanglongbeauty.vn\/wp-content\/uploads\/2025\/10\/bong-tay-trang-silcot-600x600.png 600w, https:\/\/thanglongbeauty.vn\/wp-content\/uploads\/2025\/10\/bong-tay-trang-silcot-100x100.png 100w, https:\/\/thanglongbeauty.vn\/wp-content\/uploads\/2025\/10\/bong-tay-trang-silcot-64x64.png 64w, https:\/\/thanglongbeauty.vn\/wp-content\/uploads\/2025\/10\/bong-tay-trang-silcot.png 900w\" sizes=\"auto, (max-width: 300px) 100vw, 300px\" \/><\/a><\/p>\n<p>\u0110\u1eb6C \u0110I\u1ec2M N\u1ed4I B\u1eacT:<br \/>\nC\u00f4ng ngh\u1ec7 hi\u1ec7n \u0111\u1ea1i: B\u00f4ng t\u1ea9y trang Unicharm Silcot \u0111\u01b0\u1ee3c s\u1ea3n xu\u1ea5t theo c\u00f4ng ngh\u1ec7 ti\u00ean ti\u1ebfn, \u0111\u01b0\u1ee3c c\u00e1c chuy\u00ean gia ki\u1ec3m so\u00e1t nghi\u00eam ng\u1eb7t v\u1ec1 ch\u1ea5t l\u01b0\u1ee3ng th\u00e0nh ph\u1ea9m \u0111\u1ea7u v\u00e0o v\u00e0 \u0111\u1ea7u ra. S\u1ea3n ph\u1ea9m \u0111\u1ea3m b\u1ea3o tuy\u1ec7t \u0111\u1ed1i an to\u00e0n cho l\u00e0n da ng\u01b0\u1eddi s\u1eed d\u1ee5ng, \u0111\u1ed3ng th\u1eddi r\u1ea5t th\u00e2n thi\u1ec7n v\u1edbi m\u00f4i tr\u01b0\u1eddng<\/p>\n<p>\u0110\u00f3ng h\u1ed9p ti\u1ec7n l\u1ee3i: B\u00f4ng t\u1ea9y trang \u0111\u01b0\u1ee3c \u0111\u00f3ng h\u1ed9p gi\u1ea5y kh\u00e1 \u0111\u1eb9p m\u1eaft v\u00e0 ti\u1ec7n d\u1ee5ng, b\u1ea1n c\u00f3 th\u1ec3 c\u1ea5t g\u1ecdn v\u00e0 b\u1ea3o qu\u1ea3n d\u1ec5 d\u00e0ng khi ch\u01b0a s\u1eed d\u1ee5ng h\u1ebft. S\u1ea3n ph\u1ea9m l\u00e0 s\u1ef1 l\u1ef1a ch\u1ecdn ho\u00e0n h\u1ea3o cho c\u00e1c b\u1ea1n g\u00e1i \u0111\u1ec3 h\u1ed7 tr\u1ee3 trang \u0111i\u1ec3m.<\/p>\n<p>C\u00d4NG D\u1ee4NG:<br \/>\n&#8211; Gi\u00fap t\u1ea9y trang v\u00e0 l\u00e0m s\u1ea1ch m\u1ecdi b\u1ee5i b\u1ea9n tr\u00ean da<br \/>\n&#8211; Nh\u1eb9 nh\u00e0ng t\u1ea9y s\u1ea1ch to\u00e0n b\u1ed9 l\u00e0n da k\u1ec3 c\u1ea3 v\u00f9ng da nh\u1ea1y c\u1ea3m quanh m\u1eaft v\u00e0 m\u00f4i.<br \/>\n&#8211; Gi\u00fap l\u1ea5y \u0111i l\u1edbp trang \u0111i\u1ec3m 1 c\u00e1ch d\u1ec5 d\u00e0ng nh\u01b0ng v\u1eabn gi\u1eef l\u1ea1i \u0111\u1ed9 \u1ea9m c\u1ea7n thi\u1ebft cho da m\u00e0 kh\u00f4ng g\u00e2y k\u00edch \u1ee9ng hay t\u1ed5n h\u1ea1i da.<\/p>\n<p><a href=\"https:\/\/thanglongbeauty.vn\/wp-content\/uploads\/2025\/10\/bong-tay-trang-silcot-2.png\"><img loading=\"lazy\" decoding=\"async\" class=\"alignnone size-medium wp-image-9579\" src=\"https:\/\/thanglongbeauty.vn\/wp-content\/uploads\/2025\/10\/bong-tay-trang-silcot-2-300x300.png\" alt=\"\" width=\"300\" height=\"300\" srcset=\"https:\/\/thanglongbeauty.vn\/wp-content\/uploads\/2025\/10\/bong-tay-trang-silcot-2-300x300.png 300w, https:\/\/thanglongbeauty.vn\/wp-content\/uploads\/2025\/10\/bong-tay-trang-silcot-2-150x150.png 150w, https:\/\/thanglongbeauty.vn\/wp-content\/uploads\/2025\/10\/bong-tay-trang-silcot-2-768x768.png 768w, https:\/\/thanglongbeauty.vn\/wp-content\/uploads\/2025\/10\/bong-tay-trang-silcot-2-600x600.png 600w, https:\/\/thanglongbeauty.vn\/wp-content\/uploads\/2025\/10\/bong-tay-trang-silcot-2-100x100.png 100w, https:\/\/thanglongbeauty.vn\/wp-content\/uploads\/2025\/10\/bong-tay-trang-silcot-2-64x64.png 64w, https:\/\/thanglongbeauty.vn\/wp-content\/uploads\/2025\/10\/bong-tay-trang-silcot-2.png 900w\" sizes=\"auto, (max-width: 300px) 100vw, 300px\" \/><\/a><\/p>\n<p>H\u01af\u1edaNG D\u1eaaN S\u1eec D\u1ee4NG V\u00c0 B\u1ea2O QU\u1ea2N:<br \/>\n&#8211; Th\u1ea5m mi\u1ebfng b\u00f4ng v\u1edbi n\u01b0\u1edbc hoa h\u1ed3ng, dung d\u1ecbch d\u01b0\u1ee1ng da ho\u1eb7c n\u01b0\u1edbc t\u1ea9y trang.<br \/>\n&#8211; Nh\u1eb9 nh\u00e0ng v\u1ed7 nh\u1eb9 l\u00ean to\u00e0n b\u1ed9 khu\u00f4n m\u1eb7t.<br \/>\n&#8211; B\u1ea3o qu\u1ea3n n\u01a1i kh\u00f4 r\u00e1o, tho\u00e1ng m\u00e1t, tr\u00e1nh \u00e1nh n\u1eafng tr\u1ef1c ti\u1ebfp v\u00e0 nhi\u1ec7t \u0111\u1ed9 cao.<br \/>\n&#8211; \u0110\u1ec3 xa t\u1ea7m tay tr\u1ebb em.<\/p>\n<p><a href=\"https:\/\/thanglongbeauty.vn\/wp-content\/uploads\/2025\/10\/silcot.png\"><img loading=\"lazy\" decoding=\"async\" class=\"alignnone size-medium wp-image-9586\" src=\"https:\/\/thanglongbeauty.vn\/wp-content\/uploads\/2025\/10\/silcot-300x300.png\" alt=\"\" width=\"300\" height=\"300\" srcset=\"https:\/\/thanglongbeauty.vn\/wp-content\/uploads\/2025\/10\/silcot-300x300.png 300w, https:\/\/thanglongbeauty.vn\/wp-content\/uploads\/2025\/10\/silcot-150x150.png 150w, https:\/\/thanglongbeauty.vn\/wp-content\/uploads\/2025\/10\/silcot-768x768.png 768w, https:\/\/thanglongbeauty.vn\/wp-content\/uploads\/2025\/10\/silcot-600x600.png 600w, https:\/\/thanglongbeauty.vn\/wp-content\/uploads\/2025\/10\/silcot-100x100.png 100w, https:\/\/thanglongbeauty.vn\/wp-content\/uploads\/2025\/10\/silcot-64x64.png 64w, https:\/\/thanglongbeauty.vn\/wp-content\/uploads\/2025\/10\/silcot.png 900w\" sizes=\"auto, (max-width: 300px) 100vw, 300px\" \/><\/a><\/p>\n<p>TH\u00d4NG TIN TH\u01af\u01a0NG HI\u1ec6U:<br \/>\nB\u00f4ng trang \u0111i\u1ec3m Silcot \u0111\u01b0\u1ee3c s\u1ea3n xu\u1ea5t b\u1edfi Unicharm Nh\u1eadt B\u1ea3n, nh\u1eadp kh\u1ea9u tr\u1ef1c ti\u1ebfp v\u00e0 ph\u00e2n ph\u1ed1i b\u1edfi Diana Unicharm Vi\u1ec7t Nam. L\u00e0 s\u1ea3n ph\u1ea9m b\u00e1n ch\u1ea1y s\u1ed1 1 t\u1ea1i th\u1ecb tr\u01b0\u1eddng Nh\u1eadt B\u1ea3n trong h\u01a1n 10 n\u0103m li\u00ean ti\u1ebfp (theo s\u1ed1 l<\/p>\n","protected":false},"excerpt":{"rendered":"<p>Th\u0103ng Long_beauty &#8211; C\u00f4ng TY TNHH D\u1ecaCH V\u1ee4 PH\u00c2N PH\u1ed0I TH\u0102NG LONG chuy\u00ean cung c\u1ea5p b\u00f4ng t\u1ea9y trang Sicot ch\u00ednh h\u00e3ng ** B\u1ed9 4 h\u1ed9p B\u00f4ng trang \u0111i\u1ec3m Silcot (82 mi\u1ebfng\/h\u1ed9p) l\u00e0 s\u1ea3n ph\u1ea9m ch\u0103m s\u00f3c da cao c\u1ea5p b\u00e1n ch\u1ea1y s\u1ed1 1 Nh\u1eadt B\u1ea3n trong h\u01a1n 10 n\u0103m li\u1ec1n. \u0110\u01b0\u1ee3c l\u00e0m t\u1eeb 100% s\u1ee3i&#8230;<\/p>\n","protected":false},"featured_media":9582,"comment_status":"open","ping_status":"closed","template":"","meta":[],"product_brand":[1549],"product_cat":[15,1475,1486,1398,1427],"product_tag":[148,532,197,520,212,1664,1665,214,175],"class_list":{"0":"post-9514","1":"product","2":"type-product","3":"status-publish","4":"has-post-thumbnail","6":"product_brand-silcot","7":"product_cat-chua-phan-loai","8":"product_cat-bong-tay-trang","9":"product_cat-bong-tay-trang-2","10":"product_cat-cham-soc-da","11":"product_cat-silcot","12":"product_tag-bong-tay-trang","13":"product_tag-bong-tay-trang-150-mieng","14":"product_tag-bong-tay-trang-222","15":"product_tag-bong-tay-trang-cotton","16":"product_tag-bong-tay-trang-han-quoc","17":"product_tag-bong-tay-trang-quoc-dan","18":"product_tag-bong-tay-trang-silcot","19":"product_tag-cotton-pads","20":"product_tag-silcot","22":"first","23":"instock","24":"sale","25":"shipping-taxable","26":"purchasable","27":"product-type-simple"},"acf":[],"_links":{"self":[{"href":"https:\/\/thanglongbeauty.vn\/index.php?rest_route=\/wp\/v2\/product\/9514","targetHints":{"allow":["GET"]}}],"collection":[{"href":"https:\/\/thanglongbeauty.vn\/index.php?rest_route=\/wp\/v2\/product"}],"about":[{"href":"https:\/\/thanglongbeauty.vn\/index.php?rest_route=\/wp\/v2\/types\/product"}],"replies":[{"embeddable":true,"href":"https:\/\/thanglongbeauty.vn\/index.php?rest_route=%2Fwp%2Fv2%2Fcomments&post=9514"}],"wp:featuredmedia":[{"embeddable":true,"href":"https:\/\/thanglongbeauty.vn\/index.php?rest_route=\/wp\/v2\/media\/9582"}],"wp:attachment":[{"href":"https:\/\/thanglongbeauty.vn\/index.php?rest_route=%2Fwp%2Fv2%2Fmedia&parent=9514"}],"wp:term":[{"taxonomy":"product_brand","embeddable":true,"href":"https:\/\/thanglongbeauty.vn\/index.php?rest_route=%2Fwp%2Fv2%2Fproduct_brand&post=9514"},{"taxonomy":"product_cat","embeddable":true,"href":"https:\/\/thanglongbeauty.vn\/index.php?rest_route=%2Fwp%2Fv2%2Fproduct_cat&post=9514"},{"taxonomy":"product_tag","embeddable":true,"href":"https:\/\/thanglongbeauty.vn\/index.php?rest_route=%2Fwp%2Fv2%2Fproduct_tag&post=9514"}],"curies":[{"name":"wp","href":"https:\/\/api.w.org\/{rel}","templated":true}]}}