{"id":9516,"date":"2025-10-20T11:28:08","date_gmt":"2025-10-20T11:28:08","guid":{"rendered":"https:\/\/thanglongbeauty.vn\/?post_type=product&#038;p=9516"},"modified":"2025-10-25T06:58:46","modified_gmt":"2025-10-25T06:58:46","slug":"dung-dich-ve-sinh-phu-nu-ume","status":"publish","type":"product","link":"https:\/\/thanglongbeauty.vn\/?product=dung-dich-ve-sinh-phu-nu-ume","title":{"rendered":"Dung d\u1ecbch v\u1ec7 sinh ph\u1ee5 n\u1eef Ume"},"content":{"rendered":"<p>Dung d\u1ecbch v\u1ec7 sinh T\u00eda T\u00f4 UME Nano B\u1ea1c<\/p>\n<p>Dung D\u1ecbch V\u1ec7 Sinh T\u00eda T\u00f4 UME Nano B\u1ea1c l\u00e0 s\u1ea3n ph\u1ea9m dung d\u1ecbch v\u1ec7 sinh t\u1eeb thi\u00ean nhi\u00ean mang th\u01b0\u01a1ng hi\u1ec7u c\u1ee7a ng\u01b0\u1eddi m\u1eabu Ng\u1ecdc Trinh, Dung D\u1ecbch V\u1ec7 Sinh Ph\u1ee5 N\u1eef T\u00eda T\u00f4 \u0111\u01b0\u1ee3c c\u00f4ng ty UME c\u1ee7a ng\u01b0\u1eddi m\u1eabu Ng\u1ecdc Trinh nghi\u00ean c\u1ee9u s\u1ea3n xu\u1ea5t v\u00e0 ph\u00e2n ph\u1ed1i ch\u00ednh h\u00e3ng tr\u00ean to\u00e0n qu\u1ed1c. V\u00ec v\u1eady, Dung D\u1ecbch V\u1ec7 Sinh Ph\u1ee5 N\u1eef T\u00eda T\u00f4 UME c\u00f2n c\u00f3 c\u00e1c t\u00ean g\u1ecdi kh\u00e1c l\u00e0 dung d\u1ecbch v\u1ec7 sinh Ng\u1ecdc Trinh, dung d\u1ecbch v\u1ec7 sinh UME, dung d\u1ecbch v\u1ec7 sinh t\u00eda t\u00f4 Ng\u1ecdc Trinh, dung d\u1ecbch v\u1ec7 sinh t\u00eda t\u00f4 Nano B\u1ea1c, UME Ng\u1ecdc Trinh, t\u00eda t\u00f4 ng\u1ecdc trinh, dung d\u1ecbch v\u1ec7 sinh ph\u1ee5 n\u1eef ng\u1ecdc trinh, dung d\u1ecbch v\u1ec7 sinh ph\u1ee5 n\u1eef t\u00eda t\u00f4 ume, dung d\u1ecbch t\u00eda t\u00f4 ng\u1ecdc trinh, ddvs t\u00eda t\u00f4 ng\u1ecdc trinh, dung d\u1ecbch v\u1ec7 sinh ume t\u00eda t\u00f4, dung d\u1ecbch v\u1ec7 sinh ph\u1ee5 n\u1eef t\u00eda t\u00f4 ng\u1ecdc trinh, dung d\u1ecbch v\u1ec7 sinh c\u1ee7a ng\u1ecdc trinh, dung d\u1ecbch v\u1ec7 sinh ph\u1ee5 n\u1eef ume, dung d\u1ecbch v\u1ec7 sinh ph\u1ee5 n\u1eef ume t\u00eda t\u00f4, ume dung d\u1ecbch v\u1ec7 sinh ph\u1ee5 n\u1eef, \u2026<\/p>\n<p>&nbsp;<\/p>\n<p><a href=\"https:\/\/thanglongbeauty.vn\/wp-content\/uploads\/2025\/10\/DUNG-DICH-VE-SINH.png\"><img loading=\"lazy\" decoding=\"async\" class=\"alignnone size-medium wp-image-9687\" src=\"https:\/\/thanglongbeauty.vn\/wp-content\/uploads\/2025\/10\/DUNG-DICH-VE-SINH-300x300.png\" alt=\"\" width=\"300\" height=\"300\" srcset=\"https:\/\/thanglongbeauty.vn\/wp-content\/uploads\/2025\/10\/DUNG-DICH-VE-SINH-300x300.png 300w, https:\/\/thanglongbeauty.vn\/wp-content\/uploads\/2025\/10\/DUNG-DICH-VE-SINH-150x150.png 150w, https:\/\/thanglongbeauty.vn\/wp-content\/uploads\/2025\/10\/DUNG-DICH-VE-SINH-768x768.png 768w, https:\/\/thanglongbeauty.vn\/wp-content\/uploads\/2025\/10\/DUNG-DICH-VE-SINH-600x600.png 600w, https:\/\/thanglongbeauty.vn\/wp-content\/uploads\/2025\/10\/DUNG-DICH-VE-SINH-100x100.png 100w, https:\/\/thanglongbeauty.vn\/wp-content\/uploads\/2025\/10\/DUNG-DICH-VE-SINH-64x64.png 64w, https:\/\/thanglongbeauty.vn\/wp-content\/uploads\/2025\/10\/DUNG-DICH-VE-SINH.png 900w\" sizes=\"auto, (max-width: 300px) 100vw, 300px\" \/><\/a> <a href=\"https:\/\/thanglongbeauty.vn\/wp-content\/uploads\/2025\/10\/DUNG-DICH-VE-SINH-TIA-TO-2.png\"><img loading=\"lazy\" decoding=\"async\" class=\"alignnone size-medium wp-image-9690\" src=\"https:\/\/thanglongbeauty.vn\/wp-content\/uploads\/2025\/10\/DUNG-DICH-VE-SINH-TIA-TO-2-300x300.png\" alt=\"\" width=\"300\" height=\"300\" srcset=\"https:\/\/thanglongbeauty.vn\/wp-content\/uploads\/2025\/10\/DUNG-DICH-VE-SINH-TIA-TO-2-300x300.png 300w, https:\/\/thanglongbeauty.vn\/wp-content\/uploads\/2025\/10\/DUNG-DICH-VE-SINH-TIA-TO-2-150x150.png 150w, https:\/\/thanglongbeauty.vn\/wp-content\/uploads\/2025\/10\/DUNG-DICH-VE-SINH-TIA-TO-2-768x768.png 768w, https:\/\/thanglongbeauty.vn\/wp-content\/uploads\/2025\/10\/DUNG-DICH-VE-SINH-TIA-TO-2-600x600.png 600w, https:\/\/thanglongbeauty.vn\/wp-content\/uploads\/2025\/10\/DUNG-DICH-VE-SINH-TIA-TO-2-100x100.png 100w, https:\/\/thanglongbeauty.vn\/wp-content\/uploads\/2025\/10\/DUNG-DICH-VE-SINH-TIA-TO-2-64x64.png 64w, https:\/\/thanglongbeauty.vn\/wp-content\/uploads\/2025\/10\/DUNG-DICH-VE-SINH-TIA-TO-2.png 900w\" sizes=\"auto, (max-width: 300px) 100vw, 300px\" \/><\/a><\/p>\n<p>Dung D\u1ecbch V\u1ec7 Sinh T\u00eda T\u00f4 UME Nano B\u1ea1c \u0111\u01b0\u1ee3c nghi\u00ean c\u1ee9u ph\u00e1t tri\u1ec3n chuy\u00ean s\u00e2u \u0111\u1ec3 ch\u0103m s\u00f3c ph\u1ee5 khoa cho ph\u1ee5 n\u1eef v\u1edbi nhi\u1ec1u \u01b0u \u0111i\u1ec3m v\u01b0\u1ee3t tr\u1ed9i h\u01a1n c\u00e1c s\u1ea3n ph\u1ea9m dung d\u1ecbch v\u1ec7 sinh kh\u00e1c tr\u00ean th\u1ecb tr\u01b0\u1eddng. Dung d\u1ecbch v\u1ec7 sinh T\u00eda T\u00f4 UME cung c\u1ea5p acid lactic \u0111\u1ec3 duy tr\u00ec \u0111\u1ed9 pH ph\u00f9 h\u1ee3p c\u1ee7a \u00e2m \u0111\u1ea1o, gi\u00fap duy tr\u00ec s\u1ee9c kh\u1ecfe v\u00e0 t\u0103ng s\u1ee9c \u0111\u1ec1 kh\u00e1ng. \u0110\u1ed3ng th\u1eddi, c\u00e1c th\u00e0nh ph\u1ea7n kh\u00e1ng khu\u1ea9n nh\u01b0 chi\u1ebft xu\u1ea5t tinh ch\u1ea5t T\u00eda t\u00f4 gi\u00fap gi\u1ea3m ng\u1ee9a v\u00e0 ng\u0103n ng\u1eeba vi\u00eam nhi\u1ec5m hi\u1ec7u qu\u1ea3.<\/p>\n<p>C\u00f4ng d\u1ee5ng dung d\u1ecbch v\u1ec7 sinh T\u00eda T\u00f4 UME<br \/>\nC\u00e1c c\u00f4ng d\u1ee5ng tuy\u1ec7t v\u1eddi c\u1ee7a Dung D\u1ecbch V\u1ec7 Sinh Ph\u1ee5 N\u1eef T\u00eda T\u00f4 UME:<\/p>\n<p>C\u00e2n b\u1eb1ng \u0111\u1ed9 pH.<br \/>\nNg\u0103n ng\u1eeba, l\u00e0m s\u1ea1ch vi khu\u1ea9n g\u00e2y vi\u00eam nhi\u1ec5m, n\u1ea5m ng\u1ee9a.<br \/>\nL\u00e0m gi\u1ea3m c\u00e1c tri\u1ec7u ch\u1ee9ng c\u1ee7a b\u1ec7nh vi\u00eam nhi\u1ec5m n\u1ea5m ng\u1ee9a, vi\u00eam \u00e2m \u0111\u1ea1o.<br \/>\nL\u00e0m s\u1ea1ch, kh\u1eed m\u00f9i h\u00f4i, gi\u1eef m\u00f9i th\u01a1m v\u00f9ng k\u00edn trong su\u1ed1t 24h.<br \/>\nDuy tr\u00ec \u0111\u1ed9 \u1ea9m t\u1ef1 nhi\u00ean, l\u00e0m h\u1ed3ng h\u00e0o, m\u1ec1m m\u1ea1i b\u1ec1 m\u1eb7t da v\u00f9ng k\u00edn.<br \/>\nH\u1ed7 tr\u1ee3 gi\u1ea3m thi\u1ec3u c\u00e1c tri\u1ec7u ch\u1ee9ng ngo\u00e0i da khi v\u00f9ng k\u00edn nhi\u1ec5m b\u1ec7nh nh\u01b0 vi\u00eam c\u1ed5 t\u1eed cung, vi\u00eam nhi\u1ec5m ph\u1ee5 khoa, n\u1ea5m ng\u1ee9a ph\u1ee5 khoa, vi\u00eam l\u1ed9 tuy\u1ebfn c\u1ed5 t\u1eed cung\u2026<br \/>\nL\u00e0m h\u1ed3ng, tr\u1ebb h\u00f3a v\u00f9ng k\u00edn.<br \/>\nC\u1ea5p \u1ea9m l\u00e0m gi\u1ea3m t\u00ecnh tr\u1ea1ng kh\u00f4 \u00e2m \u0111\u1ea1o.<br \/>\n<a href=\"https:\/\/thanglongbeauty.vn\/wp-content\/uploads\/2025\/10\/7-1.png\"><img loading=\"lazy\" decoding=\"async\" class=\"alignnone size-medium wp-image-9686\" src=\"https:\/\/thanglongbeauty.vn\/wp-content\/uploads\/2025\/10\/7-1-300x300.png\" alt=\"\" width=\"300\" height=\"300\" srcset=\"https:\/\/thanglongbeauty.vn\/wp-content\/uploads\/2025\/10\/7-1-300x300.png 300w, https:\/\/thanglongbeauty.vn\/wp-content\/uploads\/2025\/10\/7-1-150x150.png 150w, https:\/\/thanglongbeauty.vn\/wp-content\/uploads\/2025\/10\/7-1-768x768.png 768w, https:\/\/thanglongbeauty.vn\/wp-content\/uploads\/2025\/10\/7-1-600x600.png 600w, https:\/\/thanglongbeauty.vn\/wp-content\/uploads\/2025\/10\/7-1-100x100.png 100w, https:\/\/thanglongbeauty.vn\/wp-content\/uploads\/2025\/10\/7-1-64x64.png 64w, https:\/\/thanglongbeauty.vn\/wp-content\/uploads\/2025\/10\/7-1.png 900w\" sizes=\"auto, (max-width: 300px) 100vw, 300px\" \/><\/a> <a href=\"https:\/\/thanglongbeauty.vn\/wp-content\/uploads\/2025\/10\/DUNG-DICH-VE-SINH-NGOC-TRINH.png\"><img loading=\"lazy\" decoding=\"async\" class=\"alignnone size-medium wp-image-9688\" src=\"https:\/\/thanglongbeauty.vn\/wp-content\/uploads\/2025\/10\/DUNG-DICH-VE-SINH-NGOC-TRINH-300x300.png\" alt=\"\" width=\"300\" height=\"300\" srcset=\"https:\/\/thanglongbeauty.vn\/wp-content\/uploads\/2025\/10\/DUNG-DICH-VE-SINH-NGOC-TRINH-300x300.png 300w, https:\/\/thanglongbeauty.vn\/wp-content\/uploads\/2025\/10\/DUNG-DICH-VE-SINH-NGOC-TRINH-150x150.png 150w, https:\/\/thanglongbeauty.vn\/wp-content\/uploads\/2025\/10\/DUNG-DICH-VE-SINH-NGOC-TRINH-768x768.png 768w, https:\/\/thanglongbeauty.vn\/wp-content\/uploads\/2025\/10\/DUNG-DICH-VE-SINH-NGOC-TRINH-600x600.png 600w, https:\/\/thanglongbeauty.vn\/wp-content\/uploads\/2025\/10\/DUNG-DICH-VE-SINH-NGOC-TRINH-100x100.png 100w, https:\/\/thanglongbeauty.vn\/wp-content\/uploads\/2025\/10\/DUNG-DICH-VE-SINH-NGOC-TRINH-64x64.png 64w, https:\/\/thanglongbeauty.vn\/wp-content\/uploads\/2025\/10\/DUNG-DICH-VE-SINH-NGOC-TRINH.png 900w\" sizes=\"auto, (max-width: 300px) 100vw, 300px\" \/><\/a><\/p>\n<p>&nbsp;<\/p>\n","protected":false},"excerpt":{"rendered":"<p>Dung d\u1ecbch v\u1ec7 sinh T\u00eda T\u00f4 UME Nano B\u1ea1c Dung D\u1ecbch V\u1ec7 Sinh T\u00eda T\u00f4 UME Nano B\u1ea1c l\u00e0 s\u1ea3n ph\u1ea9m dung d\u1ecbch v\u1ec7 sinh t\u1eeb thi\u00ean nhi\u00ean mang th\u01b0\u01a1ng hi\u1ec7u c\u1ee7a ng\u01b0\u1eddi m\u1eabu Ng\u1ecdc Trinh, Dung D\u1ecbch V\u1ec7 Sinh Ph\u1ee5 N\u1eef T\u00eda T\u00f4 \u0111\u01b0\u1ee3c c\u00f4ng ty UME c\u1ee7a ng\u01b0\u1eddi m\u1eabu Ng\u1ecdc Trinh nghi\u00ean c\u1ee9u&#8230;<\/p>\n","protected":false},"featured_media":9691,"comment_status":"open","ping_status":"closed","template":"","meta":[],"product_brand":[1650],"product_cat":[15,1480,1414],"product_tag":[1641,192,1640,1634,193,1638,1637,1635,1639,1636],"class_list":{"0":"post-9516","1":"product","2":"type-product","3":"status-publish","4":"has-post-thumbnail","6":"product_brand-ume","7":"product_cat-chua-phan-loai","8":"product_cat-dung-dich-ve-sinh","9":"product_cat-suc-khoe-phu-khoa","10":"product_tag-dung-dich-ve-sinh-diana","11":"product_tag-dung-dich-ve-sinh-hanayuki","12":"product_tag-dung-dich-ve-sinh-lactacyd","13":"product_tag-dung-dich-ve-sinh-nam","14":"product_tag-dung-dich-ve-sinh-phu-nu","15":"product_tag-dung-dich-ve-sinh-phu-nu-bac-si-khuyen-dung","16":"product_tag-dung-dich-ve-sinh-phu-nu-femfresh","17":"product_tag-dung-dich-ve-sinh-phu-nu-intima","18":"product_tag-dung-dich-ve-sinh-phu-nu-lactacyd","19":"product_tag-dung-dich-ve-sinh-phu-nu-tot-nhat","21":"first","22":"onbackorder","23":"sale","24":"shipping-taxable","25":"purchasable","26":"product-type-simple"},"acf":[],"_links":{"self":[{"href":"https:\/\/thanglongbeauty.vn\/index.php?rest_route=\/wp\/v2\/product\/9516","targetHints":{"allow":["GET"]}}],"collection":[{"href":"https:\/\/thanglongbeauty.vn\/index.php?rest_route=\/wp\/v2\/product"}],"about":[{"href":"https:\/\/thanglongbeauty.vn\/index.php?rest_route=\/wp\/v2\/types\/product"}],"replies":[{"embeddable":true,"href":"https:\/\/thanglongbeauty.vn\/index.php?rest_route=%2Fwp%2Fv2%2Fcomments&post=9516"}],"wp:featuredmedia":[{"embeddable":true,"href":"https:\/\/thanglongbeauty.vn\/index.php?rest_route=\/wp\/v2\/media\/9691"}],"wp:attachment":[{"href":"https:\/\/thanglongbeauty.vn\/index.php?rest_route=%2Fwp%2Fv2%2Fmedia&parent=9516"}],"wp:term":[{"taxonomy":"product_brand","embeddable":true,"href":"https:\/\/thanglongbeauty.vn\/index.php?rest_route=%2Fwp%2Fv2%2Fproduct_brand&post=9516"},{"taxonomy":"product_cat","embeddable":true,"href":"https:\/\/thanglongbeauty.vn\/index.php?rest_route=%2Fwp%2Fv2%2Fproduct_cat&post=9516"},{"taxonomy":"product_tag","embeddable":true,"href":"https:\/\/thanglongbeauty.vn\/index.php?rest_route=%2Fwp%2Fv2%2Fproduct_tag&post=9516"}],"curies":[{"name":"wp","href":"https:\/\/api.w.org\/{rel}","templated":true}]}}